{"id":5237,"date":"2024-07-02T08:24:44","date_gmt":"2024-07-02T08:24:44","guid":{"rendered":"https:\/\/provision-isr-sverige.se\/?page_id=5237"},"modified":"2024-09-23T13:31:20","modified_gmt":"2024-09-23T13:31:20","slug":"videoloft","status":"publish","type":"page","link":"https:\/\/provision-isr-sverige.se\/en\/videoloft\/","title":{"rendered":"Videoloft"},"content":{"rendered":"<div data-elementor-type=\"wp-page\" data-elementor-id=\"5237\" class=\"elementor elementor-5237\" data-elementor-post-type=\"page\">\n\t\t\t\t\t\t<section class=\"elementor-section elementor-top-section elementor-element elementor-element-4b35d37 elementor-section-boxed elementor-section-height-default elementor-section-height-default\" data-id=\"4b35d37\" data-element_type=\"section\" data-e-type=\"section\">\n\t\t\t\t\t\t<div class=\"elementor-container elementor-column-gap-default\">\n\t\t\t\t\t<div class=\"elementor-column elementor-col-100 elementor-top-column elementor-element elementor-element-f61425e\" data-id=\"f61425e\" data-element_type=\"column\" data-e-type=\"column\">\n\t\t\t<div class=\"elementor-widget-wrap elementor-element-populated\">\n\t\t\t\t\t\t<div class=\"elementor-element elementor-element-94a11d7 elementor-widget elementor-widget-heading\" data-id=\"94a11d7\" data-element_type=\"widget\" data-e-type=\"widget\" data-widget_type=\"heading.default\">\n\t\t\t\t<div class=\"elementor-widget-container\">\n\t\t\t\t\t<h2 class=\"elementor-heading-title elementor-size-default\"><a href=\"https:\/\/videoloft.com\/?\">.Videoloft<\/a><\/h2>\t\t\t\t<\/div>\n\t\t\t\t<\/div>\n\t\t\t\t\t<\/div>\n\t\t<\/div>\n\t\t\t\t\t<\/div>\n\t\t<\/section>\n\t\t\t\t<section class=\"elementor-section elementor-top-section elementor-element elementor-element-8016e52 elementor-section-boxed elementor-section-height-default elementor-section-height-default\" data-id=\"8016e52\" data-element_type=\"section\" data-e-type=\"section\">\n\t\t\t\t\t\t<div class=\"elementor-container elementor-column-gap-default\">\n\t\t\t\t\t<div class=\"elementor-column elementor-col-100 elementor-top-column elementor-element elementor-element-1652e49\" data-id=\"1652e49\" data-element_type=\"column\" data-e-type=\"column\">\n\t\t\t<div class=\"elementor-widget-wrap elementor-element-populated\">\n\t\t\t\t\t\t<div class=\"elementor-element elementor-element-9be07d0 elementor-position-top elementor-widget elementor-widget-image-box\" data-id=\"9be07d0\" data-element_type=\"widget\" data-e-type=\"widget\" data-widget_type=\"image-box.default\">\n\t\t\t\t<div class=\"elementor-widget-container\">\n\t\t\t\t\t<div class=\"elementor-image-box-wrapper\"><figure class=\"elementor-image-box-img\"><a href=\"https:\/\/videoloft.com\/?\" tabindex=\"-1\"><img decoding=\"async\" width=\"154\" height=\"145\" src=\"https:\/\/provision-isr-sverige.se\/wp-content\/uploads\/2024\/09\/logga.png\" class=\"attachment-full size-full wp-image-5265\" alt=\"logga\" srcset=\"https:\/\/provision-isr-sverige.se\/wp-content\/uploads\/2024\/09\/logga.png 154w, https:\/\/provision-isr-sverige.se\/wp-content\/uploads\/2024\/09\/logga-13x12.png 13w\" sizes=\"(max-width: 154px) 100vw, 154px\" \/><\/a><\/figure><div class=\"elementor-image-box-content\"><h3 class=\"elementor-image-box-title\"><a href=\"https:\/\/videoloft.com\/?\">Registrera dig till molnet<\/a><\/h3><p class=\"elementor-image-box-description\">Klicka p\u00e5 l\u00e4nken s\u00e5 kommer du direkt in p\u00e5 Safe-tech:s sida att kunna registrera dig till Videolofts molntj\u00e4nst.<\/p><\/div><\/div>\t\t\t\t<\/div>\n\t\t\t\t<\/div>\n\t\t\t\t\t<\/div>\n\t\t<\/div>\n\t\t\t\t\t<\/div>\n\t\t<\/section>\n\t\t\t\t<section class=\"elementor-section elementor-top-section elementor-element elementor-element-f227796 elementor-section-boxed elementor-section-height-default elementor-section-height-default\" data-id=\"f227796\" data-element_type=\"section\" data-e-type=\"section\">\n\t\t\t\t\t\t<div class=\"elementor-container elementor-column-gap-default\">\n\t\t\t\t\t<div class=\"elementor-column elementor-col-50 elementor-top-column elementor-element elementor-element-fa3e7ab\" data-id=\"fa3e7ab\" data-element_type=\"column\" data-e-type=\"column\">\n\t\t\t<div class=\"elementor-widget-wrap elementor-element-populated\">\n\t\t\t\t\t\t<div class=\"elementor-element elementor-element-ad07369 elementor-widget elementor-widget-image\" data-id=\"ad07369\" data-element_type=\"widget\" data-e-type=\"widget\" data-widget_type=\"image.default\">\n\t\t\t\t<div class=\"elementor-widget-container\">\n\t\t\t\t\t\t\t\t\t\t\t\t\t\t\t<img fetchpriority=\"high\" decoding=\"async\" width=\"671\" height=\"948\" src=\"https:\/\/provision-isr-sverige.se\/wp-content\/uploads\/2024\/08\/videoloft-safe.png\" class=\"attachment-large size-large wp-image-5251\" alt=\"videoloft safe\" srcset=\"https:\/\/provision-isr-sverige.se\/wp-content\/uploads\/2024\/08\/videoloft-safe.png 671w, https:\/\/provision-isr-sverige.se\/wp-content\/uploads\/2024\/08\/videoloft-safe-212x300.png 212w, https:\/\/provision-isr-sverige.se\/wp-content\/uploads\/2024\/08\/videoloft-safe-8x12.png 8w\" sizes=\"(max-width: 671px) 100vw, 671px\" \/>\t\t\t\t\t\t\t\t\t\t\t\t\t\t\t<\/div>\n\t\t\t\t<\/div>\n\t\t\t\t\t<\/div>\n\t\t<\/div>\n\t\t\t\t<div class=\"elementor-column elementor-col-50 elementor-top-column elementor-element elementor-element-7433931\" data-id=\"7433931\" data-element_type=\"column\" data-e-type=\"column\">\n\t\t\t<div class=\"elementor-widget-wrap elementor-element-populated\">\n\t\t\t\t\t\t<div class=\"elementor-element elementor-element-f967c0d elementor-widget elementor-widget-image\" data-id=\"f967c0d\" data-element_type=\"widget\" data-e-type=\"widget\" data-widget_type=\"image.default\">\n\t\t\t\t<div class=\"elementor-widget-container\">\n\t\t\t\t\t\t\t\t\t\t\t\t\t\t\t<img decoding=\"async\" width=\"669\" height=\"947\" src=\"https:\/\/provision-isr-sverige.se\/wp-content\/uploads\/2024\/08\/videoloft-tech.png\" class=\"attachment-large size-large wp-image-5252\" alt=\"videoloft tech\" srcset=\"https:\/\/provision-isr-sverige.se\/wp-content\/uploads\/2024\/08\/videoloft-tech.png 669w, https:\/\/provision-isr-sverige.se\/wp-content\/uploads\/2024\/08\/videoloft-tech-212x300.png 212w, https:\/\/provision-isr-sverige.se\/wp-content\/uploads\/2024\/08\/videoloft-tech-8x12.png 8w\" sizes=\"(max-width: 669px) 100vw, 669px\" \/>\t\t\t\t\t\t\t\t\t\t\t\t\t\t\t<\/div>\n\t\t\t\t<\/div>\n\t\t\t\t\t<\/div>\n\t\t<\/div>\n\t\t\t\t\t<\/div>\n\t\t<\/section>\n\t\t\t\t<section class=\"elementor-section elementor-top-section elementor-element elementor-element-af41864 elementor-section-boxed elementor-section-height-default elementor-section-height-default\" data-id=\"af41864\" data-element_type=\"section\" data-e-type=\"section\">\n\t\t\t\t\t\t<div class=\"elementor-container elementor-column-gap-default\">\n\t\t\t\t\t<div class=\"elementor-column elementor-col-100 elementor-top-column elementor-element elementor-element-42bb319\" data-id=\"42bb319\" data-element_type=\"column\" data-e-type=\"column\">\n\t\t\t<div class=\"elementor-widget-wrap elementor-element-populated\">\n\t\t\t\t\t\t<div class=\"elementor-element elementor-element-16931b7 elementor-widget elementor-widget-text-editor\" data-id=\"16931b7\" data-element_type=\"widget\" data-e-type=\"widget\" data-widget_type=\"text-editor.default\">\n\t\t\t\t<div class=\"elementor-widget-container\">\n\t\t\t\t\t\t\t\t\t<p>Videoloft is an innovative solution, a cloud-based service with a monthly cost and no commitment period. But choose how long you want your recorded material to be saved, 1 month or maybe several years, without it being overwritten by something else.<\/p><div data-highlightable=\"1\">\u00a0Everything is in one app and you can have your cameras anywhere, no NVRs or DVRs required. The remote monitoring gives you the freedom to easily access all your surveillance cameras from anywhere in the world. Whether you have one camera on site or thousands of cameras in multiple locations, Videoloft's mobile app allows you to stay connected, wherever you are, and access all your security footage in one place, seamlessly and securely, in real time.<\/div>\t\t\t\t\t\t\t\t<\/div>\n\t\t\t\t<\/div>\n\t\t\t\t\t<\/div>\n\t\t<\/div>\n\t\t\t\t\t<\/div>\n\t\t<\/section>\n\t\t\t\t<section class=\"elementor-section elementor-top-section elementor-element elementor-element-5e852b8 elementor-section-boxed elementor-section-height-default elementor-section-height-default\" data-id=\"5e852b8\" data-element_type=\"section\" data-e-type=\"section\">\n\t\t\t\t\t\t<div class=\"elementor-container elementor-column-gap-default\">\n\t\t\t\t\t<div class=\"elementor-column elementor-col-100 elementor-top-column elementor-element elementor-element-6af62b0\" data-id=\"6af62b0\" data-element_type=\"column\" data-e-type=\"column\">\n\t\t\t<div class=\"elementor-widget-wrap elementor-element-populated\">\n\t\t\t\t\t\t<div class=\"elementor-element elementor-element-3995a37 elementor-widget elementor-widget-image\" data-id=\"3995a37\" data-element_type=\"widget\" data-e-type=\"widget\" data-widget_type=\"image.default\">\n\t\t\t\t<div class=\"elementor-widget-container\">\n\t\t\t\t\t\t\t\t\t\t\t\t\t\t\t<img loading=\"lazy\" decoding=\"async\" width=\"1008\" height=\"610\" src=\"https:\/\/provision-isr-sverige.se\/wp-content\/uploads\/2024\/09\/videoloft.png\" class=\"attachment-large size-large wp-image-5261\" alt=\"videoloft\" srcset=\"https:\/\/provision-isr-sverige.se\/wp-content\/uploads\/2024\/09\/videoloft.png 1008w, https:\/\/provision-isr-sverige.se\/wp-content\/uploads\/2024\/09\/videoloft-300x182.png 300w, https:\/\/provision-isr-sverige.se\/wp-content\/uploads\/2024\/09\/videoloft-768x465.png 768w, https:\/\/provision-isr-sverige.se\/wp-content\/uploads\/2024\/09\/videoloft-18x12.png 18w\" sizes=\"(max-width: 1008px) 100vw, 1008px\" \/>\t\t\t\t\t\t\t\t\t\t\t\t\t\t\t<\/div>\n\t\t\t\t<\/div>\n\t\t\t\t\t<\/div>\n\t\t<\/div>\n\t\t\t\t\t<\/div>\n\t\t<\/section>\n\t\t\t\t<section class=\"elementor-section elementor-top-section elementor-element elementor-element-c7f9fe1 elementor-section-boxed elementor-section-height-default elementor-section-height-default\" data-id=\"c7f9fe1\" data-element_type=\"section\" data-e-type=\"section\">\n\t\t\t\t\t\t<div class=\"elementor-container elementor-column-gap-default\">\n\t\t\t\t\t<div class=\"elementor-column elementor-col-100 elementor-top-column elementor-element elementor-element-79cc42e\" data-id=\"79cc42e\" data-element_type=\"column\" data-e-type=\"column\">\n\t\t\t<div class=\"elementor-widget-wrap elementor-element-populated\">\n\t\t\t\t\t\t<div class=\"elementor-element elementor-element-1ed8aee elementor-widget elementor-widget-text-editor\" data-id=\"1ed8aee\" data-element_type=\"widget\" data-e-type=\"widget\" data-widget_type=\"text-editor.default\">\n\t\t\t\t<div class=\"elementor-widget-container\">\n\t\t\t\t\t\t\t\t\t<p>The ultimate video surveillance solution in the cloud!<\/p><div data-highlightable=\"1\">Storing with NVRs or DVRs may be sufficient as a primary storage method, but there are some associated costs. This requires, among other things, initial costs for purchase and installation. Fixed storage capacity, which means you can pay for more than you need or the storage space is not enough. This can require costly maintenance and sometimes even repair costs.\u00a0<\/div><div data-highlightable=\"1\">Besides being expensive, it can also come with other costs or mishaps. Storing locally can mean that when the storage limit is reached, it can get so bad that, without warning, your material is overplayed. Most local recorders then do not warn when they start overdubbing, stop recording, or encounter some other error.\u00a0<\/div><div data-highlightable=\"1\">And even if your recorder allows you to view images remotely, these often require port forwarding, leaving your system vulnerable to infiltration.<\/div><div data-highlightable=\"1\">Finally, storing images from multiple cameras in different locations can make it difficult to view and manage your images, it also becomes very expensive to record to all your sites.<\/div>\t\t\t\t\t\t\t\t<\/div>\n\t\t\t\t<\/div>\n\t\t\t\t\t<\/div>\n\t\t<\/div>\n\t\t\t\t\t<\/div>\n\t\t<\/section>\n\t\t\t\t<section class=\"elementor-section elementor-top-section elementor-element elementor-element-013d0bf elementor-section-boxed elementor-section-height-default elementor-section-height-default\" data-id=\"013d0bf\" data-element_type=\"section\" data-e-type=\"section\">\n\t\t\t\t\t\t<div class=\"elementor-container elementor-column-gap-default\">\n\t\t\t\t\t<div class=\"elementor-column elementor-col-100 elementor-top-column elementor-element elementor-element-7281523\" data-id=\"7281523\" data-element_type=\"column\" data-e-type=\"column\">\n\t\t\t<div class=\"elementor-widget-wrap elementor-element-populated\">\n\t\t\t\t\t\t<div class=\"elementor-element elementor-element-a05beb6 elementor-widget elementor-widget-text-editor\" data-id=\"a05beb6\" data-element_type=\"widget\" data-e-type=\"widget\" data-widget_type=\"text-editor.default\">\n\t\t\t\t<div class=\"elementor-widget-container\">\n\t\t\t\t\t\t\t\t\t<div class=\"c4266\" data-highlightable=\"1\"><b data-highlightable=\"1\">Save on cloud service!<\/b><\/div>\n<div class=\"c3235\" data-highlightable=\"1\"><p>But how much does this cloud service cost?<\/p>\n<div data-highlightable=\"1\">Pricing for Videoloft cloud varies depending on two key variables - How long you want to store your video and in what resolution you want your video to be recorded.<\/div>\n<div data-highlightable=\"1\">&nbsp;<\/div>\n<div data-highlightable=\"1\">Du kan skapa din plan f\u00f6r att se hur mycket din molnplan skulle kosta, och \u00e4ven hur m\u00e5nga Videoloft Cloud Adapters du beh\u00f6ver och priset f\u00f6r dem.&nbsp;<\/div>\n<div data-highlightable=\"1\">&nbsp;<\/div>\n<div data-highlightable=\"1\">First of all, you can choose your cloud subscription and start your 30-day trial today. You can cancel it at any time.&nbsp;<\/div>\n<\/div>\t\t\t\t\t\t\t\t<\/div>\n\t\t\t\t<\/div>\n\t\t\t\t\t<\/div>\n\t\t<\/div>\n\t\t\t\t\t<\/div>\n\t\t<\/section>\n\t\t\t\t<\/div>","protected":false},"excerpt":{"rendered":"<p>.Videoloft Registrera dig till molnet Klicka p\u00e5 l\u00e4nken s\u00e5 kommer du direkt in p\u00e5 Safe-tech:s sida att kunna registrera dig till Videolofts molntj\u00e4nst. Videoloft \u00e4r en innovativ l\u00f6sning, en molnbaserad tj\u00e4nst med m\u00e5natlig kostnad utan bindningstid. Men v\u00e4lj hur l\u00e4nge du vill att du ska spara ditt inspelade material, 1 m\u00e5nad eller kanske flera \u00e5r, [&hellip;]<\/p>\n","protected":false},"author":2,"featured_media":0,"parent":0,"menu_order":0,"comment_status":"closed","ping_status":"closed","template":"","meta":{"site-sidebar-layout":"no-sidebar","site-content-layout":"","ast-site-content-layout":"full-width-container","site-content-style":"default","site-sidebar-style":"default","ast-global-header-display":"","ast-banner-title-visibility":"","ast-main-header-display":"","ast-hfb-above-header-display":"","ast-hfb-below-header-display":"","ast-hfb-mobile-header-display":"","site-post-title":"disabled","ast-breadcrumbs-content":"","ast-featured-img":"disabled","footer-sml-layout":"","ast-disable-related-posts":"","theme-transparent-header-meta":"","adv-header-id-meta":"","stick-header-meta":"","header-above-stick-meta":"","header-main-stick-meta":"","header-below-stick-meta":"","astra-migrate-meta-layouts":"default","ast-page-background-enabled":"default","ast-page-background-meta":{"desktop":{"background-color":"var(--ast-global-color-4)","background-image":"","background-repeat":"repeat","background-position":"center center","background-size":"auto","background-attachment":"scroll","background-type":"","background-media":"","overlay-type":"","overlay-color":"","overlay-opacity":"","overlay-gradient":""},"tablet":{"background-color":"","background-image":"","background-repeat":"repeat","background-position":"center center","background-size":"auto","background-attachment":"scroll","background-type":"","background-media":"","overlay-type":"","overlay-color":"","overlay-opacity":"","overlay-gradient":""},"mobile":{"background-color":"","background-image":"","background-repeat":"repeat","background-position":"center center","background-size":"auto","background-attachment":"scroll","background-type":"","background-media":"","overlay-type":"","overlay-color":"","overlay-opacity":"","overlay-gradient":""}},"ast-content-background-meta":{"desktop":{"background-color":"var(--ast-global-color-5)","background-image":"","background-repeat":"repeat","background-position":"center center","background-size":"auto","background-attachment":"scroll","background-type":"","background-media":"","overlay-type":"","overlay-color":"","overlay-opacity":"","overlay-gradient":""},"tablet":{"background-color":"var(--ast-global-color-5)","background-image":"","background-repeat":"repeat","background-position":"center center","background-size":"auto","background-attachment":"scroll","background-type":"","background-media":"","overlay-type":"","overlay-color":"","overlay-opacity":"","overlay-gradient":""},"mobile":{"background-color":"var(--ast-global-color-5)","background-image":"","background-repeat":"repeat","background-position":"center center","background-size":"auto","background-attachment":"scroll","background-type":"","background-media":"","overlay-type":"","overlay-color":"","overlay-opacity":"","overlay-gradient":""}},"footnotes":""},"class_list":["post-5237","page","type-page","status-publish","hentry"],"yoast_head":"<!-- This site is optimized with the Yoast SEO plugin v27.5 - https:\/\/yoast.com\/product\/yoast-seo-wordpress\/ -->\n<title>Videoloft - Provision-ISR-Sverige<\/title>\n<meta name=\"robots\" content=\"index, follow, max-snippet:-1, max-image-preview:large, max-video-preview:-1\" \/>\n<link rel=\"canonical\" href=\"https:\/\/provision-isr-sverige.se\/en\/videoloft\/\" \/>\n<meta property=\"og:locale\" content=\"en_GB\" \/>\n<meta property=\"og:type\" content=\"article\" \/>\n<meta property=\"og:title\" content=\"Videoloft - Provision-ISR-Sverige\" \/>\n<meta property=\"og:description\" content=\".Videoloft Registrera dig till molnet Klicka p\u00e5 l\u00e4nken s\u00e5 kommer du direkt in p\u00e5 Safe-tech:s sida att kunna registrera dig till Videolofts molntj\u00e4nst. Videoloft \u00e4r en innovativ l\u00f6sning, en molnbaserad tj\u00e4nst med m\u00e5natlig kostnad utan bindningstid. Men v\u00e4lj hur l\u00e4nge du vill att du ska spara ditt inspelade material, 1 m\u00e5nad eller kanske flera \u00e5r, [&hellip;]\" \/>\n<meta property=\"og:url\" content=\"https:\/\/provision-isr-sverige.se\/en\/videoloft\/\" \/>\n<meta property=\"og:site_name\" content=\"Provision-ISR-Sverige\" \/>\n<meta property=\"article:modified_time\" content=\"2024-09-23T13:31:20+00:00\" \/>\n<meta property=\"og:image\" content=\"https:\/\/provision-isr-sverige.se\/wp-content\/uploads\/2024\/09\/logga.png\" \/>\n\t<meta property=\"og:image:width\" content=\"154\" \/>\n\t<meta property=\"og:image:height\" content=\"145\" \/>\n\t<meta property=\"og:image:type\" content=\"image\/png\" \/>\n<meta name=\"twitter:card\" content=\"summary_large_image\" \/>\n<meta name=\"twitter:label1\" content=\"Estimated reading time\" \/>\n\t<meta name=\"twitter:data1\" content=\"2 minutes\" \/>\n<script type=\"application\/ld+json\" class=\"yoast-schema-graph\">{\"@context\":\"https:\\\/\\\/schema.org\",\"@graph\":[{\"@type\":\"WebPage\",\"@id\":\"https:\\\/\\\/provision-isr-sverige.se\\\/videoloft\\\/\",\"url\":\"https:\\\/\\\/provision-isr-sverige.se\\\/videoloft\\\/\",\"name\":\"Videoloft - Provision-ISR-Sverige\",\"isPartOf\":{\"@id\":\"https:\\\/\\\/provision-isr-sverige.se\\\/#website\"},\"primaryImageOfPage\":{\"@id\":\"https:\\\/\\\/provision-isr-sverige.se\\\/videoloft\\\/#primaryimage\"},\"image\":{\"@id\":\"https:\\\/\\\/provision-isr-sverige.se\\\/videoloft\\\/#primaryimage\"},\"thumbnailUrl\":\"https:\\\/\\\/provision-isr-sverige.se\\\/wp-content\\\/uploads\\\/2024\\\/09\\\/logga.png\",\"datePublished\":\"2024-07-02T08:24:44+00:00\",\"dateModified\":\"2024-09-23T13:31:20+00:00\",\"breadcrumb\":{\"@id\":\"https:\\\/\\\/provision-isr-sverige.se\\\/videoloft\\\/#breadcrumb\"},\"inLanguage\":\"en-GB\",\"potentialAction\":[{\"@type\":\"ReadAction\",\"target\":[\"https:\\\/\\\/provision-isr-sverige.se\\\/videoloft\\\/\"]}]},{\"@type\":\"ImageObject\",\"inLanguage\":\"en-GB\",\"@id\":\"https:\\\/\\\/provision-isr-sverige.se\\\/videoloft\\\/#primaryimage\",\"url\":\"https:\\\/\\\/provision-isr-sverige.se\\\/wp-content\\\/uploads\\\/2024\\\/09\\\/logga.png\",\"contentUrl\":\"https:\\\/\\\/provision-isr-sverige.se\\\/wp-content\\\/uploads\\\/2024\\\/09\\\/logga.png\"},{\"@type\":\"BreadcrumbList\",\"@id\":\"https:\\\/\\\/provision-isr-sverige.se\\\/videoloft\\\/#breadcrumb\",\"itemListElement\":[{\"@type\":\"ListItem\",\"position\":1,\"name\":\"Hem\",\"item\":\"https:\\\/\\\/provision-isr-sverige.se\\\/\"},{\"@type\":\"ListItem\",\"position\":2,\"name\":\"Videoloft\"}]},{\"@type\":\"WebSite\",\"@id\":\"https:\\\/\\\/provision-isr-sverige.se\\\/#website\",\"url\":\"https:\\\/\\\/provision-isr-sverige.se\\\/\",\"name\":\"Provision-ISR-Sverige\",\"description\":\"provision-isr-sverige.se\",\"publisher\":{\"@id\":\"https:\\\/\\\/provision-isr-sverige.se\\\/#organization\"},\"potentialAction\":[{\"@type\":\"SearchAction\",\"target\":{\"@type\":\"EntryPoint\",\"urlTemplate\":\"https:\\\/\\\/provision-isr-sverige.se\\\/?s={search_term_string}\"},\"query-input\":{\"@type\":\"PropertyValueSpecification\",\"valueRequired\":true,\"valueName\":\"search_term_string\"}}],\"inLanguage\":\"en-GB\"},{\"@type\":\"Organization\",\"@id\":\"https:\\\/\\\/provision-isr-sverige.se\\\/#organization\",\"name\":\"Provision-ISR-Sverige\",\"url\":\"https:\\\/\\\/provision-isr-sverige.se\\\/\",\"logo\":{\"@type\":\"ImageObject\",\"inLanguage\":\"en-GB\",\"@id\":\"https:\\\/\\\/provision-isr-sverige.se\\\/#\\\/schema\\\/logo\\\/image\\\/\",\"url\":\"https:\\\/\\\/provision-isr-sverige.se\\\/wp-content\\\/uploads\\\/2025\\\/02\\\/newpdflogo-1024x323-1.webp\",\"contentUrl\":\"https:\\\/\\\/provision-isr-sverige.se\\\/wp-content\\\/uploads\\\/2025\\\/02\\\/newpdflogo-1024x323-1.webp\",\"width\":1024,\"height\":323,\"caption\":\"Provision-ISR-Sverige\"},\"image\":{\"@id\":\"https:\\\/\\\/provision-isr-sverige.se\\\/#\\\/schema\\\/logo\\\/image\\\/\"}}]}<\/script>\n<!-- \/ Yoast SEO plugin. -->","yoast_head_json":{"title":"Videoloft - Provision-ISR-Sverige","robots":{"index":"index","follow":"follow","max-snippet":"max-snippet:-1","max-image-preview":"max-image-preview:large","max-video-preview":"max-video-preview:-1"},"canonical":"https:\/\/provision-isr-sverige.se\/en\/videoloft\/","og_locale":"en_GB","og_type":"article","og_title":"Videoloft - Provision-ISR-Sverige","og_description":".Videoloft Registrera dig till molnet Klicka p\u00e5 l\u00e4nken s\u00e5 kommer du direkt in p\u00e5 Safe-tech:s sida att kunna registrera dig till Videolofts molntj\u00e4nst. Videoloft \u00e4r en innovativ l\u00f6sning, en molnbaserad tj\u00e4nst med m\u00e5natlig kostnad utan bindningstid. Men v\u00e4lj hur l\u00e4nge du vill att du ska spara ditt inspelade material, 1 m\u00e5nad eller kanske flera \u00e5r, [&hellip;]","og_url":"https:\/\/provision-isr-sverige.se\/en\/videoloft\/","og_site_name":"Provision-ISR-Sverige","article_modified_time":"2024-09-23T13:31:20+00:00","og_image":[{"width":154,"height":145,"url":"https:\/\/provision-isr-sverige.se\/wp-content\/uploads\/2024\/09\/logga.png","type":"image\/png"}],"twitter_card":"summary_large_image","twitter_misc":{"Estimated reading time":"2 minutes"},"schema":{"@context":"https:\/\/schema.org","@graph":[{"@type":"WebPage","@id":"https:\/\/provision-isr-sverige.se\/videoloft\/","url":"https:\/\/provision-isr-sverige.se\/videoloft\/","name":"Videoloft - Provision-ISR-Sverige","isPartOf":{"@id":"https:\/\/provision-isr-sverige.se\/#website"},"primaryImageOfPage":{"@id":"https:\/\/provision-isr-sverige.se\/videoloft\/#primaryimage"},"image":{"@id":"https:\/\/provision-isr-sverige.se\/videoloft\/#primaryimage"},"thumbnailUrl":"https:\/\/provision-isr-sverige.se\/wp-content\/uploads\/2024\/09\/logga.png","datePublished":"2024-07-02T08:24:44+00:00","dateModified":"2024-09-23T13:31:20+00:00","breadcrumb":{"@id":"https:\/\/provision-isr-sverige.se\/videoloft\/#breadcrumb"},"inLanguage":"en-GB","potentialAction":[{"@type":"ReadAction","target":["https:\/\/provision-isr-sverige.se\/videoloft\/"]}]},{"@type":"ImageObject","inLanguage":"en-GB","@id":"https:\/\/provision-isr-sverige.se\/videoloft\/#primaryimage","url":"https:\/\/provision-isr-sverige.se\/wp-content\/uploads\/2024\/09\/logga.png","contentUrl":"https:\/\/provision-isr-sverige.se\/wp-content\/uploads\/2024\/09\/logga.png"},{"@type":"BreadcrumbList","@id":"https:\/\/provision-isr-sverige.se\/videoloft\/#breadcrumb","itemListElement":[{"@type":"ListItem","position":1,"name":"Hem","item":"https:\/\/provision-isr-sverige.se\/"},{"@type":"ListItem","position":2,"name":"Videoloft"}]},{"@type":"WebSite","@id":"https:\/\/provision-isr-sverige.se\/#website","url":"https:\/\/provision-isr-sverige.se\/","name":"Provision-ISR-Sverige","description":"provision-isr-sverige.se","publisher":{"@id":"https:\/\/provision-isr-sverige.se\/#organization"},"potentialAction":[{"@type":"SearchAction","target":{"@type":"EntryPoint","urlTemplate":"https:\/\/provision-isr-sverige.se\/?s={search_term_string}"},"query-input":{"@type":"PropertyValueSpecification","valueRequired":true,"valueName":"search_term_string"}}],"inLanguage":"en-GB"},{"@type":"Organization","@id":"https:\/\/provision-isr-sverige.se\/#organization","name":"Provision-ISR-Sverige","url":"https:\/\/provision-isr-sverige.se\/","logo":{"@type":"ImageObject","inLanguage":"en-GB","@id":"https:\/\/provision-isr-sverige.se\/#\/schema\/logo\/image\/","url":"https:\/\/provision-isr-sverige.se\/wp-content\/uploads\/2025\/02\/newpdflogo-1024x323-1.webp","contentUrl":"https:\/\/provision-isr-sverige.se\/wp-content\/uploads\/2025\/02\/newpdflogo-1024x323-1.webp","width":1024,"height":323,"caption":"Provision-ISR-Sverige"},"image":{"@id":"https:\/\/provision-isr-sverige.se\/#\/schema\/logo\/image\/"}}]}},"_links":{"self":[{"href":"https:\/\/provision-isr-sverige.se\/en\/wp-json\/wp\/v2\/pages\/5237","targetHints":{"allow":["GET"]}}],"collection":[{"href":"https:\/\/provision-isr-sverige.se\/en\/wp-json\/wp\/v2\/pages"}],"about":[{"href":"https:\/\/provision-isr-sverige.se\/en\/wp-json\/wp\/v2\/types\/page"}],"author":[{"embeddable":true,"href":"https:\/\/provision-isr-sverige.se\/en\/wp-json\/wp\/v2\/users\/2"}],"replies":[{"embeddable":true,"href":"https:\/\/provision-isr-sverige.se\/en\/wp-json\/wp\/v2\/comments?post=5237"}],"version-history":[{"count":32,"href":"https:\/\/provision-isr-sverige.se\/en\/wp-json\/wp\/v2\/pages\/5237\/revisions"}],"predecessor-version":[{"id":5285,"href":"https:\/\/provision-isr-sverige.se\/en\/wp-json\/wp\/v2\/pages\/5237\/revisions\/5285"}],"wp:attachment":[{"href":"https:\/\/provision-isr-sverige.se\/en\/wp-json\/wp\/v2\/media?parent=5237"}],"curies":[{"name":"wp","href":"https:\/\/api.w.org\/{rel}","templated":true}]}}