{"id":4430,"date":"2024-03-08T09:23:10","date_gmt":"2024-03-08T09:23:10","guid":{"rendered":"https:\/\/provision-isr-sverige.se\/?page_id=4430"},"modified":"2024-03-08T13:00:58","modified_gmt":"2024-03-08T13:00:58","slug":"banker-och-fastigheter","status":"publish","type":"page","link":"https:\/\/provision-isr-sverige.se\/en\/banker-och-fastigheter\/","title":{"rendered":"Banks and real estate"},"content":{"rendered":"<div data-elementor-type=\"wp-page\" data-elementor-id=\"4430\" class=\"elementor elementor-4430\" data-elementor-post-type=\"page\">\n\t\t\t\t\t\t<section class=\"elementor-section elementor-top-section elementor-element elementor-element-be7c77e elementor-section-height-min-height elementor-section-boxed elementor-section-height-default elementor-section-items-middle\" data-id=\"be7c77e\" data-element_type=\"section\" data-e-type=\"section\" data-settings=\"{&quot;background_background&quot;:&quot;classic&quot;}\">\n\t\t\t\t\t\t\t<div class=\"elementor-background-overlay\"><\/div>\n\t\t\t\t\t\t\t<div class=\"elementor-container elementor-column-gap-default\">\n\t\t\t\t\t<div class=\"elementor-column elementor-col-100 elementor-top-column elementor-element elementor-element-6fdb3b3\" data-id=\"6fdb3b3\" data-element_type=\"column\" data-e-type=\"column\">\n\t\t\t<div class=\"elementor-widget-wrap elementor-element-populated\">\n\t\t\t\t\t\t<div class=\"elementor-element elementor-element-1f61339 elementor-widget elementor-widget-heading\" data-id=\"1f61339\" data-element_type=\"widget\" data-e-type=\"widget\" data-widget_type=\"heading.default\">\n\t\t\t\t<div class=\"elementor-widget-container\">\n\t\t\t\t\t<h1 class=\"elementor-heading-title elementor-size-default\">Banks and real estate<\/h1>\t\t\t\t<\/div>\n\t\t\t\t<\/div>\n\t\t\t\t\t<\/div>\n\t\t<\/div>\n\t\t\t\t\t<\/div>\n\t\t<\/section>\n\t\t\t\t<section class=\"elementor-section elementor-top-section elementor-element elementor-element-2f9f05c elementor-section-boxed elementor-section-height-default elementor-section-height-default\" data-id=\"2f9f05c\" data-element_type=\"section\" data-e-type=\"section\" data-settings=\"{&quot;background_background&quot;:&quot;classic&quot;}\">\n\t\t\t\t\t\t<div class=\"elementor-container elementor-column-gap-default\">\n\t\t\t\t\t<div class=\"elementor-column elementor-col-50 elementor-top-column elementor-element elementor-element-798ea2a\" data-id=\"798ea2a\" data-element_type=\"column\" data-e-type=\"column\">\n\t\t\t<div class=\"elementor-widget-wrap elementor-element-populated\">\n\t\t\t\t\t\t<div class=\"elementor-element elementor-element-4810f03 elementor-widget elementor-widget-heading\" data-id=\"4810f03\" data-element_type=\"widget\" data-e-type=\"widget\" data-widget_type=\"heading.default\">\n\t\t\t\t<div class=\"elementor-widget-container\">\n\t\t\t\t\t<h2 class=\"elementor-heading-title elementor-size-default\">Security and vandalism<\/h2>\t\t\t\t<\/div>\n\t\t\t\t<\/div>\n\t\t\t\t<div class=\"elementor-element elementor-element-ad5a893 elementor-widget-divider--view-line elementor-widget elementor-widget-divider\" data-id=\"ad5a893\" data-element_type=\"widget\" data-e-type=\"widget\" data-widget_type=\"divider.default\">\n\t\t\t\t<div class=\"elementor-widget-container\">\n\t\t\t\t\t\t\t<div class=\"elementor-divider\">\n\t\t\t<span class=\"elementor-divider-separator\">\n\t\t\t\t\t\t<\/span>\n\t\t<\/div>\n\t\t\t\t\t\t<\/div>\n\t\t\t\t<\/div>\n\t\t\t\t<div class=\"elementor-element elementor-element-533e876 elementor-widget elementor-widget-text-editor\" data-id=\"533e876\" data-element_type=\"widget\" data-e-type=\"widget\" data-widget_type=\"text-editor.default\">\n\t\t\t\t<div class=\"elementor-widget-container\">\n\t\t\t\t\t\t\t\t\t<p>Secure your property where the handling of securities and other sensitive material always entails a security risk. For properties other than banks and authorities, this mainly applies to burglary and vandalism.\u00a0<\/p>\t\t\t\t\t\t\t\t<\/div>\n\t\t\t\t<\/div>\n\t\t\t\t<div class=\"elementor-element elementor-element-890cf2e elementor-align-left elementor-mobile-align-center elementor-widget elementor-widget-button\" data-id=\"890cf2e\" data-element_type=\"widget\" data-e-type=\"widget\" data-widget_type=\"button.default\">\n\t\t\t\t<div class=\"elementor-widget-container\">\n\t\t\t\t\t\t\t\t\t<div class=\"elementor-button-wrapper\">\n\t\t\t\t\t<a class=\"elementor-button elementor-button-link elementor-size-sm\" href=\"\/en\/kontakt\/\">\n\t\t\t\t\t\t<span class=\"elementor-button-content-wrapper\">\n\t\t\t\t\t\t<span class=\"elementor-button-icon\">\n\t\t\t\t<i aria-hidden=\"true\" class=\"fas fa-long-arrow-alt-right\"><\/i>\t\t\t<\/span>\n\t\t\t\t\t\t\t\t\t<span class=\"elementor-button-text\">Contact Us<\/span>\n\t\t\t\t\t<\/span>\n\t\t\t\t\t<\/a>\n\t\t\t\t<\/div>\n\t\t\t\t\t\t\t\t<\/div>\n\t\t\t\t<\/div>\n\t\t\t\t\t<\/div>\n\t\t<\/div>\n\t\t\t\t<div class=\"elementor-column elementor-col-50 elementor-top-column elementor-element elementor-element-3bb0a7c\" data-id=\"3bb0a7c\" data-element_type=\"column\" data-e-type=\"column\">\n\t\t\t<div class=\"elementor-widget-wrap elementor-element-populated\">\n\t\t\t\t\t\t<div class=\"elementor-element elementor-element-2444fb2 elementor-widget elementor-widget-image\" data-id=\"2444fb2\" data-element_type=\"widget\" data-e-type=\"widget\" data-widget_type=\"image.default\">\n\t\t\t\t<div class=\"elementor-widget-container\">\n\t\t\t\t\t\t\t\t\t\t\t\t\t\t\t<img fetchpriority=\"high\" decoding=\"async\" width=\"782\" height=\"457\" src=\"https:\/\/provision-isr-sverige.se\/wp-content\/uploads\/2024\/03\/banksafe-2.jpg\" class=\"attachment-large size-large wp-image-4434\" alt=\"banksafe 2\" srcset=\"https:\/\/provision-isr-sverige.se\/wp-content\/uploads\/2024\/03\/banksafe-2.jpg 782w, https:\/\/provision-isr-sverige.se\/wp-content\/uploads\/2024\/03\/banksafe-2-300x175.jpg 300w, https:\/\/provision-isr-sverige.se\/wp-content\/uploads\/2024\/03\/banksafe-2-768x449.jpg 768w, https:\/\/provision-isr-sverige.se\/wp-content\/uploads\/2024\/03\/banksafe-2-18x12.jpg 18w\" sizes=\"(max-width: 782px) 100vw, 782px\" \/>\t\t\t\t\t\t\t\t\t\t\t\t\t\t\t<\/div>\n\t\t\t\t<\/div>\n\t\t\t\t\t<\/div>\n\t\t<\/div>\n\t\t\t\t\t<\/div>\n\t\t<\/section>\n\t\t\t\t<section class=\"elementor-section elementor-top-section elementor-element elementor-element-23bd191 elementor-section-boxed elementor-section-height-default elementor-section-height-default\" data-id=\"23bd191\" data-element_type=\"section\" data-e-type=\"section\" data-settings=\"{&quot;background_background&quot;:&quot;classic&quot;}\">\n\t\t\t\t\t\t<div class=\"elementor-container elementor-column-gap-default\">\n\t\t\t\t\t<div class=\"elementor-column elementor-col-50 elementor-top-column elementor-element elementor-element-77c660e\" data-id=\"77c660e\" data-element_type=\"column\" data-e-type=\"column\">\n\t\t\t<div class=\"elementor-widget-wrap elementor-element-populated\">\n\t\t\t\t\t\t<div class=\"elementor-element elementor-element-43849e2 elementor-widget elementor-widget-heading\" data-id=\"43849e2\" data-element_type=\"widget\" data-e-type=\"widget\" data-widget_type=\"heading.default\">\n\t\t\t\t<div class=\"elementor-widget-container\">\n\t\t\t\t\t<h2 class=\"elementor-heading-title elementor-size-default\">ATMs<\/h2>\t\t\t\t<\/div>\n\t\t\t\t<\/div>\n\t\t\t\t<div class=\"elementor-element elementor-element-1907a45 elementor-widget-divider--view-line elementor-widget elementor-widget-divider\" data-id=\"1907a45\" data-element_type=\"widget\" data-e-type=\"widget\" data-widget_type=\"divider.default\">\n\t\t\t\t<div class=\"elementor-widget-container\">\n\t\t\t\t\t\t\t<div class=\"elementor-divider\">\n\t\t\t<span class=\"elementor-divider-separator\">\n\t\t\t\t\t\t<\/span>\n\t\t<\/div>\n\t\t\t\t\t\t<\/div>\n\t\t\t\t<\/div>\n\t\t\t\t<div class=\"elementor-element elementor-element-7821224 elementor-widget elementor-widget-text-editor\" data-id=\"7821224\" data-element_type=\"widget\" data-e-type=\"widget\" data-widget_type=\"text-editor.default\">\n\t\t\t\t<div class=\"elementor-widget-container\">\n\t\t\t\t\t\t\t\t\t<p>Handling cash at ATMs and making purchases involves a security risk, both for the user and the bank. We help you simplify handling and make it safe!<\/p>\t\t\t\t\t\t\t\t<\/div>\n\t\t\t\t<\/div>\n\t\t\t\t<div class=\"elementor-element elementor-element-b2c6c3a elementor-align-left elementor-mobile-align-center elementor-widget elementor-widget-button\" data-id=\"b2c6c3a\" data-element_type=\"widget\" data-e-type=\"widget\" data-widget_type=\"button.default\">\n\t\t\t\t<div class=\"elementor-widget-container\">\n\t\t\t\t\t\t\t\t\t<div class=\"elementor-button-wrapper\">\n\t\t\t\t\t<a class=\"elementor-button elementor-button-link elementor-size-sm\" href=\"\/en\/kontakt\/\">\n\t\t\t\t\t\t<span class=\"elementor-button-content-wrapper\">\n\t\t\t\t\t\t<span class=\"elementor-button-icon\">\n\t\t\t\t<i aria-hidden=\"true\" class=\"fas fa-long-arrow-alt-right\"><\/i>\t\t\t<\/span>\n\t\t\t\t\t\t\t\t\t<span class=\"elementor-button-text\">Contact Us<\/span>\n\t\t\t\t\t<\/span>\n\t\t\t\t\t<\/a>\n\t\t\t\t<\/div>\n\t\t\t\t\t\t\t\t<\/div>\n\t\t\t\t<\/div>\n\t\t\t\t\t<\/div>\n\t\t<\/div>\n\t\t\t\t<div class=\"elementor-column elementor-col-50 elementor-top-column elementor-element elementor-element-31def3f\" data-id=\"31def3f\" data-element_type=\"column\" data-e-type=\"column\">\n\t\t\t<div class=\"elementor-widget-wrap elementor-element-populated\">\n\t\t\t\t\t\t<div class=\"elementor-element elementor-element-544799a elementor-widget elementor-widget-image\" data-id=\"544799a\" data-element_type=\"widget\" data-e-type=\"widget\" data-widget_type=\"image.default\">\n\t\t\t\t<div class=\"elementor-widget-container\">\n\t\t\t\t\t\t\t\t\t\t\t\t\t\t\t<img decoding=\"async\" width=\"612\" height=\"408\" src=\"https:\/\/provision-isr-sverige.se\/wp-content\/uploads\/2024\/03\/istockphoto-697417092-612x612-1.jpg\" class=\"attachment-full size-full wp-image-4435\" alt=\"istockphoto 697417092 612x612 1\" srcset=\"https:\/\/provision-isr-sverige.se\/wp-content\/uploads\/2024\/03\/istockphoto-697417092-612x612-1.jpg 612w, https:\/\/provision-isr-sverige.se\/wp-content\/uploads\/2024\/03\/istockphoto-697417092-612x612-1-300x200.jpg 300w, https:\/\/provision-isr-sverige.se\/wp-content\/uploads\/2024\/03\/istockphoto-697417092-612x612-1-18x12.jpg 18w\" sizes=\"(max-width: 612px) 100vw, 612px\" \/>\t\t\t\t\t\t\t\t\t\t\t\t\t\t\t<\/div>\n\t\t\t\t<\/div>\n\t\t\t\t\t<\/div>\n\t\t<\/div>\n\t\t\t\t\t<\/div>\n\t\t<\/section>\n\t\t\t\t<\/div>","protected":false},"excerpt":{"rendered":"<p>Banker och fastigheter S\u00e4kerhet och vandalism S\u00e4kra upp er fastighet d\u00e4r hantering av v\u00e4rdepapper och annat k\u00e4nsligt material\u00a0 alltid medf\u00f6r en s\u00e4kerhetsrisk. F\u00f6r andra fastigheter \u00e4n banker och myndigheter g\u00e4ller detta fr\u00e4mst inbrott och vandalism.\u00a0 Kontakta oss Bankomater Hantering av kontanter vid bankomater och k\u00f6p medf\u00f6r en s\u00e4kerhetsrisk, b\u00e5de f\u00f6r anv\u00e4ndaren och banken. Vi hj\u00e4lper [&hellip;]<\/p>\n","protected":false},"author":2,"featured_media":0,"parent":0,"menu_order":0,"comment_status":"closed","ping_status":"closed","template":"","meta":{"site-sidebar-layout":"no-sidebar","site-content-layout":"","ast-site-content-layout":"full-width-container","site-content-style":"default","site-sidebar-style":"default","ast-global-header-display":"","ast-banner-title-visibility":"","ast-main-header-display":"","ast-hfb-above-header-display":"","ast-hfb-below-header-display":"","ast-hfb-mobile-header-display":"","site-post-title":"disabled","ast-breadcrumbs-content":"","ast-featured-img":"disabled","footer-sml-layout":"","ast-disable-related-posts":"","theme-transparent-header-meta":"","adv-header-id-meta":"","stick-header-meta":"","header-above-stick-meta":"","header-main-stick-meta":"","header-below-stick-meta":"","astra-migrate-meta-layouts":"default","ast-page-background-enabled":"default","ast-page-background-meta":{"desktop":{"background-color":"var(--ast-global-color-4)","background-image":"","background-repeat":"repeat","background-position":"center center","background-size":"auto","background-attachment":"scroll","background-type":"","background-media":"","overlay-type":"","overlay-color":"","overlay-opacity":"","overlay-gradient":""},"tablet":{"background-color":"","background-image":"","background-repeat":"repeat","background-position":"center center","background-size":"auto","background-attachment":"scroll","background-type":"","background-media":"","overlay-type":"","overlay-color":"","overlay-opacity":"","overlay-gradient":""},"mobile":{"background-color":"","background-image":"","background-repeat":"repeat","background-position":"center center","background-size":"auto","background-attachment":"scroll","background-type":"","background-media":"","overlay-type":"","overlay-color":"","overlay-opacity":"","overlay-gradient":""}},"ast-content-background-meta":{"desktop":{"background-color":"var(--ast-global-color-5)","background-image":"","background-repeat":"repeat","background-position":"center center","background-size":"auto","background-attachment":"scroll","background-type":"","background-media":"","overlay-type":"","overlay-color":"","overlay-opacity":"","overlay-gradient":""},"tablet":{"background-color":"var(--ast-global-color-5)","background-image":"","background-repeat":"repeat","background-position":"center center","background-size":"auto","background-attachment":"scroll","background-type":"","background-media":"","overlay-type":"","overlay-color":"","overlay-opacity":"","overlay-gradient":""},"mobile":{"background-color":"var(--ast-global-color-5)","background-image":"","background-repeat":"repeat","background-position":"center center","background-size":"auto","background-attachment":"scroll","background-type":"","background-media":"","overlay-type":"","overlay-color":"","overlay-opacity":"","overlay-gradient":""}},"footnotes":""},"class_list":["post-4430","page","type-page","status-publish","hentry"],"yoast_head":"<!-- This site is optimized with the Yoast SEO plugin v27.5 - https:\/\/yoast.com\/product\/yoast-seo-wordpress\/ -->\n<title>Banker och fastigheter - Provision-ISR-Sverige<\/title>\n<meta name=\"robots\" content=\"index, follow, max-snippet:-1, max-image-preview:large, max-video-preview:-1\" \/>\n<link rel=\"canonical\" href=\"https:\/\/provision-isr-sverige.se\/en\/banker-och-fastigheter\/\" \/>\n<meta property=\"og:locale\" content=\"en_GB\" \/>\n<meta property=\"og:type\" content=\"article\" \/>\n<meta property=\"og:title\" content=\"Banker och fastigheter - Provision-ISR-Sverige\" \/>\n<meta property=\"og:description\" content=\"Banker och fastigheter S\u00e4kerhet och vandalism S\u00e4kra upp er fastighet d\u00e4r hantering av v\u00e4rdepapper och annat k\u00e4nsligt material\u00a0 alltid medf\u00f6r en s\u00e4kerhetsrisk. F\u00f6r andra fastigheter \u00e4n banker och myndigheter g\u00e4ller detta fr\u00e4mst inbrott och vandalism.\u00a0 Kontakta oss Bankomater Hantering av kontanter vid bankomater och k\u00f6p medf\u00f6r en s\u00e4kerhetsrisk, b\u00e5de f\u00f6r anv\u00e4ndaren och banken. Vi hj\u00e4lper [&hellip;]\" \/>\n<meta property=\"og:url\" content=\"https:\/\/provision-isr-sverige.se\/en\/banker-och-fastigheter\/\" \/>\n<meta property=\"og:site_name\" content=\"Provision-ISR-Sverige\" \/>\n<meta property=\"article:modified_time\" content=\"2024-03-08T13:00:58+00:00\" \/>\n<meta property=\"og:image\" content=\"https:\/\/provision-isr-sverige.se\/wp-content\/uploads\/2024\/03\/banksafe-2.jpg\" \/>\n\t<meta property=\"og:image:width\" content=\"782\" \/>\n\t<meta property=\"og:image:height\" content=\"457\" \/>\n\t<meta property=\"og:image:type\" content=\"image\/jpeg\" \/>\n<meta name=\"twitter:card\" content=\"summary_large_image\" \/>\n<script type=\"application\/ld+json\" class=\"yoast-schema-graph\">{\"@context\":\"https:\\\/\\\/schema.org\",\"@graph\":[{\"@type\":\"WebPage\",\"@id\":\"https:\\\/\\\/provision-isr-sverige.se\\\/banker-och-fastigheter\\\/\",\"url\":\"https:\\\/\\\/provision-isr-sverige.se\\\/banker-och-fastigheter\\\/\",\"name\":\"Banker och fastigheter - Provision-ISR-Sverige\",\"isPartOf\":{\"@id\":\"https:\\\/\\\/provision-isr-sverige.se\\\/#website\"},\"primaryImageOfPage\":{\"@id\":\"https:\\\/\\\/provision-isr-sverige.se\\\/banker-och-fastigheter\\\/#primaryimage\"},\"image\":{\"@id\":\"https:\\\/\\\/provision-isr-sverige.se\\\/banker-och-fastigheter\\\/#primaryimage\"},\"thumbnailUrl\":\"https:\\\/\\\/provision-isr-sverige.se\\\/wp-content\\\/uploads\\\/2024\\\/03\\\/banksafe-2.jpg\",\"datePublished\":\"2024-03-08T09:23:10+00:00\",\"dateModified\":\"2024-03-08T13:00:58+00:00\",\"breadcrumb\":{\"@id\":\"https:\\\/\\\/provision-isr-sverige.se\\\/banker-och-fastigheter\\\/#breadcrumb\"},\"inLanguage\":\"en-GB\",\"potentialAction\":[{\"@type\":\"ReadAction\",\"target\":[\"https:\\\/\\\/provision-isr-sverige.se\\\/banker-och-fastigheter\\\/\"]}]},{\"@type\":\"ImageObject\",\"inLanguage\":\"en-GB\",\"@id\":\"https:\\\/\\\/provision-isr-sverige.se\\\/banker-och-fastigheter\\\/#primaryimage\",\"url\":\"https:\\\/\\\/provision-isr-sverige.se\\\/wp-content\\\/uploads\\\/2024\\\/03\\\/banksafe-2.jpg\",\"contentUrl\":\"https:\\\/\\\/provision-isr-sverige.se\\\/wp-content\\\/uploads\\\/2024\\\/03\\\/banksafe-2.jpg\"},{\"@type\":\"BreadcrumbList\",\"@id\":\"https:\\\/\\\/provision-isr-sverige.se\\\/banker-och-fastigheter\\\/#breadcrumb\",\"itemListElement\":[{\"@type\":\"ListItem\",\"position\":1,\"name\":\"Hem\",\"item\":\"https:\\\/\\\/provision-isr-sverige.se\\\/\"},{\"@type\":\"ListItem\",\"position\":2,\"name\":\"Banker och fastigheter\"}]},{\"@type\":\"WebSite\",\"@id\":\"https:\\\/\\\/provision-isr-sverige.se\\\/#website\",\"url\":\"https:\\\/\\\/provision-isr-sverige.se\\\/\",\"name\":\"Provision-ISR-Sverige\",\"description\":\"provision-isr-sverige.se\",\"publisher\":{\"@id\":\"https:\\\/\\\/provision-isr-sverige.se\\\/#organization\"},\"potentialAction\":[{\"@type\":\"SearchAction\",\"target\":{\"@type\":\"EntryPoint\",\"urlTemplate\":\"https:\\\/\\\/provision-isr-sverige.se\\\/?s={search_term_string}\"},\"query-input\":{\"@type\":\"PropertyValueSpecification\",\"valueRequired\":true,\"valueName\":\"search_term_string\"}}],\"inLanguage\":\"en-GB\"},{\"@type\":\"Organization\",\"@id\":\"https:\\\/\\\/provision-isr-sverige.se\\\/#organization\",\"name\":\"Provision-ISR-Sverige\",\"url\":\"https:\\\/\\\/provision-isr-sverige.se\\\/\",\"logo\":{\"@type\":\"ImageObject\",\"inLanguage\":\"en-GB\",\"@id\":\"https:\\\/\\\/provision-isr-sverige.se\\\/#\\\/schema\\\/logo\\\/image\\\/\",\"url\":\"https:\\\/\\\/provision-isr-sverige.se\\\/wp-content\\\/uploads\\\/2025\\\/02\\\/newpdflogo-1024x323-1.webp\",\"contentUrl\":\"https:\\\/\\\/provision-isr-sverige.se\\\/wp-content\\\/uploads\\\/2025\\\/02\\\/newpdflogo-1024x323-1.webp\",\"width\":1024,\"height\":323,\"caption\":\"Provision-ISR-Sverige\"},\"image\":{\"@id\":\"https:\\\/\\\/provision-isr-sverige.se\\\/#\\\/schema\\\/logo\\\/image\\\/\"}}]}<\/script>\n<!-- \/ Yoast SEO plugin. -->","yoast_head_json":{"title":"Banker och fastigheter - Provision-ISR-Sverige","robots":{"index":"index","follow":"follow","max-snippet":"max-snippet:-1","max-image-preview":"max-image-preview:large","max-video-preview":"max-video-preview:-1"},"canonical":"https:\/\/provision-isr-sverige.se\/en\/banker-och-fastigheter\/","og_locale":"en_GB","og_type":"article","og_title":"Banker och fastigheter - Provision-ISR-Sverige","og_description":"Banker och fastigheter S\u00e4kerhet och vandalism S\u00e4kra upp er fastighet d\u00e4r hantering av v\u00e4rdepapper och annat k\u00e4nsligt material\u00a0 alltid medf\u00f6r en s\u00e4kerhetsrisk. F\u00f6r andra fastigheter \u00e4n banker och myndigheter g\u00e4ller detta fr\u00e4mst inbrott och vandalism.\u00a0 Kontakta oss Bankomater Hantering av kontanter vid bankomater och k\u00f6p medf\u00f6r en s\u00e4kerhetsrisk, b\u00e5de f\u00f6r anv\u00e4ndaren och banken. Vi hj\u00e4lper [&hellip;]","og_url":"https:\/\/provision-isr-sverige.se\/en\/banker-och-fastigheter\/","og_site_name":"Provision-ISR-Sverige","article_modified_time":"2024-03-08T13:00:58+00:00","og_image":[{"width":782,"height":457,"url":"https:\/\/provision-isr-sverige.se\/wp-content\/uploads\/2024\/03\/banksafe-2.jpg","type":"image\/jpeg"}],"twitter_card":"summary_large_image","schema":{"@context":"https:\/\/schema.org","@graph":[{"@type":"WebPage","@id":"https:\/\/provision-isr-sverige.se\/banker-och-fastigheter\/","url":"https:\/\/provision-isr-sverige.se\/banker-och-fastigheter\/","name":"Banker och fastigheter - Provision-ISR-Sverige","isPartOf":{"@id":"https:\/\/provision-isr-sverige.se\/#website"},"primaryImageOfPage":{"@id":"https:\/\/provision-isr-sverige.se\/banker-och-fastigheter\/#primaryimage"},"image":{"@id":"https:\/\/provision-isr-sverige.se\/banker-och-fastigheter\/#primaryimage"},"thumbnailUrl":"https:\/\/provision-isr-sverige.se\/wp-content\/uploads\/2024\/03\/banksafe-2.jpg","datePublished":"2024-03-08T09:23:10+00:00","dateModified":"2024-03-08T13:00:58+00:00","breadcrumb":{"@id":"https:\/\/provision-isr-sverige.se\/banker-och-fastigheter\/#breadcrumb"},"inLanguage":"en-GB","potentialAction":[{"@type":"ReadAction","target":["https:\/\/provision-isr-sverige.se\/banker-och-fastigheter\/"]}]},{"@type":"ImageObject","inLanguage":"en-GB","@id":"https:\/\/provision-isr-sverige.se\/banker-och-fastigheter\/#primaryimage","url":"https:\/\/provision-isr-sverige.se\/wp-content\/uploads\/2024\/03\/banksafe-2.jpg","contentUrl":"https:\/\/provision-isr-sverige.se\/wp-content\/uploads\/2024\/03\/banksafe-2.jpg"},{"@type":"BreadcrumbList","@id":"https:\/\/provision-isr-sverige.se\/banker-och-fastigheter\/#breadcrumb","itemListElement":[{"@type":"ListItem","position":1,"name":"Hem","item":"https:\/\/provision-isr-sverige.se\/"},{"@type":"ListItem","position":2,"name":"Banker och fastigheter"}]},{"@type":"WebSite","@id":"https:\/\/provision-isr-sverige.se\/#website","url":"https:\/\/provision-isr-sverige.se\/","name":"Provision-ISR-Sverige","description":"provision-isr-sverige.se","publisher":{"@id":"https:\/\/provision-isr-sverige.se\/#organization"},"potentialAction":[{"@type":"SearchAction","target":{"@type":"EntryPoint","urlTemplate":"https:\/\/provision-isr-sverige.se\/?s={search_term_string}"},"query-input":{"@type":"PropertyValueSpecification","valueRequired":true,"valueName":"search_term_string"}}],"inLanguage":"en-GB"},{"@type":"Organization","@id":"https:\/\/provision-isr-sverige.se\/#organization","name":"Provision-ISR-Sverige","url":"https:\/\/provision-isr-sverige.se\/","logo":{"@type":"ImageObject","inLanguage":"en-GB","@id":"https:\/\/provision-isr-sverige.se\/#\/schema\/logo\/image\/","url":"https:\/\/provision-isr-sverige.se\/wp-content\/uploads\/2025\/02\/newpdflogo-1024x323-1.webp","contentUrl":"https:\/\/provision-isr-sverige.se\/wp-content\/uploads\/2025\/02\/newpdflogo-1024x323-1.webp","width":1024,"height":323,"caption":"Provision-ISR-Sverige"},"image":{"@id":"https:\/\/provision-isr-sverige.se\/#\/schema\/logo\/image\/"}}]}},"_links":{"self":[{"href":"https:\/\/provision-isr-sverige.se\/en\/wp-json\/wp\/v2\/pages\/4430","targetHints":{"allow":["GET"]}}],"collection":[{"href":"https:\/\/provision-isr-sverige.se\/en\/wp-json\/wp\/v2\/pages"}],"about":[{"href":"https:\/\/provision-isr-sverige.se\/en\/wp-json\/wp\/v2\/types\/page"}],"author":[{"embeddable":true,"href":"https:\/\/provision-isr-sverige.se\/en\/wp-json\/wp\/v2\/users\/2"}],"replies":[{"embeddable":true,"href":"https:\/\/provision-isr-sverige.se\/en\/wp-json\/wp\/v2\/comments?post=4430"}],"version-history":[{"count":7,"href":"https:\/\/provision-isr-sverige.se\/en\/wp-json\/wp\/v2\/pages\/4430\/revisions"}],"predecessor-version":[{"id":4469,"href":"https:\/\/provision-isr-sverige.se\/en\/wp-json\/wp\/v2\/pages\/4430\/revisions\/4469"}],"wp:attachment":[{"href":"https:\/\/provision-isr-sverige.se\/en\/wp-json\/wp\/v2\/media?parent=4430"}],"curies":[{"name":"wp","href":"https:\/\/api.w.org\/{rel}","templated":true}]}}