{"id":2890,"date":"2024-02-21T12:03:51","date_gmt":"2024-02-21T12:03:51","guid":{"rendered":"https:\/\/provision-isr-sverige.se\/?page_id=2890"},"modified":"2024-04-05T05:12:18","modified_gmt":"2024-04-05T05:12:18","slug":"fisheye","status":"publish","type":"page","link":"https:\/\/provision-isr-sverige.se\/en\/fisheye\/","title":{"rendered":"Fisheye"},"content":{"rendered":"\t\t<div data-elementor-type=\"wp-page\" data-elementor-id=\"2890\" class=\"elementor elementor-2890\" data-elementor-post-type=\"page\">\n\t\t\t\t\t\t<section class=\"elementor-section elementor-top-section elementor-element elementor-element-25363a4 elementor-section-boxed elementor-section-height-default elementor-section-height-default\" data-id=\"25363a4\" data-element_type=\"section\" data-e-type=\"section\">\n\t\t\t\t\t\t<div class=\"elementor-container elementor-column-gap-default\">\n\t\t\t\t\t<div class=\"elementor-column elementor-col-100 elementor-top-column elementor-element elementor-element-40169c1\" data-id=\"40169c1\" data-element_type=\"column\" data-e-type=\"column\">\n\t\t\t<div class=\"elementor-widget-wrap elementor-element-populated\">\n\t\t\t\t\t\t<div class=\"elementor-element elementor-element-7d80fd4 elementor-widget elementor-widget-slider_revolution\" data-id=\"7d80fd4\" data-element_type=\"widget\" data-e-type=\"widget\" data-widget_type=\"slider_revolution.default\">\n\t\t\t\t<div class=\"elementor-widget-container\">\n\t\t\t\t\t\n\t\t<div class=\"wp-block-themepunch-revslider\">\n\t\t\t<!-- START Slider 29 REVOLUTION SLIDER 6.7.34 --><p class=\"rs-p-wp-fix\"><\/p>\n\t\t\t<rs-module-wrap id=\"rev_slider_37_1_wrapper\" data-source=\"gallery\" style=\"visibility:hidden;background:transparent;padding:0;margin:0px auto;margin-top:0;margin-bottom:0;\">\n\t\t\t\t<rs-module id=\"rev_slider_37_1\" style=\"\" data-version=\"6.7.34\">\n\t\t\t\t\t<rs-slides style=\"overflow: hidden; position: absolute;\">\n\t\t\t\t\t\t<rs-slide style=\"position: absolute;\" data-key=\"rs-69\" data-title=\"Slide\" data-in=\"o:0;\" data-out=\"a:false;\">\n\t\t\t\t\t\t\t<img decoding=\"async\" src=\"\/\/provision-isr-sverige.se\/wp-content\/plugins\/revslider\/sr6\/assets\/assets\/dummy.png\" alt=\"Slide\" title=\"Fisheye\" class=\"rev-slidebg tp-rs-img rs-lazyload\" data-lazyload=\"\/\/provision-isr-sverige.se\/wp-content\/plugins\/revslider\/sr6\/assets\/assets\/transparent.png\" data-no-retina>\n<!--\n\t\t\t\t\t\t\t--><rs-layer\n\t\t\t\t\t\t\t\tid=\"slider-37-slide-69-layer-0\" \n\t\t\t\t\t\t\t\tdata-type=\"image\"\n\t\t\t\t\t\t\t\tdata-rsp_ch=\"on\"\n\t\t\t\t\t\t\t\tdata-xy=\"x:-113px;y:-66px;\"\n\t\t\t\t\t\t\t\tdata-text=\"w:normal;\"\n\t\t\t\t\t\t\t\tdata-dim=\"w:1469px;h:826px;\"\n\t\t\t\t\t\t\t\tdata-frame_999=\"o:0;st:w;\"\n\t\t\t\t\t\t\t\tstyle=\"z-index:5;\"\n\t\t\t\t\t\t\t><img fetchpriority=\"high\" decoding=\"async\" src=\"\/\/provision-isr-sverige.se\/wp-content\/plugins\/revslider\/sr6\/assets\/assets\/dummy.png\" alt=\"982368488 f7a154d7a4b1a78e993f252dff3f6c621957a953c51e14cc11a499341b971d53 d 640\" class=\"tp-rs-img rs-lazyload\" width=\"640\" height=\"360\" data-lazyload=\"\/\/provision-isr-sverige.se\/wp-content\/uploads\/2024\/02\/982368488-f7a154d7a4b1a78e993f252dff3f6c621957a953c51e14cc11a499341b971d53-d_640.webp\" data-no-retina> \n\t\t\t\t\t\t\t<\/rs-layer><!--\n-->\t\t\t\t\t<\/rs-slide>\n\t\t\t\t\t<\/rs-slides>\n\t\t\t\t<\/rs-module>\n\t\t\t\t<script>\n\t\t\t\t\tsetREVStartSize({c: 'rev_slider_37_1',rl:[1240,1024,778,480],el:[900],gw:[1240],gh:[900],type:'standard',justify:'',layout:'fullwidth',mh:\"0\"});if (window.RS_MODULES!==undefined && window.RS_MODULES.modules!==undefined && window.RS_MODULES.modules[\"revslider371\"]!==undefined) {window.RS_MODULES.modules[\"revslider371\"].once = false;window.revapi37 = undefined;if (window.RS_MODULES.checkMinimal!==undefined) window.RS_MODULES.checkMinimal()}\n\t\t\t\t<\/script>\n\t\t\t<\/rs-module-wrap>\n\t\t\t<!-- END REVOLUTION SLIDER -->\n<\/div>\n\n\t\t\t\t\t\t<\/div>\n\t\t\t\t<\/div>\n\t\t\t\t\t<\/div>\n\t\t<\/div>\n\t\t\t\t\t<\/div>\n\t\t<\/section>\n\t\t\t\t<section class=\"elementor-section elementor-top-section elementor-element elementor-element-0a63ae4 elementor-section-boxed elementor-section-height-default elementor-section-height-default\" data-id=\"0a63ae4\" data-element_type=\"section\" data-e-type=\"section\">\n\t\t\t\t\t\t<div class=\"elementor-container elementor-column-gap-default\">\n\t\t\t\t\t<div class=\"elementor-column elementor-col-50 elementor-top-column elementor-element elementor-element-c3c789d\" data-id=\"c3c789d\" data-element_type=\"column\" data-e-type=\"column\">\n\t\t\t<div class=\"elementor-widget-wrap elementor-element-populated\">\n\t\t\t\t\t\t<div class=\"elementor-element elementor-element-463365d elementor-widget elementor-widget-video\" data-id=\"463365d\" data-element_type=\"widget\" data-e-type=\"widget\" data-settings=\"{&quot;youtube_url&quot;:&quot;https:\\\/\\\/www.youtube.com\\\/watch?v=V0H_AKJ88Dg&quot;,&quot;start&quot;:3,&quot;autoplay&quot;:&quot;yes&quot;,&quot;play_on_mobile&quot;:&quot;yes&quot;,&quot;mute&quot;:&quot;yes&quot;,&quot;loop&quot;:&quot;yes&quot;,&quot;video_type&quot;:&quot;youtube&quot;}\" data-widget_type=\"video.default\">\n\t\t\t\t<div class=\"elementor-widget-container\">\n\t\t\t\t\t\t\t<div class=\"elementor-wrapper elementor-open-inline\">\n\t\t\t<div class=\"elementor-video\"><\/div>\t\t<\/div>\n\t\t\t\t\t\t<\/div>\n\t\t\t\t<\/div>\n\t\t\t\t\t<\/div>\n\t\t<\/div>\n\t\t\t\t<div class=\"elementor-column elementor-col-50 elementor-top-column elementor-element elementor-element-ddcf6b9\" data-id=\"ddcf6b9\" data-element_type=\"column\" data-e-type=\"column\">\n\t\t\t<div class=\"elementor-widget-wrap elementor-element-populated\">\n\t\t\t\t\t\t<div class=\"elementor-element elementor-element-17b5bbb elementor-widget elementor-widget-text-editor\" data-id=\"17b5bbb\" data-element_type=\"widget\" data-e-type=\"widget\" data-widget_type=\"text-editor.default\">\n\t\t\t\t<div class=\"elementor-widget-container\">\n\t\t\t\t\t\t\t\t\t<p><strong>F\u00e5 koll p\u00e5 ditt omr\u00e5de i 360\u00b0!<\/strong><\/p>\n<p>Med Provision-ISR:s egen VR teknik, \u00e4ven kallad fisheye g\u00f6r detta det m\u00f6jligt f\u00f6r er att f\u00e5 en \u00f6vergripande blick \u00f6ver ett helt omr\u00e5de. Kameran g\u00f6r samma jobb som fyra andra kameror tillsammans!<\/p>\t\t\t\t\t\t\t\t<\/div>\n\t\t\t\t<\/div>\n\t\t\t\t\t<\/div>\n\t\t<\/div>\n\t\t\t\t\t<\/div>\n\t\t<\/section>\n\t\t\t\t<section class=\"elementor-section elementor-top-section elementor-element elementor-element-e76d0d3 elementor-section-boxed elementor-section-height-default elementor-section-height-default\" data-id=\"e76d0d3\" data-element_type=\"section\" data-e-type=\"section\">\n\t\t\t\t\t\t<div class=\"elementor-container elementor-column-gap-default\">\n\t\t\t\t\t<div class=\"elementor-column elementor-col-50 elementor-top-column elementor-element elementor-element-f6f9b56\" data-id=\"f6f9b56\" data-element_type=\"column\" data-e-type=\"column\">\n\t\t\t<div class=\"elementor-widget-wrap elementor-element-populated\">\n\t\t\t\t\t\t<div class=\"elementor-element elementor-element-21d03a4 elementor-widget elementor-widget-text-editor\" data-id=\"21d03a4\" data-element_type=\"widget\" data-e-type=\"widget\" data-widget_type=\"text-editor.default\">\n\t\t\t\t<div class=\"elementor-widget-container\">\n\t\t\t\t\t\t\t\t\t<p>\u00a0<\/p><p>Att erbjuda en 360-graders vision \u00e4r den st\u00f6rsta f\u00f6rdelen med Provision-ISR panoramakamera. Utvidgningen av synf\u00e4ltet som garanteras av denna enhet till\u00e5ter anv\u00e4ndaren att f\u00e5 en utm\u00e4rkt \u00f6verblick genom att undvika s\u00e5 kallade blindsporter.<\/p>\t\t\t\t\t\t\t\t<\/div>\n\t\t\t\t<\/div>\n\t\t\t\t\t<\/div>\n\t\t<\/div>\n\t\t\t\t<div class=\"elementor-column elementor-col-50 elementor-top-column elementor-element elementor-element-3955606\" data-id=\"3955606\" data-element_type=\"column\" data-e-type=\"column\">\n\t\t\t<div class=\"elementor-widget-wrap elementor-element-populated\">\n\t\t\t\t\t\t<div class=\"elementor-element elementor-element-1ec839c elementor-widget elementor-widget-image\" data-id=\"1ec839c\" data-element_type=\"widget\" data-e-type=\"widget\" data-widget_type=\"image.default\">\n\t\t\t\t<div class=\"elementor-widget-container\">\n\t\t\t\t\t\t\t\t\t\t\t\t\t\t\t<img decoding=\"async\" width=\"1024\" height=\"512\" src=\"https:\/\/provision-isr-sverige.se\/wp-content\/uploads\/2024\/02\/pm8ji3n0__VR-1024x512-1.png\" class=\"attachment-large size-large wp-image-3122\" alt=\"pm8ji3n0  VR 1024x512 1\" srcset=\"https:\/\/provision-isr-sverige.se\/wp-content\/uploads\/2024\/02\/pm8ji3n0__VR-1024x512-1.png 1024w, https:\/\/provision-isr-sverige.se\/wp-content\/uploads\/2024\/02\/pm8ji3n0__VR-1024x512-1-300x150.png 300w, https:\/\/provision-isr-sverige.se\/wp-content\/uploads\/2024\/02\/pm8ji3n0__VR-1024x512-1-768x384.png 768w, https:\/\/provision-isr-sverige.se\/wp-content\/uploads\/2024\/02\/pm8ji3n0__VR-1024x512-1-18x9.png 18w\" sizes=\"(max-width: 1024px) 100vw, 1024px\" \/>\t\t\t\t\t\t\t\t\t\t\t\t\t\t\t<\/div>\n\t\t\t\t<\/div>\n\t\t\t\t\t<\/div>\n\t\t<\/div>\n\t\t\t\t\t<\/div>\n\t\t<\/section>\n\t\t\t\t<\/div>\n\t\t","protected":false},"excerpt":{"rendered":"<p>https:\/\/www.youtube.com\/watch?v=V0H_AKJ88Dg F\u00e5 koll p\u00e5 ditt omr\u00e5de i 360\u00b0! Med Provision-ISR:s egen VR teknik, \u00e4ven kallad fisheye g\u00f6r detta det m\u00f6jligt f\u00f6r er att f\u00e5 en \u00f6vergripande blick \u00f6ver ett helt omr\u00e5de. Kameran g\u00f6r samma jobb som fyra andra kameror tillsammans! \u00a0 Att erbjuda en 360-graders vision \u00e4r den st\u00f6rsta f\u00f6rdelen med Provision-ISR panoramakamera. Utvidgningen av [&hellip;]<\/p>\n","protected":false},"author":2,"featured_media":0,"parent":0,"menu_order":0,"comment_status":"closed","ping_status":"closed","template":"","meta":{"site-sidebar-layout":"no-sidebar","site-content-layout":"","ast-site-content-layout":"full-width-container","site-content-style":"default","site-sidebar-style":"default","ast-global-header-display":"","ast-banner-title-visibility":"","ast-main-header-display":"","ast-hfb-above-header-display":"","ast-hfb-below-header-display":"","ast-hfb-mobile-header-display":"","site-post-title":"disabled","ast-breadcrumbs-content":"","ast-featured-img":"disabled","footer-sml-layout":"","ast-disable-related-posts":"","theme-transparent-header-meta":"","adv-header-id-meta":"","stick-header-meta":"","header-above-stick-meta":"","header-main-stick-meta":"","header-below-stick-meta":"","astra-migrate-meta-layouts":"default","ast-page-background-enabled":"default","ast-page-background-meta":{"desktop":{"background-color":"var(--ast-global-color-4)","background-image":"","background-repeat":"repeat","background-position":"center center","background-size":"auto","background-attachment":"scroll","background-type":"","background-media":"","overlay-type":"","overlay-color":"","overlay-opacity":"","overlay-gradient":""},"tablet":{"background-color":"","background-image":"","background-repeat":"repeat","background-position":"center center","background-size":"auto","background-attachment":"scroll","background-type":"","background-media":"","overlay-type":"","overlay-color":"","overlay-opacity":"","overlay-gradient":""},"mobile":{"background-color":"","background-image":"","background-repeat":"repeat","background-position":"center center","background-size":"auto","background-attachment":"scroll","background-type":"","background-media":"","overlay-type":"","overlay-color":"","overlay-opacity":"","overlay-gradient":""}},"ast-content-background-meta":{"desktop":{"background-color":"var(--ast-global-color-5)","background-image":"","background-repeat":"repeat","background-position":"center center","background-size":"auto","background-attachment":"scroll","background-type":"","background-media":"","overlay-type":"","overlay-color":"","overlay-opacity":"","overlay-gradient":""},"tablet":{"background-color":"var(--ast-global-color-5)","background-image":"","background-repeat":"repeat","background-position":"center center","background-size":"auto","background-attachment":"scroll","background-type":"","background-media":"","overlay-type":"","overlay-color":"","overlay-opacity":"","overlay-gradient":""},"mobile":{"background-color":"var(--ast-global-color-5)","background-image":"","background-repeat":"repeat","background-position":"center center","background-size":"auto","background-attachment":"scroll","background-type":"","background-media":"","overlay-type":"","overlay-color":"","overlay-opacity":"","overlay-gradient":""}},"footnotes":""},"class_list":["post-2890","page","type-page","status-publish","hentry"],"yoast_head":"<!-- This site is optimized with the Yoast SEO plugin v27.5 - https:\/\/yoast.com\/product\/yoast-seo-wordpress\/ -->\n<title>Fisheye - Provision-ISR-Sverige<\/title>\n<meta name=\"robots\" content=\"index, follow, max-snippet:-1, max-image-preview:large, max-video-preview:-1\" \/>\n<link rel=\"canonical\" href=\"https:\/\/provision-isr-sverige.se\/en\/fisheye\/\" \/>\n<meta property=\"og:locale\" content=\"en_GB\" \/>\n<meta property=\"og:type\" content=\"article\" \/>\n<meta property=\"og:title\" content=\"Fisheye - Provision-ISR-Sverige\" \/>\n<meta property=\"og:description\" content=\"https:\/\/www.youtube.com\/watch?v=V0H_AKJ88Dg F\u00e5 koll p\u00e5 ditt omr\u00e5de i 360\u00b0! Med Provision-ISR:s egen VR teknik, \u00e4ven kallad fisheye g\u00f6r detta det m\u00f6jligt f\u00f6r er att f\u00e5 en \u00f6vergripande blick \u00f6ver ett helt omr\u00e5de. Kameran g\u00f6r samma jobb som fyra andra kameror tillsammans! \u00a0 Att erbjuda en 360-graders vision \u00e4r den st\u00f6rsta f\u00f6rdelen med Provision-ISR panoramakamera. Utvidgningen av [&hellip;]\" \/>\n<meta property=\"og:url\" content=\"https:\/\/provision-isr-sverige.se\/en\/fisheye\/\" \/>\n<meta property=\"og:site_name\" content=\"Provision-ISR-Sverige\" \/>\n<meta property=\"article:modified_time\" content=\"2024-04-05T05:12:18+00:00\" \/>\n<meta property=\"og:image\" content=\"https:\/\/provision-isr-sverige.se\/wp-content\/uploads\/2024\/02\/pm8ji3n0__VR-1024x512-1.png\" \/>\n<meta name=\"twitter:card\" content=\"summary_large_image\" \/>\n<meta name=\"twitter:label1\" content=\"Estimated reading time\" \/>\n\t<meta name=\"twitter:data1\" content=\"1 minute\" \/>\n<script type=\"application\/ld+json\" class=\"yoast-schema-graph\">{\"@context\":\"https:\\\/\\\/schema.org\",\"@graph\":[{\"@type\":\"WebPage\",\"@id\":\"https:\\\/\\\/provision-isr-sverige.se\\\/fisheye\\\/\",\"url\":\"https:\\\/\\\/provision-isr-sverige.se\\\/fisheye\\\/\",\"name\":\"Fisheye - Provision-ISR-Sverige\",\"isPartOf\":{\"@id\":\"https:\\\/\\\/provision-isr-sverige.se\\\/#website\"},\"primaryImageOfPage\":{\"@id\":\"https:\\\/\\\/provision-isr-sverige.se\\\/fisheye\\\/#primaryimage\"},\"image\":{\"@id\":\"https:\\\/\\\/provision-isr-sverige.se\\\/fisheye\\\/#primaryimage\"},\"thumbnailUrl\":\"https:\\\/\\\/provision-isr-sverige.se\\\/wp-content\\\/uploads\\\/2024\\\/02\\\/pm8ji3n0__VR-1024x512-1.png\",\"datePublished\":\"2024-02-21T12:03:51+00:00\",\"dateModified\":\"2024-04-05T05:12:18+00:00\",\"breadcrumb\":{\"@id\":\"https:\\\/\\\/provision-isr-sverige.se\\\/fisheye\\\/#breadcrumb\"},\"inLanguage\":\"en-GB\",\"potentialAction\":[{\"@type\":\"ReadAction\",\"target\":[\"https:\\\/\\\/provision-isr-sverige.se\\\/fisheye\\\/\"]}]},{\"@type\":\"ImageObject\",\"inLanguage\":\"en-GB\",\"@id\":\"https:\\\/\\\/provision-isr-sverige.se\\\/fisheye\\\/#primaryimage\",\"url\":\"https:\\\/\\\/provision-isr-sverige.se\\\/wp-content\\\/uploads\\\/2024\\\/02\\\/pm8ji3n0__VR-1024x512-1.png\",\"contentUrl\":\"https:\\\/\\\/provision-isr-sverige.se\\\/wp-content\\\/uploads\\\/2024\\\/02\\\/pm8ji3n0__VR-1024x512-1.png\"},{\"@type\":\"BreadcrumbList\",\"@id\":\"https:\\\/\\\/provision-isr-sverige.se\\\/fisheye\\\/#breadcrumb\",\"itemListElement\":[{\"@type\":\"ListItem\",\"position\":1,\"name\":\"Hem\",\"item\":\"https:\\\/\\\/provision-isr-sverige.se\\\/\"},{\"@type\":\"ListItem\",\"position\":2,\"name\":\"Fisheye\"}]},{\"@type\":\"WebSite\",\"@id\":\"https:\\\/\\\/provision-isr-sverige.se\\\/#website\",\"url\":\"https:\\\/\\\/provision-isr-sverige.se\\\/\",\"name\":\"Provision-ISR-Sverige\",\"description\":\"provision-isr-sverige.se\",\"publisher\":{\"@id\":\"https:\\\/\\\/provision-isr-sverige.se\\\/#organization\"},\"potentialAction\":[{\"@type\":\"SearchAction\",\"target\":{\"@type\":\"EntryPoint\",\"urlTemplate\":\"https:\\\/\\\/provision-isr-sverige.se\\\/?s={search_term_string}\"},\"query-input\":{\"@type\":\"PropertyValueSpecification\",\"valueRequired\":true,\"valueName\":\"search_term_string\"}}],\"inLanguage\":\"en-GB\"},{\"@type\":\"Organization\",\"@id\":\"https:\\\/\\\/provision-isr-sverige.se\\\/#organization\",\"name\":\"Provision-ISR-Sverige\",\"url\":\"https:\\\/\\\/provision-isr-sverige.se\\\/\",\"logo\":{\"@type\":\"ImageObject\",\"inLanguage\":\"en-GB\",\"@id\":\"https:\\\/\\\/provision-isr-sverige.se\\\/#\\\/schema\\\/logo\\\/image\\\/\",\"url\":\"https:\\\/\\\/provision-isr-sverige.se\\\/wp-content\\\/uploads\\\/2025\\\/02\\\/newpdflogo-1024x323-1.webp\",\"contentUrl\":\"https:\\\/\\\/provision-isr-sverige.se\\\/wp-content\\\/uploads\\\/2025\\\/02\\\/newpdflogo-1024x323-1.webp\",\"width\":1024,\"height\":323,\"caption\":\"Provision-ISR-Sverige\"},\"image\":{\"@id\":\"https:\\\/\\\/provision-isr-sverige.se\\\/#\\\/schema\\\/logo\\\/image\\\/\"}}]}<\/script>\n<!-- \/ Yoast SEO plugin. -->","yoast_head_json":{"title":"Fisheye - Provision-ISR-Sverige","robots":{"index":"index","follow":"follow","max-snippet":"max-snippet:-1","max-image-preview":"max-image-preview:large","max-video-preview":"max-video-preview:-1"},"canonical":"https:\/\/provision-isr-sverige.se\/en\/fisheye\/","og_locale":"en_GB","og_type":"article","og_title":"Fisheye - Provision-ISR-Sverige","og_description":"https:\/\/www.youtube.com\/watch?v=V0H_AKJ88Dg F\u00e5 koll p\u00e5 ditt omr\u00e5de i 360\u00b0! Med Provision-ISR:s egen VR teknik, \u00e4ven kallad fisheye g\u00f6r detta det m\u00f6jligt f\u00f6r er att f\u00e5 en \u00f6vergripande blick \u00f6ver ett helt omr\u00e5de. Kameran g\u00f6r samma jobb som fyra andra kameror tillsammans! \u00a0 Att erbjuda en 360-graders vision \u00e4r den st\u00f6rsta f\u00f6rdelen med Provision-ISR panoramakamera. Utvidgningen av [&hellip;]","og_url":"https:\/\/provision-isr-sverige.se\/en\/fisheye\/","og_site_name":"Provision-ISR-Sverige","article_modified_time":"2024-04-05T05:12:18+00:00","og_image":[{"url":"https:\/\/provision-isr-sverige.se\/wp-content\/uploads\/2024\/02\/pm8ji3n0__VR-1024x512-1.png","type":"","width":"","height":""}],"twitter_card":"summary_large_image","twitter_misc":{"Estimated reading time":"1 minute"},"schema":{"@context":"https:\/\/schema.org","@graph":[{"@type":"WebPage","@id":"https:\/\/provision-isr-sverige.se\/fisheye\/","url":"https:\/\/provision-isr-sverige.se\/fisheye\/","name":"Fisheye - Provision-ISR-Sverige","isPartOf":{"@id":"https:\/\/provision-isr-sverige.se\/#website"},"primaryImageOfPage":{"@id":"https:\/\/provision-isr-sverige.se\/fisheye\/#primaryimage"},"image":{"@id":"https:\/\/provision-isr-sverige.se\/fisheye\/#primaryimage"},"thumbnailUrl":"https:\/\/provision-isr-sverige.se\/wp-content\/uploads\/2024\/02\/pm8ji3n0__VR-1024x512-1.png","datePublished":"2024-02-21T12:03:51+00:00","dateModified":"2024-04-05T05:12:18+00:00","breadcrumb":{"@id":"https:\/\/provision-isr-sverige.se\/fisheye\/#breadcrumb"},"inLanguage":"en-GB","potentialAction":[{"@type":"ReadAction","target":["https:\/\/provision-isr-sverige.se\/fisheye\/"]}]},{"@type":"ImageObject","inLanguage":"en-GB","@id":"https:\/\/provision-isr-sverige.se\/fisheye\/#primaryimage","url":"https:\/\/provision-isr-sverige.se\/wp-content\/uploads\/2024\/02\/pm8ji3n0__VR-1024x512-1.png","contentUrl":"https:\/\/provision-isr-sverige.se\/wp-content\/uploads\/2024\/02\/pm8ji3n0__VR-1024x512-1.png"},{"@type":"BreadcrumbList","@id":"https:\/\/provision-isr-sverige.se\/fisheye\/#breadcrumb","itemListElement":[{"@type":"ListItem","position":1,"name":"Hem","item":"https:\/\/provision-isr-sverige.se\/"},{"@type":"ListItem","position":2,"name":"Fisheye"}]},{"@type":"WebSite","@id":"https:\/\/provision-isr-sverige.se\/#website","url":"https:\/\/provision-isr-sverige.se\/","name":"Provision-ISR-Sverige","description":"provision-isr-sverige.se","publisher":{"@id":"https:\/\/provision-isr-sverige.se\/#organization"},"potentialAction":[{"@type":"SearchAction","target":{"@type":"EntryPoint","urlTemplate":"https:\/\/provision-isr-sverige.se\/?s={search_term_string}"},"query-input":{"@type":"PropertyValueSpecification","valueRequired":true,"valueName":"search_term_string"}}],"inLanguage":"en-GB"},{"@type":"Organization","@id":"https:\/\/provision-isr-sverige.se\/#organization","name":"Provision-ISR-Sverige","url":"https:\/\/provision-isr-sverige.se\/","logo":{"@type":"ImageObject","inLanguage":"en-GB","@id":"https:\/\/provision-isr-sverige.se\/#\/schema\/logo\/image\/","url":"https:\/\/provision-isr-sverige.se\/wp-content\/uploads\/2025\/02\/newpdflogo-1024x323-1.webp","contentUrl":"https:\/\/provision-isr-sverige.se\/wp-content\/uploads\/2025\/02\/newpdflogo-1024x323-1.webp","width":1024,"height":323,"caption":"Provision-ISR-Sverige"},"image":{"@id":"https:\/\/provision-isr-sverige.se\/#\/schema\/logo\/image\/"}}]}},"_links":{"self":[{"href":"https:\/\/provision-isr-sverige.se\/en\/wp-json\/wp\/v2\/pages\/2890","targetHints":{"allow":["GET"]}}],"collection":[{"href":"https:\/\/provision-isr-sverige.se\/en\/wp-json\/wp\/v2\/pages"}],"about":[{"href":"https:\/\/provision-isr-sverige.se\/en\/wp-json\/wp\/v2\/types\/page"}],"author":[{"embeddable":true,"href":"https:\/\/provision-isr-sverige.se\/en\/wp-json\/wp\/v2\/users\/2"}],"replies":[{"embeddable":true,"href":"https:\/\/provision-isr-sverige.se\/en\/wp-json\/wp\/v2\/comments?post=2890"}],"version-history":[{"count":16,"href":"https:\/\/provision-isr-sverige.se\/en\/wp-json\/wp\/v2\/pages\/2890\/revisions"}],"predecessor-version":[{"id":5159,"href":"https:\/\/provision-isr-sverige.se\/en\/wp-json\/wp\/v2\/pages\/2890\/revisions\/5159"}],"wp:attachment":[{"href":"https:\/\/provision-isr-sverige.se\/en\/wp-json\/wp\/v2\/media?parent=2890"}],"curies":[{"name":"wp","href":"https:\/\/api.w.org\/{rel}","templated":true}]}}