{"id":2346,"date":"2024-02-08T13:24:47","date_gmt":"2024-02-08T13:24:47","guid":{"rendered":"https:\/\/provision-isr-sverige.se\/?page_id=2346"},"modified":"2024-02-12T13:10:09","modified_gmt":"2024-02-12T13:10:09","slug":"gdpr","status":"publish","type":"page","link":"https:\/\/provision-isr-sverige.se\/en\/gdpr\/","title":{"rendered":"GDPR"},"content":{"rendered":"<div data-elementor-type=\"wp-page\" data-elementor-id=\"2346\" class=\"elementor elementor-2346\" data-elementor-post-type=\"page\">\n\t\t\t\t\t\t<section class=\"elementor-section elementor-top-section elementor-element elementor-element-38152a7 elementor-section-boxed elementor-section-height-default elementor-section-height-default\" data-id=\"38152a7\" data-element_type=\"section\" data-e-type=\"section\">\n\t\t\t\t\t\t<div class=\"elementor-container elementor-column-gap-default\">\n\t\t\t\t\t<div class=\"elementor-column elementor-col-100 elementor-top-column elementor-element elementor-element-3bdfb96\" data-id=\"3bdfb96\" data-element_type=\"column\" data-e-type=\"column\">\n\t\t\t<div class=\"elementor-widget-wrap elementor-element-populated\">\n\t\t\t\t\t\t<div class=\"elementor-element elementor-element-946437f elementor-widget elementor-widget-heading\" data-id=\"946437f\" data-element_type=\"widget\" data-e-type=\"widget\" data-widget_type=\"heading.default\">\n\t\t\t\t<div class=\"elementor-widget-container\">\n\t\t\t\t\t<h2 class=\"elementor-heading-title elementor-size-default\">GDPR<\/h2>\t\t\t\t<\/div>\n\t\t\t\t<\/div>\n\t\t\t\t\t<\/div>\n\t\t<\/div>\n\t\t\t\t\t<\/div>\n\t\t<\/section>\n\t\t\t\t<section class=\"elementor-section elementor-top-section elementor-element elementor-element-424b667 elementor-section-boxed elementor-section-height-default elementor-section-height-default\" data-id=\"424b667\" data-element_type=\"section\" data-e-type=\"section\">\n\t\t\t\t\t\t<div class=\"elementor-container elementor-column-gap-default\">\n\t\t\t\t\t<div class=\"elementor-column elementor-col-50 elementor-top-column elementor-element elementor-element-f2db808\" data-id=\"f2db808\" data-element_type=\"column\" data-e-type=\"column\">\n\t\t\t<div class=\"elementor-widget-wrap elementor-element-populated\">\n\t\t\t\t\t\t<div class=\"elementor-element elementor-element-ad67af4 elementor-widget elementor-widget-text-editor\" data-id=\"ad67af4\" data-element_type=\"widget\" data-e-type=\"widget\" data-widget_type=\"text-editor.default\">\n\t\t\t\t<div class=\"elementor-widget-container\">\n\t\t\t\t\t\t\t\t\t<p>When it comes to data security, this can be divided into two parts;<strong>\"data privacy\"<\/strong>and<strong>\"data protection\"<\/strong>The first part, data privacy, applies to all organizations subject to the GDPR, and involves empowering users of the equipment to make their own empowering users of the equipment to make their own choices about handling data, regarding who can handle which data and for which purpose, in accordance with the GDPR (gdpr.eu\/data-privacy\/). The second part, data protection, is about keeping data safe from unauthorized access.<\/p><p>Provision-ISR continuously works with both of these and puts great resources into parts that data is protected from unauthorized access as well as users' GDPR privacy.<\/p>\t\t\t\t\t\t\t\t<\/div>\n\t\t\t\t<\/div>\n\t\t\t\t\t<\/div>\n\t\t<\/div>\n\t\t\t\t<div class=\"elementor-column elementor-col-50 elementor-top-column elementor-element elementor-element-65157d1\" data-id=\"65157d1\" data-element_type=\"column\" data-e-type=\"column\">\n\t\t\t<div class=\"elementor-widget-wrap elementor-element-populated\">\n\t\t\t\t\t\t<div class=\"elementor-element elementor-element-a69f8bc elementor-widget elementor-widget-image\" data-id=\"a69f8bc\" data-element_type=\"widget\" data-e-type=\"widget\" data-widget_type=\"image.default\">\n\t\t\t\t<div class=\"elementor-widget-container\">\n\t\t\t\t\t\t\t\t\t\t\t\t\t\t\t<img fetchpriority=\"high\" decoding=\"async\" width=\"300\" height=\"169\" src=\"https:\/\/provision-isr-sverige.se\/wp-content\/uploads\/2024\/02\/gdpr2-300x169.jpg\" class=\"attachment-medium size-medium wp-image-2466\" alt=\"gdpr2\" srcset=\"https:\/\/provision-isr-sverige.se\/wp-content\/uploads\/2024\/02\/gdpr2-300x169.jpg 300w, https:\/\/provision-isr-sverige.se\/wp-content\/uploads\/2024\/02\/gdpr2-1024x576.jpg 1024w, https:\/\/provision-isr-sverige.se\/wp-content\/uploads\/2024\/02\/gdpr2-768x432.jpg 768w, https:\/\/provision-isr-sverige.se\/wp-content\/uploads\/2024\/02\/gdpr2-1536x864.jpg 1536w, https:\/\/provision-isr-sverige.se\/wp-content\/uploads\/2024\/02\/gdpr2-18x10.jpg 18w, https:\/\/provision-isr-sverige.se\/wp-content\/uploads\/2024\/02\/gdpr2.jpg 1920w\" sizes=\"(max-width: 300px) 100vw, 300px\" \/>\t\t\t\t\t\t\t\t\t\t\t\t\t\t\t<\/div>\n\t\t\t\t<\/div>\n\t\t\t\t\t<\/div>\n\t\t<\/div>\n\t\t\t\t\t<\/div>\n\t\t<\/section>\n\t\t\t\t<section class=\"elementor-section elementor-top-section elementor-element elementor-element-a387b80 elementor-section-boxed elementor-section-height-default elementor-section-height-default\" data-id=\"a387b80\" data-element_type=\"section\" data-e-type=\"section\">\n\t\t\t\t\t\t<div class=\"elementor-container elementor-column-gap-default\">\n\t\t\t\t\t<div class=\"elementor-column elementor-col-50 elementor-top-column elementor-element elementor-element-6ebab6d\" data-id=\"6ebab6d\" data-element_type=\"column\" data-e-type=\"column\">\n\t\t\t<div class=\"elementor-widget-wrap elementor-element-populated\">\n\t\t\t\t\t\t<div class=\"elementor-element elementor-element-2a078ad elementor-widget elementor-widget-text-editor\" data-id=\"2a078ad\" data-element_type=\"widget\" data-e-type=\"widget\" data-widget_type=\"text-editor.default\">\n\t\t\t\t<div class=\"elementor-widget-container\">\n\t\t\t\t\t\t\t\t\t<p><\/p>\n<p><strong>The OSSIA platform (version 1.4.1 and up) includes the following:<\/strong><\/p>\n<p>\u2022 Connection via secure P2P cloud service<br>\u2022 Encrypted password recovery mechanism<br>\u2022 Blacklisting\/whitelisting<br>\u2022 Advanced management of user permissions<br>\u2022 Automatic logout<br>\u2022 Telnet port closing<br>\u2022 The ability to disable video on logout<br>\u2022 Password strength indicator<br>\u2022 Default password prompt<br>\u2022 Enhanced protection against password generator<br>\u2022 HTTPS Security Protocol<br>\u2022 802.X Security Protocol<br>\u2022 Auto update via cloud service<br>\u2022 Encrypted configuration files<br>\u2022 HDD data encryption<br>\u2022 Encrypted backup of video<br>\u2022 Detailed user privacy policy<br>\u2022 Mandatory password change<br>\u2022  SDK\/API server<br>\u2022 Six months of detailed system log<br>\u2022 The ability to set individual storage time limitations per channel<br>\u2022 Secure RS-232 connection<br>\u2022 Configurable default password strength requirement<br>\u2022 The ability to set the password validity period<\/p>\t\t\t\t\t\t\t\t<\/div>\n\t\t\t\t<\/div>\n\t\t\t\t\t<\/div>\n\t\t<\/div>\n\t\t\t\t<div class=\"elementor-column elementor-col-50 elementor-top-column elementor-element elementor-element-d464fd4\" data-id=\"d464fd4\" data-element_type=\"column\" data-e-type=\"column\">\n\t\t\t<div class=\"elementor-widget-wrap elementor-element-populated\">\n\t\t\t\t\t\t<div class=\"elementor-element elementor-element-b467681 elementor-widget elementor-widget-image\" data-id=\"b467681\" data-element_type=\"widget\" data-e-type=\"widget\" data-widget_type=\"image.default\">\n\t\t\t\t<div class=\"elementor-widget-container\">\n\t\t\t\t\t\t\t\t\t\t\t\t\t\t\t<img decoding=\"async\" width=\"441\" height=\"362\" src=\"https:\/\/provision-isr-sverige.se\/wp-content\/uploads\/2024\/02\/ossia.png\" class=\"attachment-large size-large wp-image-2471\" alt=\"ossia\" srcset=\"https:\/\/provision-isr-sverige.se\/wp-content\/uploads\/2024\/02\/ossia.png 441w, https:\/\/provision-isr-sverige.se\/wp-content\/uploads\/2024\/02\/ossia-300x246.png 300w, https:\/\/provision-isr-sverige.se\/wp-content\/uploads\/2024\/02\/ossia-15x12.png 15w\" sizes=\"(max-width: 441px) 100vw, 441px\" \/>\t\t\t\t\t\t\t\t\t\t\t\t\t\t\t<\/div>\n\t\t\t\t<\/div>\n\t\t\t\t\t<\/div>\n\t\t<\/div>\n\t\t\t\t\t<\/div>\n\t\t<\/section>\n\t\t\t\t<\/div>","protected":false},"excerpt":{"rendered":"<p>GDPR N\u00e4r det g\u00e4ller datas\u00e4kerhet kan man dela in detta i tv\u00e5 delar; &#8221;datasekretess&#8221; och &#8221;dataskydd&#8221;. Den f\u00f6rsta delen, datasekretess, \u00e4r\u00a0till\u00e4mplig f\u00f6r alla organisationer som \u00e4r f\u00f6rem\u00e5l f\u00f6r GDPR, och inneb\u00e4r att bemyndiga anv\u00e4ndaren av utrustningen att kunna g\u00f6ra sina egna val kring hantering av datan, g\u00e4llande vem som kan hantera vilken data och i [&hellip;]<\/p>\n","protected":false},"author":2,"featured_media":0,"parent":0,"menu_order":0,"comment_status":"closed","ping_status":"closed","template":"","meta":{"site-sidebar-layout":"no-sidebar","site-content-layout":"","ast-site-content-layout":"full-width-container","site-content-style":"default","site-sidebar-style":"default","ast-global-header-display":"","ast-banner-title-visibility":"","ast-main-header-display":"","ast-hfb-above-header-display":"","ast-hfb-below-header-display":"","ast-hfb-mobile-header-display":"","site-post-title":"disabled","ast-breadcrumbs-content":"","ast-featured-img":"disabled","footer-sml-layout":"","ast-disable-related-posts":"","theme-transparent-header-meta":"","adv-header-id-meta":"","stick-header-meta":"","header-above-stick-meta":"","header-main-stick-meta":"","header-below-stick-meta":"","astra-migrate-meta-layouts":"default","ast-page-background-enabled":"default","ast-page-background-meta":{"desktop":{"background-color":"var(--ast-global-color-4)","background-image":"","background-repeat":"repeat","background-position":"center center","background-size":"auto","background-attachment":"scroll","background-type":"","background-media":"","overlay-type":"","overlay-color":"","overlay-opacity":"","overlay-gradient":""},"tablet":{"background-color":"","background-image":"","background-repeat":"repeat","background-position":"center center","background-size":"auto","background-attachment":"scroll","background-type":"","background-media":"","overlay-type":"","overlay-color":"","overlay-opacity":"","overlay-gradient":""},"mobile":{"background-color":"","background-image":"","background-repeat":"repeat","background-position":"center center","background-size":"auto","background-attachment":"scroll","background-type":"","background-media":"","overlay-type":"","overlay-color":"","overlay-opacity":"","overlay-gradient":""}},"ast-content-background-meta":{"desktop":{"background-color":"var(--ast-global-color-5)","background-image":"","background-repeat":"repeat","background-position":"center center","background-size":"auto","background-attachment":"scroll","background-type":"","background-media":"","overlay-type":"","overlay-color":"","overlay-opacity":"","overlay-gradient":""},"tablet":{"background-color":"var(--ast-global-color-5)","background-image":"","background-repeat":"repeat","background-position":"center center","background-size":"auto","background-attachment":"scroll","background-type":"","background-media":"","overlay-type":"","overlay-color":"","overlay-opacity":"","overlay-gradient":""},"mobile":{"background-color":"var(--ast-global-color-5)","background-image":"","background-repeat":"repeat","background-position":"center center","background-size":"auto","background-attachment":"scroll","background-type":"","background-media":"","overlay-type":"","overlay-color":"","overlay-opacity":"","overlay-gradient":""}},"footnotes":""},"class_list":["post-2346","page","type-page","status-publish","hentry"],"yoast_head":"<!-- This site is optimized with the Yoast SEO plugin v27.5 - https:\/\/yoast.com\/product\/yoast-seo-wordpress\/ -->\n<title>GDPR - Provision-ISR-Sverige<\/title>\n<meta name=\"robots\" content=\"index, follow, max-snippet:-1, max-image-preview:large, max-video-preview:-1\" \/>\n<link rel=\"canonical\" href=\"https:\/\/provision-isr-sverige.se\/en\/gdpr\/\" \/>\n<meta property=\"og:locale\" content=\"en_GB\" \/>\n<meta property=\"og:type\" content=\"article\" \/>\n<meta property=\"og:title\" content=\"GDPR - Provision-ISR-Sverige\" \/>\n<meta property=\"og:description\" content=\"GDPR N\u00e4r det g\u00e4ller datas\u00e4kerhet kan man dela in detta i tv\u00e5 delar; &#8221;datasekretess&#8221; och &#8221;dataskydd&#8221;. Den f\u00f6rsta delen, datasekretess, \u00e4r\u00a0till\u00e4mplig f\u00f6r alla organisationer som \u00e4r f\u00f6rem\u00e5l f\u00f6r GDPR, och inneb\u00e4r att bemyndiga anv\u00e4ndaren av utrustningen att kunna g\u00f6ra sina egna val kring hantering av datan, g\u00e4llande vem som kan hantera vilken data och i [&hellip;]\" \/>\n<meta property=\"og:url\" content=\"https:\/\/provision-isr-sverige.se\/en\/gdpr\/\" \/>\n<meta property=\"og:site_name\" content=\"Provision-ISR-Sverige\" \/>\n<meta property=\"article:modified_time\" content=\"2024-02-12T13:10:09+00:00\" \/>\n<meta property=\"og:image\" content=\"https:\/\/provision-isr-sverige.se\/wp-content\/uploads\/2024\/02\/gdpr2-1024x576.jpg\" \/>\n\t<meta property=\"og:image:width\" content=\"1024\" \/>\n\t<meta property=\"og:image:height\" content=\"576\" \/>\n\t<meta property=\"og:image:type\" content=\"image\/jpeg\" \/>\n<meta name=\"twitter:card\" content=\"summary_large_image\" \/>\n<meta name=\"twitter:label1\" content=\"Estimated reading time\" \/>\n\t<meta name=\"twitter:data1\" content=\"1 minute\" \/>\n<script type=\"application\/ld+json\" class=\"yoast-schema-graph\">{\"@context\":\"https:\\\/\\\/schema.org\",\"@graph\":[{\"@type\":\"WebPage\",\"@id\":\"https:\\\/\\\/provision-isr-sverige.se\\\/gdpr\\\/\",\"url\":\"https:\\\/\\\/provision-isr-sverige.se\\\/gdpr\\\/\",\"name\":\"GDPR - Provision-ISR-Sverige\",\"isPartOf\":{\"@id\":\"https:\\\/\\\/provision-isr-sverige.se\\\/#website\"},\"primaryImageOfPage\":{\"@id\":\"https:\\\/\\\/provision-isr-sverige.se\\\/gdpr\\\/#primaryimage\"},\"image\":{\"@id\":\"https:\\\/\\\/provision-isr-sverige.se\\\/gdpr\\\/#primaryimage\"},\"thumbnailUrl\":\"https:\\\/\\\/provision-isr-sverige.se\\\/wp-content\\\/uploads\\\/2024\\\/02\\\/gdpr2-300x169.jpg\",\"datePublished\":\"2024-02-08T13:24:47+00:00\",\"dateModified\":\"2024-02-12T13:10:09+00:00\",\"breadcrumb\":{\"@id\":\"https:\\\/\\\/provision-isr-sverige.se\\\/gdpr\\\/#breadcrumb\"},\"inLanguage\":\"en-GB\",\"potentialAction\":[{\"@type\":\"ReadAction\",\"target\":[\"https:\\\/\\\/provision-isr-sverige.se\\\/gdpr\\\/\"]}]},{\"@type\":\"ImageObject\",\"inLanguage\":\"en-GB\",\"@id\":\"https:\\\/\\\/provision-isr-sverige.se\\\/gdpr\\\/#primaryimage\",\"url\":\"https:\\\/\\\/provision-isr-sverige.se\\\/wp-content\\\/uploads\\\/2024\\\/02\\\/gdpr2-300x169.jpg\",\"contentUrl\":\"https:\\\/\\\/provision-isr-sverige.se\\\/wp-content\\\/uploads\\\/2024\\\/02\\\/gdpr2-300x169.jpg\"},{\"@type\":\"BreadcrumbList\",\"@id\":\"https:\\\/\\\/provision-isr-sverige.se\\\/gdpr\\\/#breadcrumb\",\"itemListElement\":[{\"@type\":\"ListItem\",\"position\":1,\"name\":\"Hem\",\"item\":\"https:\\\/\\\/provision-isr-sverige.se\\\/\"},{\"@type\":\"ListItem\",\"position\":2,\"name\":\"GDPR\"}]},{\"@type\":\"WebSite\",\"@id\":\"https:\\\/\\\/provision-isr-sverige.se\\\/#website\",\"url\":\"https:\\\/\\\/provision-isr-sverige.se\\\/\",\"name\":\"Provision-ISR-Sverige\",\"description\":\"provision-isr-sverige.se\",\"publisher\":{\"@id\":\"https:\\\/\\\/provision-isr-sverige.se\\\/#organization\"},\"potentialAction\":[{\"@type\":\"SearchAction\",\"target\":{\"@type\":\"EntryPoint\",\"urlTemplate\":\"https:\\\/\\\/provision-isr-sverige.se\\\/?s={search_term_string}\"},\"query-input\":{\"@type\":\"PropertyValueSpecification\",\"valueRequired\":true,\"valueName\":\"search_term_string\"}}],\"inLanguage\":\"en-GB\"},{\"@type\":\"Organization\",\"@id\":\"https:\\\/\\\/provision-isr-sverige.se\\\/#organization\",\"name\":\"Provision-ISR-Sverige\",\"url\":\"https:\\\/\\\/provision-isr-sverige.se\\\/\",\"logo\":{\"@type\":\"ImageObject\",\"inLanguage\":\"en-GB\",\"@id\":\"https:\\\/\\\/provision-isr-sverige.se\\\/#\\\/schema\\\/logo\\\/image\\\/\",\"url\":\"https:\\\/\\\/provision-isr-sverige.se\\\/wp-content\\\/uploads\\\/2025\\\/02\\\/newpdflogo-1024x323-1.webp\",\"contentUrl\":\"https:\\\/\\\/provision-isr-sverige.se\\\/wp-content\\\/uploads\\\/2025\\\/02\\\/newpdflogo-1024x323-1.webp\",\"width\":1024,\"height\":323,\"caption\":\"Provision-ISR-Sverige\"},\"image\":{\"@id\":\"https:\\\/\\\/provision-isr-sverige.se\\\/#\\\/schema\\\/logo\\\/image\\\/\"}}]}<\/script>\n<!-- \/ Yoast SEO plugin. -->","yoast_head_json":{"title":"GDPR - Provision-ISR-Sverige","robots":{"index":"index","follow":"follow","max-snippet":"max-snippet:-1","max-image-preview":"max-image-preview:large","max-video-preview":"max-video-preview:-1"},"canonical":"https:\/\/provision-isr-sverige.se\/en\/gdpr\/","og_locale":"en_GB","og_type":"article","og_title":"GDPR - Provision-ISR-Sverige","og_description":"GDPR N\u00e4r det g\u00e4ller datas\u00e4kerhet kan man dela in detta i tv\u00e5 delar; &#8221;datasekretess&#8221; och &#8221;dataskydd&#8221;. Den f\u00f6rsta delen, datasekretess, \u00e4r\u00a0till\u00e4mplig f\u00f6r alla organisationer som \u00e4r f\u00f6rem\u00e5l f\u00f6r GDPR, och inneb\u00e4r att bemyndiga anv\u00e4ndaren av utrustningen att kunna g\u00f6ra sina egna val kring hantering av datan, g\u00e4llande vem som kan hantera vilken data och i [&hellip;]","og_url":"https:\/\/provision-isr-sverige.se\/en\/gdpr\/","og_site_name":"Provision-ISR-Sverige","article_modified_time":"2024-02-12T13:10:09+00:00","og_image":[{"width":1024,"height":576,"url":"https:\/\/provision-isr-sverige.se\/wp-content\/uploads\/2024\/02\/gdpr2-1024x576.jpg","type":"image\/jpeg"}],"twitter_card":"summary_large_image","twitter_misc":{"Estimated reading time":"1 minute"},"schema":{"@context":"https:\/\/schema.org","@graph":[{"@type":"WebPage","@id":"https:\/\/provision-isr-sverige.se\/gdpr\/","url":"https:\/\/provision-isr-sverige.se\/gdpr\/","name":"GDPR - Provision-ISR-Sverige","isPartOf":{"@id":"https:\/\/provision-isr-sverige.se\/#website"},"primaryImageOfPage":{"@id":"https:\/\/provision-isr-sverige.se\/gdpr\/#primaryimage"},"image":{"@id":"https:\/\/provision-isr-sverige.se\/gdpr\/#primaryimage"},"thumbnailUrl":"https:\/\/provision-isr-sverige.se\/wp-content\/uploads\/2024\/02\/gdpr2-300x169.jpg","datePublished":"2024-02-08T13:24:47+00:00","dateModified":"2024-02-12T13:10:09+00:00","breadcrumb":{"@id":"https:\/\/provision-isr-sverige.se\/gdpr\/#breadcrumb"},"inLanguage":"en-GB","potentialAction":[{"@type":"ReadAction","target":["https:\/\/provision-isr-sverige.se\/gdpr\/"]}]},{"@type":"ImageObject","inLanguage":"en-GB","@id":"https:\/\/provision-isr-sverige.se\/gdpr\/#primaryimage","url":"https:\/\/provision-isr-sverige.se\/wp-content\/uploads\/2024\/02\/gdpr2-300x169.jpg","contentUrl":"https:\/\/provision-isr-sverige.se\/wp-content\/uploads\/2024\/02\/gdpr2-300x169.jpg"},{"@type":"BreadcrumbList","@id":"https:\/\/provision-isr-sverige.se\/gdpr\/#breadcrumb","itemListElement":[{"@type":"ListItem","position":1,"name":"Hem","item":"https:\/\/provision-isr-sverige.se\/"},{"@type":"ListItem","position":2,"name":"GDPR"}]},{"@type":"WebSite","@id":"https:\/\/provision-isr-sverige.se\/#website","url":"https:\/\/provision-isr-sverige.se\/","name":"Provision-ISR-Sverige","description":"provision-isr-sverige.se","publisher":{"@id":"https:\/\/provision-isr-sverige.se\/#organization"},"potentialAction":[{"@type":"SearchAction","target":{"@type":"EntryPoint","urlTemplate":"https:\/\/provision-isr-sverige.se\/?s={search_term_string}"},"query-input":{"@type":"PropertyValueSpecification","valueRequired":true,"valueName":"search_term_string"}}],"inLanguage":"en-GB"},{"@type":"Organization","@id":"https:\/\/provision-isr-sverige.se\/#organization","name":"Provision-ISR-Sverige","url":"https:\/\/provision-isr-sverige.se\/","logo":{"@type":"ImageObject","inLanguage":"en-GB","@id":"https:\/\/provision-isr-sverige.se\/#\/schema\/logo\/image\/","url":"https:\/\/provision-isr-sverige.se\/wp-content\/uploads\/2025\/02\/newpdflogo-1024x323-1.webp","contentUrl":"https:\/\/provision-isr-sverige.se\/wp-content\/uploads\/2025\/02\/newpdflogo-1024x323-1.webp","width":1024,"height":323,"caption":"Provision-ISR-Sverige"},"image":{"@id":"https:\/\/provision-isr-sverige.se\/#\/schema\/logo\/image\/"}}]}},"_links":{"self":[{"href":"https:\/\/provision-isr-sverige.se\/en\/wp-json\/wp\/v2\/pages\/2346","targetHints":{"allow":["GET"]}}],"collection":[{"href":"https:\/\/provision-isr-sverige.se\/en\/wp-json\/wp\/v2\/pages"}],"about":[{"href":"https:\/\/provision-isr-sverige.se\/en\/wp-json\/wp\/v2\/types\/page"}],"author":[{"embeddable":true,"href":"https:\/\/provision-isr-sverige.se\/en\/wp-json\/wp\/v2\/users\/2"}],"replies":[{"embeddable":true,"href":"https:\/\/provision-isr-sverige.se\/en\/wp-json\/wp\/v2\/comments?post=2346"}],"version-history":[{"count":22,"href":"https:\/\/provision-isr-sverige.se\/en\/wp-json\/wp\/v2\/pages\/2346\/revisions"}],"predecessor-version":[{"id":2569,"href":"https:\/\/provision-isr-sverige.se\/en\/wp-json\/wp\/v2\/pages\/2346\/revisions\/2569"}],"wp:attachment":[{"href":"https:\/\/provision-isr-sverige.se\/en\/wp-json\/wp\/v2\/media?parent=2346"}],"curies":[{"name":"wp","href":"https:\/\/api.w.org\/{rel}","templated":true}]}}