{"id":2142,"date":"2024-02-01T13:12:50","date_gmt":"2024-02-01T13:12:50","guid":{"rendered":"https:\/\/provision-isr-sverige.se\/?page_id=2142"},"modified":"2024-04-03T13:53:58","modified_gmt":"2024-04-03T13:53:58","slug":"thermal","status":"publish","type":"page","link":"https:\/\/provision-isr-sverige.se\/en\/thermal\/","title":{"rendered":"Thermal"},"content":{"rendered":"<div data-elementor-type=\"wp-page\" data-elementor-id=\"2142\" class=\"elementor elementor-2142\" data-elementor-post-type=\"page\">\n\t\t\t\t\t\t<section class=\"elementor-section elementor-top-section elementor-element elementor-element-0baa1e3 elementor-section-full_width elementor-section-height-default elementor-section-height-default\" data-id=\"0baa1e3\" data-element_type=\"section\" data-e-type=\"section\">\n\t\t\t\t\t\t<div class=\"elementor-container elementor-column-gap-default\">\n\t\t\t\t\t<div class=\"elementor-column elementor-col-100 elementor-top-column elementor-element elementor-element-9d29840\" data-id=\"9d29840\" data-element_type=\"column\" data-e-type=\"column\">\n\t\t\t<div class=\"elementor-widget-wrap elementor-element-populated\">\n\t\t\t\t\t\t<div class=\"elementor-element elementor-element-88692f2 elementor-widget elementor-widget-image\" data-id=\"88692f2\" data-element_type=\"widget\" data-e-type=\"widget\" data-widget_type=\"image.default\">\n\t\t\t\t<div class=\"elementor-widget-container\">\n\t\t\t\t\t\t\t\t\t\t\t\t\t\t\t<img fetchpriority=\"high\" decoding=\"async\" width=\"1848\" height=\"543\" src=\"https:\/\/provision-isr-sverige.se\/wp-content\/uploads\/2024\/04\/thermal.png\" class=\"attachment-full size-full wp-image-5127\" alt=\"thermal\" srcset=\"https:\/\/provision-isr-sverige.se\/wp-content\/uploads\/2024\/04\/thermal.png 1848w, https:\/\/provision-isr-sverige.se\/wp-content\/uploads\/2024\/04\/thermal-300x88.png 300w, https:\/\/provision-isr-sverige.se\/wp-content\/uploads\/2024\/04\/thermal-1024x301.png 1024w, https:\/\/provision-isr-sverige.se\/wp-content\/uploads\/2024\/04\/thermal-768x226.png 768w, https:\/\/provision-isr-sverige.se\/wp-content\/uploads\/2024\/04\/thermal-1536x451.png 1536w, https:\/\/provision-isr-sverige.se\/wp-content\/uploads\/2024\/04\/thermal-18x5.png 18w\" sizes=\"(max-width: 1848px) 100vw, 1848px\" \/>\t\t\t\t\t\t\t\t\t\t\t\t\t\t\t<\/div>\n\t\t\t\t<\/div>\n\t\t\t\t\t<\/div>\n\t\t<\/div>\n\t\t\t\t\t<\/div>\n\t\t<\/section>\n\t\t\t\t<section class=\"elementor-section elementor-top-section elementor-element elementor-element-b7b1fbe elementor-section-boxed elementor-section-height-default elementor-section-height-default\" data-id=\"b7b1fbe\" data-element_type=\"section\" data-e-type=\"section\">\n\t\t\t\t\t\t<div class=\"elementor-container elementor-column-gap-default\">\n\t\t\t\t\t<div class=\"elementor-column elementor-col-100 elementor-top-column elementor-element elementor-element-422b6e7\" data-id=\"422b6e7\" data-element_type=\"column\" data-e-type=\"column\">\n\t\t\t<div class=\"elementor-widget-wrap elementor-element-populated\">\n\t\t\t\t\t\t<div class=\"elementor-element elementor-element-3454081 elementor-widget elementor-widget-image\" data-id=\"3454081\" data-element_type=\"widget\" data-e-type=\"widget\" data-widget_type=\"image.default\">\n\t\t\t\t<div class=\"elementor-widget-container\">\n\t\t\t\t\t\t\t\t\t\t\t\t\t\t\t<img decoding=\"async\" width=\"805\" height=\"147\" src=\"https:\/\/provision-isr-sverige.se\/wp-content\/uploads\/2024\/02\/grader.png\" class=\"attachment-large size-large wp-image-2144\" alt=\"grader\" srcset=\"https:\/\/provision-isr-sverige.se\/wp-content\/uploads\/2024\/02\/grader.png 805w, https:\/\/provision-isr-sverige.se\/wp-content\/uploads\/2024\/02\/grader-300x55.png 300w, https:\/\/provision-isr-sverige.se\/wp-content\/uploads\/2024\/02\/grader-768x140.png 768w, https:\/\/provision-isr-sverige.se\/wp-content\/uploads\/2024\/02\/grader-18x3.png 18w\" sizes=\"(max-width: 805px) 100vw, 805px\" \/>\t\t\t\t\t\t\t\t\t\t\t\t\t\t\t<\/div>\n\t\t\t\t<\/div>\n\t\t\t\t\t<\/div>\n\t\t<\/div>\n\t\t\t\t\t<\/div>\n\t\t<\/section>\n\t\t\t\t<section class=\"elementor-section elementor-top-section elementor-element elementor-element-23e2f1f elementor-section-boxed elementor-section-height-default elementor-section-height-default\" data-id=\"23e2f1f\" data-element_type=\"section\" data-e-type=\"section\">\n\t\t\t\t\t\t<div class=\"elementor-container elementor-column-gap-no\">\n\t\t\t\t\t<div class=\"elementor-column elementor-col-50 elementor-top-column elementor-element elementor-element-1607389\" data-id=\"1607389\" data-element_type=\"column\" data-e-type=\"column\">\n\t\t\t<div class=\"elementor-widget-wrap elementor-element-populated\">\n\t\t\t\t\t\t<div class=\"elementor-element elementor-element-bda5c26 elementor-widget elementor-widget-image\" data-id=\"bda5c26\" data-element_type=\"widget\" data-e-type=\"widget\" data-widget_type=\"image.default\">\n\t\t\t\t<div class=\"elementor-widget-container\">\n\t\t\t\t\t\t\t\t\t\t\t\t\t\t\t<img decoding=\"async\" width=\"432\" height=\"430\" src=\"https:\/\/provision-isr-sverige.se\/wp-content\/uploads\/2024\/02\/Skarmklipp.png\" class=\"attachment-large size-large wp-image-2610\" alt=\"Skarmklipp\" srcset=\"https:\/\/provision-isr-sverige.se\/wp-content\/uploads\/2024\/02\/Skarmklipp.png 432w, https:\/\/provision-isr-sverige.se\/wp-content\/uploads\/2024\/02\/Skarmklipp-300x300.png 300w, https:\/\/provision-isr-sverige.se\/wp-content\/uploads\/2024\/02\/Skarmklipp-150x150.png 150w, https:\/\/provision-isr-sverige.se\/wp-content\/uploads\/2024\/02\/Skarmklipp-12x12.png 12w\" sizes=\"(max-width: 432px) 100vw, 432px\" \/>\t\t\t\t\t\t\t\t\t\t\t\t\t\t\t<\/div>\n\t\t\t\t<\/div>\n\t\t\t\t\t<\/div>\n\t\t<\/div>\n\t\t\t\t<div class=\"elementor-column elementor-col-50 elementor-top-column elementor-element elementor-element-a371260\" data-id=\"a371260\" data-element_type=\"column\" data-e-type=\"column\">\n\t\t\t<div class=\"elementor-widget-wrap elementor-element-populated\">\n\t\t\t\t\t\t<div class=\"elementor-element elementor-element-ee13aab elementor-widget elementor-widget-text-editor\" data-id=\"ee13aab\" data-element_type=\"widget\" data-e-type=\"widget\" data-widget_type=\"text-editor.default\">\n\t\t\t\t<div class=\"elementor-widget-container\">\n\t\t\t\t\t\t\t\t\t<p>\u00a0<\/p><p><strong>Security<\/strong><\/p><p>Thermal image technology is ideal for high-performance applications where constant \nSituational awareness and threat detection is needed. It is perfect for fence perimeter surveillance, \nsterile area breaches, and high-value asset monitoring.\nThe thermal camera can uncover hotspots even on pitch-black nights, like spotting intruders hiding behind bushes.\u00a0<\/p>\t\t\t\t\t\t\t\t<\/div>\n\t\t\t\t<\/div>\n\t\t\t\t\t<\/div>\n\t\t<\/div>\n\t\t\t\t\t<\/div>\n\t\t<\/section>\n\t\t\t\t<section class=\"elementor-section elementor-top-section elementor-element elementor-element-9ad7555 elementor-section-boxed elementor-section-height-default elementor-section-height-default\" data-id=\"9ad7555\" data-element_type=\"section\" data-e-type=\"section\">\n\t\t\t\t\t\t<div class=\"elementor-container elementor-column-gap-no\">\n\t\t\t\t\t<div class=\"elementor-column elementor-col-50 elementor-top-column elementor-element elementor-element-fa88e1e\" data-id=\"fa88e1e\" data-element_type=\"column\" data-e-type=\"column\">\n\t\t\t<div class=\"elementor-widget-wrap elementor-element-populated\">\n\t\t\t\t\t\t<div class=\"elementor-element elementor-element-22e2ac9 elementor-widget elementor-widget-text-editor\" data-id=\"22e2ac9\" data-element_type=\"widget\" data-e-type=\"widget\" data-widget_type=\"text-editor.default\">\n\t\t\t\t<div class=\"elementor-widget-container\">\n\t\t\t\t\t\t\t\t\t<p>\u00a0<\/p><p><b style=\"font-style: inherit; background-color: var(--ast-global-color-5); color: var(--ast-global-color-3);\">Fire Detection<\/b><\/p><p><span style=\"font-style: inherit; font-weight: inherit; background-color: var(--ast-global-color-5); color: var(--ast-global-color-3);\">\u00a0A thermal camera is an indispensable non-contact tool for early fire detection. Fires that \nstart and develop unnoticed can harm people, equipment, and goods.<\/span><\/p>\t\t\t\t\t\t\t\t<\/div>\n\t\t\t\t<\/div>\n\t\t\t\t\t<\/div>\n\t\t<\/div>\n\t\t\t\t<div class=\"elementor-column elementor-col-50 elementor-top-column elementor-element elementor-element-037ace3\" data-id=\"037ace3\" data-element_type=\"column\" data-e-type=\"column\">\n\t\t\t<div class=\"elementor-widget-wrap elementor-element-populated\">\n\t\t\t\t\t\t<div class=\"elementor-element elementor-element-63763ea elementor-widget elementor-widget-image\" data-id=\"63763ea\" data-element_type=\"widget\" data-e-type=\"widget\" data-widget_type=\"image.default\">\n\t\t\t\t<div class=\"elementor-widget-container\">\n\t\t\t\t\t\t\t\t\t\t\t\t\t\t\t<img loading=\"lazy\" decoding=\"async\" width=\"299\" height=\"291\" src=\"https:\/\/provision-isr-sverige.se\/wp-content\/uploads\/2024\/02\/Fire.png\" class=\"attachment-large size-large wp-image-2146\" alt=\"Fire\" srcset=\"https:\/\/provision-isr-sverige.se\/wp-content\/uploads\/2024\/02\/Fire.png 299w, https:\/\/provision-isr-sverige.se\/wp-content\/uploads\/2024\/02\/Fire-12x12.png 12w\" sizes=\"(max-width: 299px) 100vw, 299px\" \/>\t\t\t\t\t\t\t\t\t\t\t\t\t\t\t<\/div>\n\t\t\t\t<\/div>\n\t\t\t\t\t<\/div>\n\t\t<\/div>\n\t\t\t\t\t<\/div>\n\t\t<\/section>\n\t\t\t\t<section class=\"elementor-section elementor-top-section elementor-element elementor-element-d7aa824 elementor-section-boxed elementor-section-height-default elementor-section-height-default\" data-id=\"d7aa824\" data-element_type=\"section\" data-e-type=\"section\">\n\t\t\t\t\t\t<div class=\"elementor-container elementor-column-gap-default\">\n\t\t\t\t\t<div class=\"elementor-column elementor-col-50 elementor-top-column elementor-element elementor-element-67c7f08\" data-id=\"67c7f08\" data-element_type=\"column\" data-e-type=\"column\">\n\t\t\t<div class=\"elementor-widget-wrap elementor-element-populated\">\n\t\t\t\t\t\t<div class=\"elementor-element elementor-element-b5cf5b7 elementor-widget elementor-widget-image\" data-id=\"b5cf5b7\" data-element_type=\"widget\" data-e-type=\"widget\" data-widget_type=\"image.default\">\n\t\t\t\t<div class=\"elementor-widget-container\">\n\t\t\t\t\t\t\t\t\t\t\t\t\t\t\t<img loading=\"lazy\" decoding=\"async\" width=\"324\" height=\"343\" src=\"https:\/\/provision-isr-sverige.se\/wp-content\/uploads\/2024\/02\/60.png\" class=\"attachment-large size-large wp-image-2147\" alt=\"60\" srcset=\"https:\/\/provision-isr-sverige.se\/wp-content\/uploads\/2024\/02\/60.png 324w, https:\/\/provision-isr-sverige.se\/wp-content\/uploads\/2024\/02\/60-283x300.png 283w, https:\/\/provision-isr-sverige.se\/wp-content\/uploads\/2024\/02\/60-11x12.png 11w\" sizes=\"(max-width: 324px) 100vw, 324px\" \/>\t\t\t\t\t\t\t\t\t\t\t\t\t\t\t<\/div>\n\t\t\t\t<\/div>\n\t\t\t\t\t<\/div>\n\t\t<\/div>\n\t\t\t\t<div class=\"elementor-column elementor-col-50 elementor-top-column elementor-element elementor-element-8d08b31\" data-id=\"8d08b31\" data-element_type=\"column\" data-e-type=\"column\">\n\t\t\t<div class=\"elementor-widget-wrap elementor-element-populated\">\n\t\t\t\t\t\t<div class=\"elementor-element elementor-element-32d4fe6 elementor-widget elementor-widget-text-editor\" data-id=\"32d4fe6\" data-element_type=\"widget\" data-e-type=\"widget\" data-widget_type=\"text-editor.default\">\n\t\t\t\t<div class=\"elementor-widget-container\">\n\t\t\t\t\t\t\t\t\t<p><strong>T<\/strong><strong style=\"font-style: inherit; background-color: var(--ast-global-color-5); color: var(--ast-global-color-3);\">emperaturdetektering<\/strong><\/p><p><span style=\"font-style: inherit; font-weight: inherit; background-color: var(--ast-global-color-5); color: var(--ast-global-color-3);\">\u00a0Monitoring the temperature to ensure safety and protect systems and people \nfrom harm is imperative. This can be used for research facilities, server room temperature monitoring, \nwarehouses, cold rooms, engine temperature monitoring, etc.<\/span><\/p><p>There are 3 measuring methods to monitor the temperature with our thermal cameras:<\/p><ul><li>Point- gives the temperature at a specific point in the image.<\/li><li>Line- provides the temperature across a virtual line (can be used on an eletrical fence, for example.)<\/li><li>Area- which covers the whole of the marked area.<\/li><li>All the measuring methods display the minimum \u2013 average \u2013 maximum temperature.\nYou can set the allowed temperature value in Celsius or Fahrenheit and the distance in Meters or Foot. \nIt is essential to set the distance Since it establishes the radiation ratio emitted from the object, which \ninfluences the temperature value.<\/li><\/ul>\t\t\t\t\t\t\t\t<\/div>\n\t\t\t\t<\/div>\n\t\t\t\t\t<\/div>\n\t\t<\/div>\n\t\t\t\t\t<\/div>\n\t\t<\/section>\n\t\t\t\t<\/div>","protected":false},"excerpt":{"rendered":"<p>\u00a0 S\u00e4kerhet Termisk bildteknik \u00e4r idealiskt f\u00f6r h\u00f6gpresterande applikationer d\u00e4r konstant situationsmedvetenhet och hotdetektering beh\u00f6vs. Den \u00e4r perfekt f\u00f6r \u00f6vervakning av staket, ing\u00e5ng till sterila omr\u00e5den h\u00f6gv\u00e4rdig tillg\u00e5ngs\u00f6vervakning. V\u00e4rmekameran kan uppt\u00e4cka hotpots \u00e4ven under becksvarta n\u00e4tter, som att se inkr\u00e4ktare som g\u00f6mmer sig bakom buskar.\u00a0 \u00a0 Branddetektering \u00a0En v\u00e4rmekamera \u00e4r ett oumb\u00e4rligt ber\u00f6ringsfritt verktyg f\u00f6r [&hellip;]<\/p>\n","protected":false},"author":2,"featured_media":0,"parent":0,"menu_order":0,"comment_status":"closed","ping_status":"closed","template":"","meta":{"site-sidebar-layout":"no-sidebar","site-content-layout":"","ast-site-content-layout":"full-width-container","site-content-style":"default","site-sidebar-style":"default","ast-global-header-display":"","ast-banner-title-visibility":"","ast-main-header-display":"","ast-hfb-above-header-display":"","ast-hfb-below-header-display":"","ast-hfb-mobile-header-display":"","site-post-title":"disabled","ast-breadcrumbs-content":"","ast-featured-img":"disabled","footer-sml-layout":"","ast-disable-related-posts":"","theme-transparent-header-meta":"","adv-header-id-meta":"","stick-header-meta":"","header-above-stick-meta":"","header-main-stick-meta":"","header-below-stick-meta":"","astra-migrate-meta-layouts":"default","ast-page-background-enabled":"default","ast-page-background-meta":{"desktop":{"background-color":"var(--ast-global-color-4)","background-image":"","background-repeat":"repeat","background-position":"center center","background-size":"auto","background-attachment":"scroll","background-type":"","background-media":"","overlay-type":"","overlay-color":"","overlay-opacity":"","overlay-gradient":""},"tablet":{"background-color":"","background-image":"","background-repeat":"repeat","background-position":"center center","background-size":"auto","background-attachment":"scroll","background-type":"","background-media":"","overlay-type":"","overlay-color":"","overlay-opacity":"","overlay-gradient":""},"mobile":{"background-color":"","background-image":"","background-repeat":"repeat","background-position":"center center","background-size":"auto","background-attachment":"scroll","background-type":"","background-media":"","overlay-type":"","overlay-color":"","overlay-opacity":"","overlay-gradient":""}},"ast-content-background-meta":{"desktop":{"background-color":"var(--ast-global-color-5)","background-image":"","background-repeat":"repeat","background-position":"center center","background-size":"auto","background-attachment":"scroll","background-type":"","background-media":"","overlay-type":"","overlay-color":"","overlay-opacity":"","overlay-gradient":""},"tablet":{"background-color":"var(--ast-global-color-5)","background-image":"","background-repeat":"repeat","background-position":"center center","background-size":"auto","background-attachment":"scroll","background-type":"","background-media":"","overlay-type":"","overlay-color":"","overlay-opacity":"","overlay-gradient":""},"mobile":{"background-color":"var(--ast-global-color-5)","background-image":"","background-repeat":"repeat","background-position":"center center","background-size":"auto","background-attachment":"scroll","background-type":"","background-media":"","overlay-type":"","overlay-color":"","overlay-opacity":"","overlay-gradient":""}},"footnotes":""},"class_list":["post-2142","page","type-page","status-publish","hentry"],"yoast_head":"<!-- This site is optimized with the Yoast SEO plugin v27.5 - https:\/\/yoast.com\/product\/yoast-seo-wordpress\/ -->\n<title>Thermal - Provision-ISR-Sverige<\/title>\n<meta name=\"robots\" content=\"index, follow, max-snippet:-1, max-image-preview:large, max-video-preview:-1\" \/>\n<link rel=\"canonical\" href=\"https:\/\/provision-isr-sverige.se\/en\/thermal\/\" \/>\n<meta property=\"og:locale\" content=\"en_GB\" \/>\n<meta property=\"og:type\" content=\"article\" \/>\n<meta property=\"og:title\" content=\"Thermal - Provision-ISR-Sverige\" \/>\n<meta property=\"og:description\" content=\"\u00a0 S\u00e4kerhet Termisk bildteknik \u00e4r idealiskt f\u00f6r h\u00f6gpresterande applikationer d\u00e4r konstant situationsmedvetenhet och hotdetektering beh\u00f6vs. Den \u00e4r perfekt f\u00f6r \u00f6vervakning av staket, ing\u00e5ng till sterila omr\u00e5den h\u00f6gv\u00e4rdig tillg\u00e5ngs\u00f6vervakning. V\u00e4rmekameran kan uppt\u00e4cka hotpots \u00e4ven under becksvarta n\u00e4tter, som att se inkr\u00e4ktare som g\u00f6mmer sig bakom buskar.\u00a0 \u00a0 Branddetektering \u00a0En v\u00e4rmekamera \u00e4r ett oumb\u00e4rligt ber\u00f6ringsfritt verktyg f\u00f6r [&hellip;]\" \/>\n<meta property=\"og:url\" content=\"https:\/\/provision-isr-sverige.se\/en\/thermal\/\" \/>\n<meta property=\"og:site_name\" content=\"Provision-ISR-Sverige\" \/>\n<meta property=\"article:modified_time\" content=\"2024-04-03T13:53:58+00:00\" \/>\n<meta property=\"og:image\" content=\"https:\/\/provision-isr-sverige.se\/wp-content\/uploads\/2024\/04\/thermal.png\" \/>\n\t<meta property=\"og:image:width\" content=\"1848\" \/>\n\t<meta property=\"og:image:height\" content=\"543\" \/>\n\t<meta property=\"og:image:type\" content=\"image\/png\" \/>\n<meta name=\"twitter:card\" content=\"summary_large_image\" \/>\n<meta name=\"twitter:label1\" content=\"Estimated reading time\" \/>\n\t<meta name=\"twitter:data1\" content=\"1 minute\" \/>\n<script type=\"application\/ld+json\" class=\"yoast-schema-graph\">{\"@context\":\"https:\\\/\\\/schema.org\",\"@graph\":[{\"@type\":\"WebPage\",\"@id\":\"https:\\\/\\\/provision-isr-sverige.se\\\/thermal\\\/\",\"url\":\"https:\\\/\\\/provision-isr-sverige.se\\\/thermal\\\/\",\"name\":\"Thermal - Provision-ISR-Sverige\",\"isPartOf\":{\"@id\":\"https:\\\/\\\/provision-isr-sverige.se\\\/#website\"},\"primaryImageOfPage\":{\"@id\":\"https:\\\/\\\/provision-isr-sverige.se\\\/thermal\\\/#primaryimage\"},\"image\":{\"@id\":\"https:\\\/\\\/provision-isr-sverige.se\\\/thermal\\\/#primaryimage\"},\"thumbnailUrl\":\"https:\\\/\\\/provision-isr-sverige.se\\\/wp-content\\\/uploads\\\/2024\\\/04\\\/thermal.png\",\"datePublished\":\"2024-02-01T13:12:50+00:00\",\"dateModified\":\"2024-04-03T13:53:58+00:00\",\"breadcrumb\":{\"@id\":\"https:\\\/\\\/provision-isr-sverige.se\\\/thermal\\\/#breadcrumb\"},\"inLanguage\":\"en-GB\",\"potentialAction\":[{\"@type\":\"ReadAction\",\"target\":[\"https:\\\/\\\/provision-isr-sverige.se\\\/thermal\\\/\"]}]},{\"@type\":\"ImageObject\",\"inLanguage\":\"en-GB\",\"@id\":\"https:\\\/\\\/provision-isr-sverige.se\\\/thermal\\\/#primaryimage\",\"url\":\"https:\\\/\\\/provision-isr-sverige.se\\\/wp-content\\\/uploads\\\/2024\\\/04\\\/thermal.png\",\"contentUrl\":\"https:\\\/\\\/provision-isr-sverige.se\\\/wp-content\\\/uploads\\\/2024\\\/04\\\/thermal.png\"},{\"@type\":\"BreadcrumbList\",\"@id\":\"https:\\\/\\\/provision-isr-sverige.se\\\/thermal\\\/#breadcrumb\",\"itemListElement\":[{\"@type\":\"ListItem\",\"position\":1,\"name\":\"Hem\",\"item\":\"https:\\\/\\\/provision-isr-sverige.se\\\/\"},{\"@type\":\"ListItem\",\"position\":2,\"name\":\"Thermal\"}]},{\"@type\":\"WebSite\",\"@id\":\"https:\\\/\\\/provision-isr-sverige.se\\\/#website\",\"url\":\"https:\\\/\\\/provision-isr-sverige.se\\\/\",\"name\":\"Provision-ISR-Sverige\",\"description\":\"provision-isr-sverige.se\",\"publisher\":{\"@id\":\"https:\\\/\\\/provision-isr-sverige.se\\\/#organization\"},\"potentialAction\":[{\"@type\":\"SearchAction\",\"target\":{\"@type\":\"EntryPoint\",\"urlTemplate\":\"https:\\\/\\\/provision-isr-sverige.se\\\/?s={search_term_string}\"},\"query-input\":{\"@type\":\"PropertyValueSpecification\",\"valueRequired\":true,\"valueName\":\"search_term_string\"}}],\"inLanguage\":\"en-GB\"},{\"@type\":\"Organization\",\"@id\":\"https:\\\/\\\/provision-isr-sverige.se\\\/#organization\",\"name\":\"Provision-ISR-Sverige\",\"url\":\"https:\\\/\\\/provision-isr-sverige.se\\\/\",\"logo\":{\"@type\":\"ImageObject\",\"inLanguage\":\"en-GB\",\"@id\":\"https:\\\/\\\/provision-isr-sverige.se\\\/#\\\/schema\\\/logo\\\/image\\\/\",\"url\":\"https:\\\/\\\/provision-isr-sverige.se\\\/wp-content\\\/uploads\\\/2025\\\/02\\\/newpdflogo-1024x323-1.webp\",\"contentUrl\":\"https:\\\/\\\/provision-isr-sverige.se\\\/wp-content\\\/uploads\\\/2025\\\/02\\\/newpdflogo-1024x323-1.webp\",\"width\":1024,\"height\":323,\"caption\":\"Provision-ISR-Sverige\"},\"image\":{\"@id\":\"https:\\\/\\\/provision-isr-sverige.se\\\/#\\\/schema\\\/logo\\\/image\\\/\"}}]}<\/script>\n<!-- \/ Yoast SEO plugin. -->","yoast_head_json":{"title":"Thermal - Provision-ISR-Sverige","robots":{"index":"index","follow":"follow","max-snippet":"max-snippet:-1","max-image-preview":"max-image-preview:large","max-video-preview":"max-video-preview:-1"},"canonical":"https:\/\/provision-isr-sverige.se\/en\/thermal\/","og_locale":"en_GB","og_type":"article","og_title":"Thermal - Provision-ISR-Sverige","og_description":"\u00a0 S\u00e4kerhet Termisk bildteknik \u00e4r idealiskt f\u00f6r h\u00f6gpresterande applikationer d\u00e4r konstant situationsmedvetenhet och hotdetektering beh\u00f6vs. Den \u00e4r perfekt f\u00f6r \u00f6vervakning av staket, ing\u00e5ng till sterila omr\u00e5den h\u00f6gv\u00e4rdig tillg\u00e5ngs\u00f6vervakning. V\u00e4rmekameran kan uppt\u00e4cka hotpots \u00e4ven under becksvarta n\u00e4tter, som att se inkr\u00e4ktare som g\u00f6mmer sig bakom buskar.\u00a0 \u00a0 Branddetektering \u00a0En v\u00e4rmekamera \u00e4r ett oumb\u00e4rligt ber\u00f6ringsfritt verktyg f\u00f6r [&hellip;]","og_url":"https:\/\/provision-isr-sverige.se\/en\/thermal\/","og_site_name":"Provision-ISR-Sverige","article_modified_time":"2024-04-03T13:53:58+00:00","og_image":[{"width":1848,"height":543,"url":"https:\/\/provision-isr-sverige.se\/wp-content\/uploads\/2024\/04\/thermal.png","type":"image\/png"}],"twitter_card":"summary_large_image","twitter_misc":{"Estimated reading time":"1 minute"},"schema":{"@context":"https:\/\/schema.org","@graph":[{"@type":"WebPage","@id":"https:\/\/provision-isr-sverige.se\/thermal\/","url":"https:\/\/provision-isr-sverige.se\/thermal\/","name":"Thermal - Provision-ISR-Sverige","isPartOf":{"@id":"https:\/\/provision-isr-sverige.se\/#website"},"primaryImageOfPage":{"@id":"https:\/\/provision-isr-sverige.se\/thermal\/#primaryimage"},"image":{"@id":"https:\/\/provision-isr-sverige.se\/thermal\/#primaryimage"},"thumbnailUrl":"https:\/\/provision-isr-sverige.se\/wp-content\/uploads\/2024\/04\/thermal.png","datePublished":"2024-02-01T13:12:50+00:00","dateModified":"2024-04-03T13:53:58+00:00","breadcrumb":{"@id":"https:\/\/provision-isr-sverige.se\/thermal\/#breadcrumb"},"inLanguage":"en-GB","potentialAction":[{"@type":"ReadAction","target":["https:\/\/provision-isr-sverige.se\/thermal\/"]}]},{"@type":"ImageObject","inLanguage":"en-GB","@id":"https:\/\/provision-isr-sverige.se\/thermal\/#primaryimage","url":"https:\/\/provision-isr-sverige.se\/wp-content\/uploads\/2024\/04\/thermal.png","contentUrl":"https:\/\/provision-isr-sverige.se\/wp-content\/uploads\/2024\/04\/thermal.png"},{"@type":"BreadcrumbList","@id":"https:\/\/provision-isr-sverige.se\/thermal\/#breadcrumb","itemListElement":[{"@type":"ListItem","position":1,"name":"Hem","item":"https:\/\/provision-isr-sverige.se\/"},{"@type":"ListItem","position":2,"name":"Thermal"}]},{"@type":"WebSite","@id":"https:\/\/provision-isr-sverige.se\/#website","url":"https:\/\/provision-isr-sverige.se\/","name":"Provision-ISR-Sverige","description":"provision-isr-sverige.se","publisher":{"@id":"https:\/\/provision-isr-sverige.se\/#organization"},"potentialAction":[{"@type":"SearchAction","target":{"@type":"EntryPoint","urlTemplate":"https:\/\/provision-isr-sverige.se\/?s={search_term_string}"},"query-input":{"@type":"PropertyValueSpecification","valueRequired":true,"valueName":"search_term_string"}}],"inLanguage":"en-GB"},{"@type":"Organization","@id":"https:\/\/provision-isr-sverige.se\/#organization","name":"Provision-ISR-Sverige","url":"https:\/\/provision-isr-sverige.se\/","logo":{"@type":"ImageObject","inLanguage":"en-GB","@id":"https:\/\/provision-isr-sverige.se\/#\/schema\/logo\/image\/","url":"https:\/\/provision-isr-sverige.se\/wp-content\/uploads\/2025\/02\/newpdflogo-1024x323-1.webp","contentUrl":"https:\/\/provision-isr-sverige.se\/wp-content\/uploads\/2025\/02\/newpdflogo-1024x323-1.webp","width":1024,"height":323,"caption":"Provision-ISR-Sverige"},"image":{"@id":"https:\/\/provision-isr-sverige.se\/#\/schema\/logo\/image\/"}}]}},"_links":{"self":[{"href":"https:\/\/provision-isr-sverige.se\/en\/wp-json\/wp\/v2\/pages\/2142","targetHints":{"allow":["GET"]}}],"collection":[{"href":"https:\/\/provision-isr-sverige.se\/en\/wp-json\/wp\/v2\/pages"}],"about":[{"href":"https:\/\/provision-isr-sverige.se\/en\/wp-json\/wp\/v2\/types\/page"}],"author":[{"embeddable":true,"href":"https:\/\/provision-isr-sverige.se\/en\/wp-json\/wp\/v2\/users\/2"}],"replies":[{"embeddable":true,"href":"https:\/\/provision-isr-sverige.se\/en\/wp-json\/wp\/v2\/comments?post=2142"}],"version-history":[{"count":43,"href":"https:\/\/provision-isr-sverige.se\/en\/wp-json\/wp\/v2\/pages\/2142\/revisions"}],"predecessor-version":[{"id":5130,"href":"https:\/\/provision-isr-sverige.se\/en\/wp-json\/wp\/v2\/pages\/2142\/revisions\/5130"}],"wp:attachment":[{"href":"https:\/\/provision-isr-sverige.se\/en\/wp-json\/wp\/v2\/media?parent=2142"}],"curies":[{"name":"wp","href":"https:\/\/api.w.org\/{rel}","templated":true}]}}