{"id":2125,"date":"2024-02-01T12:54:29","date_gmt":"2024-02-01T12:54:29","guid":{"rendered":"https:\/\/provision-isr-sverige.se\/?page_id=2125"},"modified":"2024-04-03T13:47:08","modified_gmt":"2024-04-03T13:47:08","slug":"check-point-2","status":"publish","type":"page","link":"https:\/\/provision-isr-sverige.se\/en\/check-point-2\/","title":{"rendered":"Check Point"},"content":{"rendered":"<div data-elementor-type=\"wp-page\" data-elementor-id=\"2125\" class=\"elementor elementor-2125\" data-elementor-post-type=\"page\">\n\t\t\t\t\t\t<section class=\"elementor-section elementor-top-section elementor-element elementor-element-5c85bac elementor-section-full_width elementor-section-height-default elementor-section-height-default\" data-id=\"5c85bac\" data-element_type=\"section\" data-e-type=\"section\">\n\t\t\t\t\t\t<div class=\"elementor-container elementor-column-gap-default\">\n\t\t\t\t\t<div class=\"elementor-column elementor-col-100 elementor-top-column elementor-element elementor-element-8d70765\" data-id=\"8d70765\" data-element_type=\"column\" data-e-type=\"column\">\n\t\t\t<div class=\"elementor-widget-wrap elementor-element-populated\">\n\t\t\t\t\t\t<div class=\"elementor-element elementor-element-1e575b0 elementor-widget elementor-widget-image\" data-id=\"1e575b0\" data-element_type=\"widget\" data-e-type=\"widget\" data-widget_type=\"image.default\">\n\t\t\t\t<div class=\"elementor-widget-container\">\n\t\t\t\t\t\t\t\t\t\t\t\t<figure class=\"wp-caption\">\n\t\t\t\t\t\t\t\t\t\t<img fetchpriority=\"high\" decoding=\"async\" width=\"1853\" height=\"546\" src=\"https:\/\/provision-isr-sverige.se\/wp-content\/uploads\/2024\/04\/check-point.png\" class=\"attachment-full size-full wp-image-5117\" alt=\"check point\" srcset=\"https:\/\/provision-isr-sverige.se\/wp-content\/uploads\/2024\/04\/check-point.png 1853w, https:\/\/provision-isr-sverige.se\/wp-content\/uploads\/2024\/04\/check-point-300x88.png 300w, https:\/\/provision-isr-sverige.se\/wp-content\/uploads\/2024\/04\/check-point-1024x302.png 1024w, https:\/\/provision-isr-sverige.se\/wp-content\/uploads\/2024\/04\/check-point-768x226.png 768w, https:\/\/provision-isr-sverige.se\/wp-content\/uploads\/2024\/04\/check-point-1536x453.png 1536w, https:\/\/provision-isr-sverige.se\/wp-content\/uploads\/2024\/04\/check-point-18x5.png 18w\" sizes=\"(max-width: 1853px) 100vw, 1853px\" \/>\t\t\t\t\t\t\t\t\t\t\t<figcaption class=\"widget-image-caption wp-caption-text\">check point<\/figcaption>\n\t\t\t\t\t\t\t\t\t\t<\/figure>\n\t\t\t\t\t\t\t\t\t<\/div>\n\t\t\t\t<\/div>\n\t\t\t\t\t<\/div>\n\t\t<\/div>\n\t\t\t\t\t<\/div>\n\t\t<\/section>\n\t\t\t\t<section class=\"elementor-section elementor-top-section elementor-element elementor-element-03a7357 elementor-section-full_width elementor-section-height-min-height elementor-section-content-middle elementor-section-height-default elementor-section-items-middle\" data-id=\"03a7357\" data-element_type=\"section\" data-e-type=\"section\" data-settings=\"{&quot;background_background&quot;:&quot;classic&quot;}\">\n\t\t\t\t\t\t<div class=\"elementor-container elementor-column-gap-default\">\n\t\t\t\t\t<div class=\"elementor-column elementor-col-50 elementor-top-column elementor-element elementor-element-f309fb0\" data-id=\"f309fb0\" data-element_type=\"column\" data-e-type=\"column\">\n\t\t\t<div class=\"elementor-widget-wrap elementor-element-populated\">\n\t\t\t\t\t\t<div class=\"elementor-element elementor-element-27b46f0 elementor-widget elementor-widget-video\" data-id=\"27b46f0\" data-element_type=\"widget\" data-e-type=\"widget\" data-settings=\"{&quot;youtube_url&quot;:&quot;https:\\\/\\\/www.youtube.com\\\/watch?v=yJnceSk0ZM4&quot;,&quot;autoplay&quot;:&quot;yes&quot;,&quot;play_on_mobile&quot;:&quot;yes&quot;,&quot;mute&quot;:&quot;yes&quot;,&quot;loop&quot;:&quot;yes&quot;,&quot;video_type&quot;:&quot;youtube&quot;}\" data-widget_type=\"video.default\">\n\t\t\t\t<div class=\"elementor-widget-container\">\n\t\t\t\t\t\t\t<div class=\"elementor-wrapper elementor-open-inline\">\n\t\t\t<div class=\"elementor-video\"><\/div>\t\t<\/div>\n\t\t\t\t\t\t<\/div>\n\t\t\t\t<\/div>\n\t\t\t\t\t<\/div>\n\t\t<\/div>\n\t\t\t\t<div class=\"elementor-column elementor-col-50 elementor-top-column elementor-element elementor-element-09b60d9\" data-id=\"09b60d9\" data-element_type=\"column\" data-e-type=\"column\">\n\t\t\t<div class=\"elementor-widget-wrap elementor-element-populated\">\n\t\t\t\t\t\t<div class=\"elementor-element elementor-element-19aa689 elementor-widget elementor-widget-text-editor\" data-id=\"19aa689\" data-element_type=\"widget\" data-e-type=\"widget\" data-widget_type=\"text-editor.default\">\n\t\t\t\t<div class=\"elementor-widget-container\">\n\t\t\t\t\t\t\t\t\t<p><strong>Check Point!<\/strong><\/p><p>Check Point Software Technologies Ltd. (www.checkpoint.com) is a leading provider of cybersecurity solutions to businesses and governments globally. Check Point Infinity's portfolio of solutions protects businesses and public organizations from 5th generation cyber attacks with an industry-leading capture rate of malware, ransomware and other threats<\/p><p>Infinity consists of three core pillars that deliver uncompromising security and Generation V threat prevention in enterprise environments: Check Point Harmony, for remote users; Check Point CloudGuard, to automatically secure clouds; and Check Point Quantum, to protect network perimeters and data centers, all controlled by the industry's most comprehensive, intuitive unified security management.<\/p><p>Check Point protects over 100,000 organizations of all sizes.<\/p>\t\t\t\t\t\t\t\t<\/div>\n\t\t\t\t<\/div>\n\t\t\t\t<section class=\"elementor-section elementor-inner-section elementor-element elementor-element-5892843 elementor-section-boxed elementor-section-height-default elementor-section-height-default\" data-id=\"5892843\" data-element_type=\"section\" data-e-type=\"section\">\n\t\t\t\t\t\t<div class=\"elementor-container elementor-column-gap-default\">\n\t\t\t\t\t<div class=\"elementor-column elementor-col-100 elementor-inner-column elementor-element elementor-element-ce3fd71\" data-id=\"ce3fd71\" data-element_type=\"column\" data-e-type=\"column\" data-settings=\"{&quot;animation&quot;:&quot;none&quot;}\">\n\t\t\t<div class=\"elementor-widget-wrap elementor-element-populated\">\n\t\t\t\t\t\t<div class=\"elementor-element elementor-element-2dc4bb7 elementor-mobile-align-justify elementor-align-justify elementor-widget elementor-widget-button\" data-id=\"2dc4bb7\" data-element_type=\"widget\" data-e-type=\"widget\" data-settings=\"{&quot;_animation&quot;:&quot;none&quot;,&quot;_animation_delay&quot;:0}\" data-widget_type=\"button.default\">\n\t\t\t\t<div class=\"elementor-widget-container\">\n\t\t\t\t\t\t\t\t\t<div class=\"elementor-button-wrapper\">\n\t\t\t\t\t<a class=\"elementor-button elementor-button-link elementor-size-sm\" href=\"https:\/\/www.checkpoint.com\/fr\/technology-partners\/provision-isr\/\" target=\"_blank\">\n\t\t\t\t\t\t<span class=\"elementor-button-content-wrapper\">\n\t\t\t\t\t\t\t\t\t<span class=\"elementor-button-text\">To Check Point<\/span>\n\t\t\t\t\t<\/span>\n\t\t\t\t\t<\/a>\n\t\t\t\t<\/div>\n\t\t\t\t\t\t\t\t<\/div>\n\t\t\t\t<\/div>\n\t\t\t\t\t<\/div>\n\t\t<\/div>\n\t\t\t\t\t<\/div>\n\t\t<\/section>\n\t\t\t\t\t<\/div>\n\t\t<\/div>\n\t\t\t\t\t<\/div>\n\t\t<\/section>\n\t\t\t\t<section class=\"elementor-section elementor-top-section elementor-element elementor-element-d5c73d2 elementor-section-boxed elementor-section-height-default elementor-section-height-default\" data-id=\"d5c73d2\" data-element_type=\"section\" data-e-type=\"section\">\n\t\t\t\t\t\t<div class=\"elementor-container elementor-column-gap-default\">\n\t\t\t\t\t<div class=\"elementor-column elementor-col-100 elementor-top-column elementor-element elementor-element-1d3cdf8\" data-id=\"1d3cdf8\" data-element_type=\"column\" data-e-type=\"column\">\n\t\t\t<div class=\"elementor-widget-wrap\">\n\t\t\t\t\t\t\t<\/div>\n\t\t<\/div>\n\t\t\t\t\t<\/div>\n\t\t<\/section>\n\t\t\t\t<\/div>","protected":false},"excerpt":{"rendered":"<p>https:\/\/www.youtube.com\/watch?v=yJnceSk0ZM4 Check Point! Check Point Software Technologies Ltd. (www.checkpoint.com) \u00e4r en ledande leverant\u00f6r av cybers\u00e4kerhetsl\u00f6sningar till f\u00f6retag och regeringar globalt. Check Point Infinitys portf\u00f6lj av l\u00f6sningar skyddar f\u00f6retag och offentliga organisationer fr\u00e5n 5:e generationens cyberattacker med en branschledande f\u00e5ngsthastighet av skadlig programvara, ransomware och andra hot. Infinity best\u00e5r av tre k\u00e4rnpelare som levererar kompromissl\u00f6s s\u00e4kerhet [&hellip;]<\/p>\n","protected":false},"author":2,"featured_media":0,"parent":0,"menu_order":0,"comment_status":"closed","ping_status":"closed","template":"","meta":{"site-sidebar-layout":"no-sidebar","site-content-layout":"","ast-site-content-layout":"full-width-container","site-content-style":"default","site-sidebar-style":"default","ast-global-header-display":"","ast-banner-title-visibility":"","ast-main-header-display":"","ast-hfb-above-header-display":"","ast-hfb-below-header-display":"","ast-hfb-mobile-header-display":"","site-post-title":"disabled","ast-breadcrumbs-content":"","ast-featured-img":"disabled","footer-sml-layout":"","ast-disable-related-posts":"","theme-transparent-header-meta":"","adv-header-id-meta":"","stick-header-meta":"","header-above-stick-meta":"","header-main-stick-meta":"","header-below-stick-meta":"","astra-migrate-meta-layouts":"default","ast-page-background-enabled":"default","ast-page-background-meta":{"desktop":{"background-color":"var(--ast-global-color-4)","background-image":"","background-repeat":"repeat","background-position":"center center","background-size":"auto","background-attachment":"scroll","background-type":"","background-media":"","overlay-type":"","overlay-color":"","overlay-opacity":"","overlay-gradient":""},"tablet":{"background-color":"","background-image":"","background-repeat":"repeat","background-position":"center center","background-size":"auto","background-attachment":"scroll","background-type":"","background-media":"","overlay-type":"","overlay-color":"","overlay-opacity":"","overlay-gradient":""},"mobile":{"background-color":"","background-image":"","background-repeat":"repeat","background-position":"center center","background-size":"auto","background-attachment":"scroll","background-type":"","background-media":"","overlay-type":"","overlay-color":"","overlay-opacity":"","overlay-gradient":""}},"ast-content-background-meta":{"desktop":{"background-color":"var(--ast-global-color-5)","background-image":"","background-repeat":"repeat","background-position":"center center","background-size":"auto","background-attachment":"scroll","background-type":"","background-media":"","overlay-type":"","overlay-color":"","overlay-opacity":"","overlay-gradient":""},"tablet":{"background-color":"var(--ast-global-color-5)","background-image":"","background-repeat":"repeat","background-position":"center center","background-size":"auto","background-attachment":"scroll","background-type":"","background-media":"","overlay-type":"","overlay-color":"","overlay-opacity":"","overlay-gradient":""},"mobile":{"background-color":"var(--ast-global-color-5)","background-image":"","background-repeat":"repeat","background-position":"center center","background-size":"auto","background-attachment":"scroll","background-type":"","background-media":"","overlay-type":"","overlay-color":"","overlay-opacity":"","overlay-gradient":""}},"footnotes":""},"class_list":["post-2125","page","type-page","status-publish","hentry"],"yoast_head":"<!-- This site is optimized with the Yoast SEO plugin v27.5 - https:\/\/yoast.com\/product\/yoast-seo-wordpress\/ -->\n<title>Check Point - Provision-ISR-Sverige<\/title>\n<meta name=\"robots\" content=\"index, follow, max-snippet:-1, max-image-preview:large, max-video-preview:-1\" \/>\n<link rel=\"canonical\" href=\"https:\/\/provision-isr-sverige.se\/en\/check-point-2\/\" \/>\n<meta property=\"og:locale\" content=\"en_GB\" \/>\n<meta property=\"og:type\" content=\"article\" \/>\n<meta property=\"og:title\" content=\"Check Point - Provision-ISR-Sverige\" \/>\n<meta property=\"og:description\" content=\"https:\/\/www.youtube.com\/watch?v=yJnceSk0ZM4 Check Point! Check Point Software Technologies Ltd. (www.checkpoint.com) \u00e4r en ledande leverant\u00f6r av cybers\u00e4kerhetsl\u00f6sningar till f\u00f6retag och regeringar globalt. Check Point Infinitys portf\u00f6lj av l\u00f6sningar skyddar f\u00f6retag och offentliga organisationer fr\u00e5n 5:e generationens cyberattacker med en branschledande f\u00e5ngsthastighet av skadlig programvara, ransomware och andra hot. Infinity best\u00e5r av tre k\u00e4rnpelare som levererar kompromissl\u00f6s s\u00e4kerhet [&hellip;]\" \/>\n<meta property=\"og:url\" content=\"https:\/\/provision-isr-sverige.se\/en\/check-point-2\/\" \/>\n<meta property=\"og:site_name\" content=\"Provision-ISR-Sverige\" \/>\n<meta property=\"article:modified_time\" content=\"2024-04-03T13:47:08+00:00\" \/>\n<meta property=\"og:image\" content=\"https:\/\/provision-isr-sverige.se\/wp-content\/uploads\/2024\/04\/check-point.png\" \/>\n\t<meta property=\"og:image:width\" content=\"1853\" \/>\n\t<meta property=\"og:image:height\" content=\"546\" \/>\n\t<meta property=\"og:image:type\" content=\"image\/png\" \/>\n<meta name=\"twitter:card\" content=\"summary_large_image\" \/>\n<meta name=\"twitter:label1\" content=\"Estimated reading time\" \/>\n\t<meta name=\"twitter:data1\" content=\"1 minute\" \/>\n<script type=\"application\/ld+json\" class=\"yoast-schema-graph\">{\"@context\":\"https:\\\/\\\/schema.org\",\"@graph\":[{\"@type\":\"WebPage\",\"@id\":\"https:\\\/\\\/provision-isr-sverige.se\\\/check-point-2\\\/\",\"url\":\"https:\\\/\\\/provision-isr-sverige.se\\\/check-point-2\\\/\",\"name\":\"Check Point - Provision-ISR-Sverige\",\"isPartOf\":{\"@id\":\"https:\\\/\\\/provision-isr-sverige.se\\\/#website\"},\"primaryImageOfPage\":{\"@id\":\"https:\\\/\\\/provision-isr-sverige.se\\\/check-point-2\\\/#primaryimage\"},\"image\":{\"@id\":\"https:\\\/\\\/provision-isr-sverige.se\\\/check-point-2\\\/#primaryimage\"},\"thumbnailUrl\":\"https:\\\/\\\/provision-isr-sverige.se\\\/wp-content\\\/uploads\\\/2024\\\/04\\\/check-point.png\",\"datePublished\":\"2024-02-01T12:54:29+00:00\",\"dateModified\":\"2024-04-03T13:47:08+00:00\",\"breadcrumb\":{\"@id\":\"https:\\\/\\\/provision-isr-sverige.se\\\/check-point-2\\\/#breadcrumb\"},\"inLanguage\":\"en-GB\",\"potentialAction\":[{\"@type\":\"ReadAction\",\"target\":[\"https:\\\/\\\/provision-isr-sverige.se\\\/check-point-2\\\/\"]}]},{\"@type\":\"ImageObject\",\"inLanguage\":\"en-GB\",\"@id\":\"https:\\\/\\\/provision-isr-sverige.se\\\/check-point-2\\\/#primaryimage\",\"url\":\"https:\\\/\\\/provision-isr-sverige.se\\\/wp-content\\\/uploads\\\/2024\\\/04\\\/check-point.png\",\"contentUrl\":\"https:\\\/\\\/provision-isr-sverige.se\\\/wp-content\\\/uploads\\\/2024\\\/04\\\/check-point.png\"},{\"@type\":\"BreadcrumbList\",\"@id\":\"https:\\\/\\\/provision-isr-sverige.se\\\/check-point-2\\\/#breadcrumb\",\"itemListElement\":[{\"@type\":\"ListItem\",\"position\":1,\"name\":\"Hem\",\"item\":\"https:\\\/\\\/provision-isr-sverige.se\\\/\"},{\"@type\":\"ListItem\",\"position\":2,\"name\":\"Check Point\"}]},{\"@type\":\"WebSite\",\"@id\":\"https:\\\/\\\/provision-isr-sverige.se\\\/#website\",\"url\":\"https:\\\/\\\/provision-isr-sverige.se\\\/\",\"name\":\"Provision-ISR-Sverige\",\"description\":\"provision-isr-sverige.se\",\"publisher\":{\"@id\":\"https:\\\/\\\/provision-isr-sverige.se\\\/#organization\"},\"potentialAction\":[{\"@type\":\"SearchAction\",\"target\":{\"@type\":\"EntryPoint\",\"urlTemplate\":\"https:\\\/\\\/provision-isr-sverige.se\\\/?s={search_term_string}\"},\"query-input\":{\"@type\":\"PropertyValueSpecification\",\"valueRequired\":true,\"valueName\":\"search_term_string\"}}],\"inLanguage\":\"en-GB\"},{\"@type\":\"Organization\",\"@id\":\"https:\\\/\\\/provision-isr-sverige.se\\\/#organization\",\"name\":\"Provision-ISR-Sverige\",\"url\":\"https:\\\/\\\/provision-isr-sverige.se\\\/\",\"logo\":{\"@type\":\"ImageObject\",\"inLanguage\":\"en-GB\",\"@id\":\"https:\\\/\\\/provision-isr-sverige.se\\\/#\\\/schema\\\/logo\\\/image\\\/\",\"url\":\"https:\\\/\\\/provision-isr-sverige.se\\\/wp-content\\\/uploads\\\/2025\\\/02\\\/newpdflogo-1024x323-1.webp\",\"contentUrl\":\"https:\\\/\\\/provision-isr-sverige.se\\\/wp-content\\\/uploads\\\/2025\\\/02\\\/newpdflogo-1024x323-1.webp\",\"width\":1024,\"height\":323,\"caption\":\"Provision-ISR-Sverige\"},\"image\":{\"@id\":\"https:\\\/\\\/provision-isr-sverige.se\\\/#\\\/schema\\\/logo\\\/image\\\/\"}}]}<\/script>\n<!-- \/ Yoast SEO plugin. -->","yoast_head_json":{"title":"Check Point - Provision-ISR-Sverige","robots":{"index":"index","follow":"follow","max-snippet":"max-snippet:-1","max-image-preview":"max-image-preview:large","max-video-preview":"max-video-preview:-1"},"canonical":"https:\/\/provision-isr-sverige.se\/en\/check-point-2\/","og_locale":"en_GB","og_type":"article","og_title":"Check Point - Provision-ISR-Sverige","og_description":"https:\/\/www.youtube.com\/watch?v=yJnceSk0ZM4 Check Point! Check Point Software Technologies Ltd. (www.checkpoint.com) \u00e4r en ledande leverant\u00f6r av cybers\u00e4kerhetsl\u00f6sningar till f\u00f6retag och regeringar globalt. Check Point Infinitys portf\u00f6lj av l\u00f6sningar skyddar f\u00f6retag och offentliga organisationer fr\u00e5n 5:e generationens cyberattacker med en branschledande f\u00e5ngsthastighet av skadlig programvara, ransomware och andra hot. Infinity best\u00e5r av tre k\u00e4rnpelare som levererar kompromissl\u00f6s s\u00e4kerhet [&hellip;]","og_url":"https:\/\/provision-isr-sverige.se\/en\/check-point-2\/","og_site_name":"Provision-ISR-Sverige","article_modified_time":"2024-04-03T13:47:08+00:00","og_image":[{"width":1853,"height":546,"url":"https:\/\/provision-isr-sverige.se\/wp-content\/uploads\/2024\/04\/check-point.png","type":"image\/png"}],"twitter_card":"summary_large_image","twitter_misc":{"Estimated reading time":"1 minute"},"schema":{"@context":"https:\/\/schema.org","@graph":[{"@type":"WebPage","@id":"https:\/\/provision-isr-sverige.se\/check-point-2\/","url":"https:\/\/provision-isr-sverige.se\/check-point-2\/","name":"Check Point - Provision-ISR-Sverige","isPartOf":{"@id":"https:\/\/provision-isr-sverige.se\/#website"},"primaryImageOfPage":{"@id":"https:\/\/provision-isr-sverige.se\/check-point-2\/#primaryimage"},"image":{"@id":"https:\/\/provision-isr-sverige.se\/check-point-2\/#primaryimage"},"thumbnailUrl":"https:\/\/provision-isr-sverige.se\/wp-content\/uploads\/2024\/04\/check-point.png","datePublished":"2024-02-01T12:54:29+00:00","dateModified":"2024-04-03T13:47:08+00:00","breadcrumb":{"@id":"https:\/\/provision-isr-sverige.se\/check-point-2\/#breadcrumb"},"inLanguage":"en-GB","potentialAction":[{"@type":"ReadAction","target":["https:\/\/provision-isr-sverige.se\/check-point-2\/"]}]},{"@type":"ImageObject","inLanguage":"en-GB","@id":"https:\/\/provision-isr-sverige.se\/check-point-2\/#primaryimage","url":"https:\/\/provision-isr-sverige.se\/wp-content\/uploads\/2024\/04\/check-point.png","contentUrl":"https:\/\/provision-isr-sverige.se\/wp-content\/uploads\/2024\/04\/check-point.png"},{"@type":"BreadcrumbList","@id":"https:\/\/provision-isr-sverige.se\/check-point-2\/#breadcrumb","itemListElement":[{"@type":"ListItem","position":1,"name":"Hem","item":"https:\/\/provision-isr-sverige.se\/"},{"@type":"ListItem","position":2,"name":"Check Point"}]},{"@type":"WebSite","@id":"https:\/\/provision-isr-sverige.se\/#website","url":"https:\/\/provision-isr-sverige.se\/","name":"Provision-ISR-Sverige","description":"provision-isr-sverige.se","publisher":{"@id":"https:\/\/provision-isr-sverige.se\/#organization"},"potentialAction":[{"@type":"SearchAction","target":{"@type":"EntryPoint","urlTemplate":"https:\/\/provision-isr-sverige.se\/?s={search_term_string}"},"query-input":{"@type":"PropertyValueSpecification","valueRequired":true,"valueName":"search_term_string"}}],"inLanguage":"en-GB"},{"@type":"Organization","@id":"https:\/\/provision-isr-sverige.se\/#organization","name":"Provision-ISR-Sverige","url":"https:\/\/provision-isr-sverige.se\/","logo":{"@type":"ImageObject","inLanguage":"en-GB","@id":"https:\/\/provision-isr-sverige.se\/#\/schema\/logo\/image\/","url":"https:\/\/provision-isr-sverige.se\/wp-content\/uploads\/2025\/02\/newpdflogo-1024x323-1.webp","contentUrl":"https:\/\/provision-isr-sverige.se\/wp-content\/uploads\/2025\/02\/newpdflogo-1024x323-1.webp","width":1024,"height":323,"caption":"Provision-ISR-Sverige"},"image":{"@id":"https:\/\/provision-isr-sverige.se\/#\/schema\/logo\/image\/"}}]}},"_links":{"self":[{"href":"https:\/\/provision-isr-sverige.se\/en\/wp-json\/wp\/v2\/pages\/2125","targetHints":{"allow":["GET"]}}],"collection":[{"href":"https:\/\/provision-isr-sverige.se\/en\/wp-json\/wp\/v2\/pages"}],"about":[{"href":"https:\/\/provision-isr-sverige.se\/en\/wp-json\/wp\/v2\/types\/page"}],"author":[{"embeddable":true,"href":"https:\/\/provision-isr-sverige.se\/en\/wp-json\/wp\/v2\/users\/2"}],"replies":[{"embeddable":true,"href":"https:\/\/provision-isr-sverige.se\/en\/wp-json\/wp\/v2\/comments?post=2125"}],"version-history":[{"count":52,"href":"https:\/\/provision-isr-sverige.se\/en\/wp-json\/wp\/v2\/pages\/2125\/revisions"}],"predecessor-version":[{"id":5121,"href":"https:\/\/provision-isr-sverige.se\/en\/wp-json\/wp\/v2\/pages\/2125\/revisions\/5121"}],"wp:attachment":[{"href":"https:\/\/provision-isr-sverige.se\/en\/wp-json\/wp\/v2\/media?parent=2125"}],"curies":[{"name":"wp","href":"https:\/\/api.w.org\/{rel}","templated":true}]}}