{"id":1629,"date":"2023-11-08T13:03:29","date_gmt":"2023-11-08T13:03:29","guid":{"rendered":"https:\/\/safe-tech.se\/?page_id=1629"},"modified":"2024-03-19T12:07:56","modified_gmt":"2024-03-19T12:07:56","slug":"safe-tech-4g","status":"publish","type":"page","link":"https:\/\/provision-isr-sverige.se\/en\/safe-tech-4g\/","title":{"rendered":"Safe tech 4G"},"content":{"rendered":"<div data-elementor-type=\"wp-page\" data-elementor-id=\"1629\" class=\"elementor elementor-1629\" data-elementor-post-type=\"page\">\n\t\t\t\t\t\t<section class=\"elementor-section elementor-top-section elementor-element elementor-element-26239f74 elementor-section-height-min-height elementor-section-boxed elementor-section-height-default elementor-section-items-middle\" data-id=\"26239f74\" data-element_type=\"section\" data-e-type=\"section\" data-settings=\"{&quot;background_background&quot;:&quot;classic&quot;}\">\n\t\t\t\t\t\t\t<div class=\"elementor-background-overlay\"><\/div>\n\t\t\t\t\t\t\t<div class=\"elementor-container elementor-column-gap-default\">\n\t\t\t\t\t<div class=\"elementor-column elementor-col-100 elementor-top-column elementor-element elementor-element-4374c1db\" data-id=\"4374c1db\" data-element_type=\"column\" data-e-type=\"column\">\n\t\t\t<div class=\"elementor-widget-wrap elementor-element-populated\">\n\t\t\t\t\t\t<div class=\"elementor-element elementor-element-1d2f8b05 elementor-widget elementor-widget-heading\" data-id=\"1d2f8b05\" data-element_type=\"widget\" data-e-type=\"widget\" data-widget_type=\"heading.default\">\n\t\t\t\t<div class=\"elementor-widget-container\">\n\t\t\t\t\t<h1 class=\"elementor-heading-title elementor-size-default\">Safe tech 4G<\/h1>\t\t\t\t<\/div>\n\t\t\t\t<\/div>\n\t\t\t\t\t<\/div>\n\t\t<\/div>\n\t\t\t\t\t<\/div>\n\t\t<\/section>\n\t\t\t\t<section class=\"elementor-section elementor-top-section elementor-element elementor-element-fcb9221 elementor-section-boxed elementor-section-height-default elementor-section-height-default\" data-id=\"fcb9221\" data-element_type=\"section\" data-e-type=\"section\" data-settings=\"{&quot;background_background&quot;:&quot;classic&quot;}\">\n\t\t\t\t\t\t<div class=\"elementor-container elementor-column-gap-default\">\n\t\t\t\t\t<div class=\"elementor-column elementor-col-50 elementor-top-column elementor-element elementor-element-5bf0f802\" data-id=\"5bf0f802\" data-element_type=\"column\" data-e-type=\"column\">\n\t\t\t<div class=\"elementor-widget-wrap elementor-element-populated\">\n\t\t\t\t\t\t<div class=\"elementor-element elementor-element-47414d33 elementor-widget elementor-widget-heading\" data-id=\"47414d33\" data-element_type=\"widget\" data-e-type=\"widget\" data-widget_type=\"heading.default\">\n\t\t\t\t<div class=\"elementor-widget-container\">\n\t\t\t\t\t<h2 class=\"elementor-heading-title elementor-size-default\">Camera Housing<\/h2>\t\t\t\t<\/div>\n\t\t\t\t<\/div>\n\t\t\t\t<div class=\"elementor-element elementor-element-1080e55a elementor-widget-divider--view-line elementor-widget elementor-widget-divider\" data-id=\"1080e55a\" data-element_type=\"widget\" data-e-type=\"widget\" data-widget_type=\"divider.default\">\n\t\t\t\t<div class=\"elementor-widget-container\">\n\t\t\t\t\t\t\t<div class=\"elementor-divider\">\n\t\t\t<span class=\"elementor-divider-separator\">\n\t\t\t\t\t\t<\/span>\n\t\t<\/div>\n\t\t\t\t\t\t<\/div>\n\t\t\t\t<\/div>\n\t\t\t\t<div class=\"elementor-element elementor-element-7e1071b7 elementor-widget elementor-widget-text-editor\" data-id=\"7e1071b7\" data-element_type=\"widget\" data-e-type=\"widget\" data-widget_type=\"text-editor.default\">\n\t\t\t\t<div class=\"elementor-widget-container\">\n\t\t\t\t\t\t\t\t\t<p>Camera enclosure with built-in 4G router\/modem!<\/p>\t\t\t\t\t\t\t\t<\/div>\n\t\t\t\t<\/div>\n\t\t\t\t<div class=\"elementor-element elementor-element-587dd405 elementor-align-left elementor-mobile-align-center elementor-widget elementor-widget-button\" data-id=\"587dd405\" data-element_type=\"widget\" data-e-type=\"widget\" data-widget_type=\"button.default\">\n\t\t\t\t<div class=\"elementor-widget-container\">\n\t\t\t\t\t\t\t\t\t<div class=\"elementor-button-wrapper\">\n\t\t\t\t\t<a class=\"elementor-button elementor-button-link elementor-size-sm\" href=\"\/en\/kontakt\/\">\n\t\t\t\t\t\t<span class=\"elementor-button-content-wrapper\">\n\t\t\t\t\t\t<span class=\"elementor-button-icon\">\n\t\t\t\t<i aria-hidden=\"true\" class=\"fas fa-long-arrow-alt-right\"><\/i>\t\t\t<\/span>\n\t\t\t\t\t\t\t\t\t<span class=\"elementor-button-text\">Contact Us<\/span>\n\t\t\t\t\t<\/span>\n\t\t\t\t\t<\/a>\n\t\t\t\t<\/div>\n\t\t\t\t\t\t\t\t<\/div>\n\t\t\t\t<\/div>\n\t\t\t\t\t<\/div>\n\t\t<\/div>\n\t\t\t\t<div class=\"elementor-column elementor-col-50 elementor-top-column elementor-element elementor-element-5529d790\" data-id=\"5529d790\" data-element_type=\"column\" data-e-type=\"column\">\n\t\t\t<div class=\"elementor-widget-wrap elementor-element-populated\">\n\t\t\t\t\t\t<div class=\"elementor-element elementor-element-2480b803 elementor-widget elementor-widget-image\" data-id=\"2480b803\" data-element_type=\"widget\" data-e-type=\"widget\" data-widget_type=\"image.default\">\n\t\t\t\t<div class=\"elementor-widget-container\">\n\t\t\t\t\t\t\t\t\t\t\t\t\t\t\t<img fetchpriority=\"high\" decoding=\"async\" width=\"480\" height=\"640\" src=\"https:\/\/provision-isr-sverige.se\/wp-content\/uploads\/2024\/03\/1.jpg\" class=\"attachment-full size-full wp-image-4570\" alt=\"1\" srcset=\"https:\/\/provision-isr-sverige.se\/wp-content\/uploads\/2024\/03\/1.jpg 480w, https:\/\/provision-isr-sverige.se\/wp-content\/uploads\/2024\/03\/1-225x300.jpg 225w, https:\/\/provision-isr-sverige.se\/wp-content\/uploads\/2024\/03\/1-9x12.jpg 9w\" sizes=\"(max-width: 480px) 100vw, 480px\" \/>\t\t\t\t\t\t\t\t\t\t\t\t\t\t\t<\/div>\n\t\t\t\t<\/div>\n\t\t\t\t\t<\/div>\n\t\t<\/div>\n\t\t\t\t\t<\/div>\n\t\t<\/section>\n\t\t\t\t<section class=\"elementor-section elementor-top-section elementor-element elementor-element-43fa868d elementor-section-boxed elementor-section-height-default elementor-section-height-default\" data-id=\"43fa868d\" data-element_type=\"section\" data-e-type=\"section\" data-settings=\"{&quot;background_background&quot;:&quot;classic&quot;}\">\n\t\t\t\t\t\t<div class=\"elementor-container elementor-column-gap-default\">\n\t\t\t\t\t<div class=\"elementor-column elementor-col-50 elementor-top-column elementor-element elementor-element-5142a98a\" data-id=\"5142a98a\" data-element_type=\"column\" data-e-type=\"column\">\n\t\t\t<div class=\"elementor-widget-wrap elementor-element-populated\">\n\t\t\t\t\t\t<div class=\"elementor-element elementor-element-3dc69a3e elementor-widget elementor-widget-heading\" data-id=\"3dc69a3e\" data-element_type=\"widget\" data-e-type=\"widget\" data-widget_type=\"heading.default\">\n\t\t\t\t<div class=\"elementor-widget-container\">\n\t\t\t\t\t<h2 class=\"elementor-heading-title elementor-size-default\">For professional use.<\/h2>\t\t\t\t<\/div>\n\t\t\t\t<\/div>\n\t\t\t\t<div class=\"elementor-element elementor-element-3e3b0365 elementor-widget-divider--view-line elementor-widget elementor-widget-divider\" data-id=\"3e3b0365\" data-element_type=\"widget\" data-e-type=\"widget\" data-widget_type=\"divider.default\">\n\t\t\t\t<div class=\"elementor-widget-container\">\n\t\t\t\t\t\t\t<div class=\"elementor-divider\">\n\t\t\t<span class=\"elementor-divider-separator\">\n\t\t\t\t\t\t<\/span>\n\t\t<\/div>\n\t\t\t\t\t\t<\/div>\n\t\t\t\t<\/div>\n\t\t\t\t<div class=\"elementor-element elementor-element-7da9d05b elementor-widget elementor-widget-text-editor\" data-id=\"7da9d05b\" data-element_type=\"widget\" data-e-type=\"widget\" data-widget_type=\"text-editor.default\">\n\t\t\t\t<div class=\"elementor-widget-container\">\n\t\t\t\t\t\t\t\t\t<p>Secure industrial 4G\/LTE WLAN router for professional use.<br \/>The mobile router provides high performance for business-critical mobile communications in tough and dangerous environments where a high operating temperature is required.<\/p>\t\t\t\t\t\t\t\t<\/div>\n\t\t\t\t<\/div>\n\t\t\t\t<div class=\"elementor-element elementor-element-451b0b36 elementor-align-left elementor-mobile-align-center elementor-widget elementor-widget-button\" data-id=\"451b0b36\" data-element_type=\"widget\" data-e-type=\"widget\" data-widget_type=\"button.default\">\n\t\t\t\t<div class=\"elementor-widget-container\">\n\t\t\t\t\t\t\t\t\t<div class=\"elementor-button-wrapper\">\n\t\t\t\t\t<a class=\"elementor-button elementor-button-link elementor-size-sm\" href=\"\/en\/kontakt\/\">\n\t\t\t\t\t\t<span class=\"elementor-button-content-wrapper\">\n\t\t\t\t\t\t<span class=\"elementor-button-icon\">\n\t\t\t\t<i aria-hidden=\"true\" class=\"fas fa-long-arrow-alt-right\"><\/i>\t\t\t<\/span>\n\t\t\t\t\t\t\t\t\t<span class=\"elementor-button-text\">Contact Us<\/span>\n\t\t\t\t\t<\/span>\n\t\t\t\t\t<\/a>\n\t\t\t\t<\/div>\n\t\t\t\t\t\t\t\t<\/div>\n\t\t\t\t<\/div>\n\t\t\t\t\t<\/div>\n\t\t<\/div>\n\t\t\t\t<div class=\"elementor-column elementor-col-50 elementor-top-column elementor-element elementor-element-6e949069\" data-id=\"6e949069\" data-element_type=\"column\" data-e-type=\"column\">\n\t\t\t<div class=\"elementor-widget-wrap elementor-element-populated\">\n\t\t\t\t\t\t<div class=\"elementor-element elementor-element-6c47cfbd elementor-widget elementor-widget-image\" data-id=\"6c47cfbd\" data-element_type=\"widget\" data-e-type=\"widget\" data-widget_type=\"image.default\">\n\t\t\t\t<div class=\"elementor-widget-container\">\n\t\t\t\t\t\t\t\t\t\t\t\t\t\t\t<img decoding=\"async\" width=\"480\" height=\"640\" src=\"https:\/\/provision-isr-sverige.se\/wp-content\/uploads\/2024\/03\/3.jpg\" class=\"attachment-full size-full wp-image-4424\" alt=\"3\" srcset=\"https:\/\/provision-isr-sverige.se\/wp-content\/uploads\/2024\/03\/3.jpg 480w, https:\/\/provision-isr-sverige.se\/wp-content\/uploads\/2024\/03\/3-225x300.jpg 225w, https:\/\/provision-isr-sverige.se\/wp-content\/uploads\/2024\/03\/3-9x12.jpg 9w\" sizes=\"(max-width: 480px) 100vw, 480px\" \/>\t\t\t\t\t\t\t\t\t\t\t\t\t\t\t<\/div>\n\t\t\t\t<\/div>\n\t\t\t\t\t<\/div>\n\t\t<\/div>\n\t\t\t\t\t<\/div>\n\t\t<\/section>\n\t\t\t\t<\/div>","protected":false},"excerpt":{"rendered":"<p>Safe-tech 4G Kamerakapsling Kamerakapsling med inbyggd 4G router\/modem! Kontakta oss F\u00f6r professionell anv\u00e4ndning. S\u00e4ker industriell 4G\/LTE-WLAN-router f\u00f6r professionell anv\u00e4ndning.Den mobila routern ger h\u00f6g prestanda f\u00f6r aff\u00e4rskritisk mobilkommunikation i tuffa och farliga milj\u00f6er d\u00e4r en h\u00f6g drifttemperatur kr\u00e4vs. Kontakta oss<\/p>","protected":false},"author":1,"featured_media":0,"parent":0,"menu_order":0,"comment_status":"closed","ping_status":"closed","template":"","meta":{"site-sidebar-layout":"no-sidebar","site-content-layout":"","ast-site-content-layout":"full-width-container","site-content-style":"default","site-sidebar-style":"default","ast-global-header-display":"","ast-banner-title-visibility":"","ast-main-header-display":"","ast-hfb-above-header-display":"","ast-hfb-below-header-display":"","ast-hfb-mobile-header-display":"","site-post-title":"disabled","ast-breadcrumbs-content":"","ast-featured-img":"disabled","footer-sml-layout":"","ast-disable-related-posts":"","theme-transparent-header-meta":"","adv-header-id-meta":"","stick-header-meta":"","header-above-stick-meta":"","header-main-stick-meta":"","header-below-stick-meta":"","astra-migrate-meta-layouts":"default","ast-page-background-enabled":"default","ast-page-background-meta":{"desktop":{"background-color":"var(--ast-global-color-4)","background-image":"","background-repeat":"repeat","background-position":"center center","background-size":"auto","background-attachment":"scroll","background-type":"","background-media":"","overlay-type":"","overlay-color":"","overlay-opacity":"","overlay-gradient":""},"tablet":{"background-color":"","background-image":"","background-repeat":"repeat","background-position":"center center","background-size":"auto","background-attachment":"scroll","background-type":"","background-media":"","overlay-type":"","overlay-color":"","overlay-opacity":"","overlay-gradient":""},"mobile":{"background-color":"","background-image":"","background-repeat":"repeat","background-position":"center center","background-size":"auto","background-attachment":"scroll","background-type":"","background-media":"","overlay-type":"","overlay-color":"","overlay-opacity":"","overlay-gradient":""}},"ast-content-background-meta":{"desktop":{"background-color":"var(--ast-global-color-5)","background-image":"","background-repeat":"repeat","background-position":"center center","background-size":"auto","background-attachment":"scroll","background-type":"","background-media":"","overlay-type":"","overlay-color":"","overlay-opacity":"","overlay-gradient":""},"tablet":{"background-color":"var(--ast-global-color-5)","background-image":"","background-repeat":"repeat","background-position":"center center","background-size":"auto","background-attachment":"scroll","background-type":"","background-media":"","overlay-type":"","overlay-color":"","overlay-opacity":"","overlay-gradient":""},"mobile":{"background-color":"var(--ast-global-color-5)","background-image":"","background-repeat":"repeat","background-position":"center center","background-size":"auto","background-attachment":"scroll","background-type":"","background-media":"","overlay-type":"","overlay-color":"","overlay-opacity":"","overlay-gradient":""}},"footnotes":""},"class_list":["post-1629","page","type-page","status-publish","hentry"],"yoast_head":"<!-- This site is optimized with the Yoast SEO plugin v27.5 - https:\/\/yoast.com\/product\/yoast-seo-wordpress\/ -->\n<title>Safe-tech 4G - Provision-ISR-Sverige<\/title>\n<meta name=\"robots\" content=\"index, follow, max-snippet:-1, max-image-preview:large, max-video-preview:-1\" \/>\n<link rel=\"canonical\" href=\"https:\/\/provision-isr-sverige.se\/en\/safe-tech-4g\/\" \/>\n<meta property=\"og:locale\" content=\"en_GB\" \/>\n<meta property=\"og:type\" content=\"article\" \/>\n<meta property=\"og:title\" content=\"Safe-tech 4G - Provision-ISR-Sverige\" \/>\n<meta property=\"og:description\" content=\"Safe-tech 4G Kamerakapsling Kamerakapsling med inbyggd 4G router\/modem! Kontakta oss F\u00f6r professionell anv\u00e4ndning. S\u00e4ker industriell 4G\/LTE-WLAN-router f\u00f6r professionell anv\u00e4ndning.Den mobila routern ger h\u00f6g prestanda f\u00f6r aff\u00e4rskritisk mobilkommunikation i tuffa och farliga milj\u00f6er d\u00e4r en h\u00f6g drifttemperatur kr\u00e4vs. Kontakta oss\" \/>\n<meta property=\"og:url\" content=\"https:\/\/provision-isr-sverige.se\/en\/safe-tech-4g\/\" \/>\n<meta property=\"og:site_name\" content=\"Provision-ISR-Sverige\" \/>\n<meta property=\"article:modified_time\" content=\"2024-03-19T12:07:56+00:00\" \/>\n<meta property=\"og:image\" content=\"https:\/\/provision-isr-sverige.se\/wp-content\/uploads\/2024\/03\/1.jpg\" \/>\n\t<meta property=\"og:image:width\" content=\"480\" \/>\n\t<meta property=\"og:image:height\" content=\"640\" \/>\n\t<meta property=\"og:image:type\" content=\"image\/jpeg\" \/>\n<meta name=\"twitter:card\" content=\"summary_large_image\" \/>\n<script type=\"application\/ld+json\" class=\"yoast-schema-graph\">{\"@context\":\"https:\\\/\\\/schema.org\",\"@graph\":[{\"@type\":\"WebPage\",\"@id\":\"https:\\\/\\\/provision-isr-sverige.se\\\/safe-tech-4g\\\/\",\"url\":\"https:\\\/\\\/provision-isr-sverige.se\\\/safe-tech-4g\\\/\",\"name\":\"Safe-tech 4G - Provision-ISR-Sverige\",\"isPartOf\":{\"@id\":\"https:\\\/\\\/provision-isr-sverige.se\\\/#website\"},\"primaryImageOfPage\":{\"@id\":\"https:\\\/\\\/provision-isr-sverige.se\\\/safe-tech-4g\\\/#primaryimage\"},\"image\":{\"@id\":\"https:\\\/\\\/provision-isr-sverige.se\\\/safe-tech-4g\\\/#primaryimage\"},\"thumbnailUrl\":\"https:\\\/\\\/provision-isr-sverige.se\\\/wp-content\\\/uploads\\\/2024\\\/03\\\/1.jpg\",\"datePublished\":\"2023-11-08T13:03:29+00:00\",\"dateModified\":\"2024-03-19T12:07:56+00:00\",\"breadcrumb\":{\"@id\":\"https:\\\/\\\/provision-isr-sverige.se\\\/safe-tech-4g\\\/#breadcrumb\"},\"inLanguage\":\"en-GB\",\"potentialAction\":[{\"@type\":\"ReadAction\",\"target\":[\"https:\\\/\\\/provision-isr-sverige.se\\\/safe-tech-4g\\\/\"]}]},{\"@type\":\"ImageObject\",\"inLanguage\":\"en-GB\",\"@id\":\"https:\\\/\\\/provision-isr-sverige.se\\\/safe-tech-4g\\\/#primaryimage\",\"url\":\"https:\\\/\\\/provision-isr-sverige.se\\\/wp-content\\\/uploads\\\/2024\\\/03\\\/1.jpg\",\"contentUrl\":\"https:\\\/\\\/provision-isr-sverige.se\\\/wp-content\\\/uploads\\\/2024\\\/03\\\/1.jpg\"},{\"@type\":\"BreadcrumbList\",\"@id\":\"https:\\\/\\\/provision-isr-sverige.se\\\/safe-tech-4g\\\/#breadcrumb\",\"itemListElement\":[{\"@type\":\"ListItem\",\"position\":1,\"name\":\"Hem\",\"item\":\"https:\\\/\\\/provision-isr-sverige.se\\\/\"},{\"@type\":\"ListItem\",\"position\":2,\"name\":\"Safe-tech 4G\"}]},{\"@type\":\"WebSite\",\"@id\":\"https:\\\/\\\/provision-isr-sverige.se\\\/#website\",\"url\":\"https:\\\/\\\/provision-isr-sverige.se\\\/\",\"name\":\"Provision-ISR-Sverige\",\"description\":\"provision-isr-sverige.se\",\"publisher\":{\"@id\":\"https:\\\/\\\/provision-isr-sverige.se\\\/#organization\"},\"potentialAction\":[{\"@type\":\"SearchAction\",\"target\":{\"@type\":\"EntryPoint\",\"urlTemplate\":\"https:\\\/\\\/provision-isr-sverige.se\\\/?s={search_term_string}\"},\"query-input\":{\"@type\":\"PropertyValueSpecification\",\"valueRequired\":true,\"valueName\":\"search_term_string\"}}],\"inLanguage\":\"en-GB\"},{\"@type\":\"Organization\",\"@id\":\"https:\\\/\\\/provision-isr-sverige.se\\\/#organization\",\"name\":\"Provision-ISR-Sverige\",\"url\":\"https:\\\/\\\/provision-isr-sverige.se\\\/\",\"logo\":{\"@type\":\"ImageObject\",\"inLanguage\":\"en-GB\",\"@id\":\"https:\\\/\\\/provision-isr-sverige.se\\\/#\\\/schema\\\/logo\\\/image\\\/\",\"url\":\"https:\\\/\\\/provision-isr-sverige.se\\\/wp-content\\\/uploads\\\/2025\\\/02\\\/newpdflogo-1024x323-1.webp\",\"contentUrl\":\"https:\\\/\\\/provision-isr-sverige.se\\\/wp-content\\\/uploads\\\/2025\\\/02\\\/newpdflogo-1024x323-1.webp\",\"width\":1024,\"height\":323,\"caption\":\"Provision-ISR-Sverige\"},\"image\":{\"@id\":\"https:\\\/\\\/provision-isr-sverige.se\\\/#\\\/schema\\\/logo\\\/image\\\/\"}}]}<\/script>\n<!-- \/ Yoast SEO plugin. -->","yoast_head_json":{"title":"Safe-tech 4G - Provision-ISR-Sverige","robots":{"index":"index","follow":"follow","max-snippet":"max-snippet:-1","max-image-preview":"max-image-preview:large","max-video-preview":"max-video-preview:-1"},"canonical":"https:\/\/provision-isr-sverige.se\/en\/safe-tech-4g\/","og_locale":"en_GB","og_type":"article","og_title":"Safe-tech 4G - Provision-ISR-Sverige","og_description":"Safe-tech 4G Kamerakapsling Kamerakapsling med inbyggd 4G router\/modem! Kontakta oss F\u00f6r professionell anv\u00e4ndning. S\u00e4ker industriell 4G\/LTE-WLAN-router f\u00f6r professionell anv\u00e4ndning.Den mobila routern ger h\u00f6g prestanda f\u00f6r aff\u00e4rskritisk mobilkommunikation i tuffa och farliga milj\u00f6er d\u00e4r en h\u00f6g drifttemperatur kr\u00e4vs. Kontakta oss","og_url":"https:\/\/provision-isr-sverige.se\/en\/safe-tech-4g\/","og_site_name":"Provision-ISR-Sverige","article_modified_time":"2024-03-19T12:07:56+00:00","og_image":[{"width":480,"height":640,"url":"https:\/\/provision-isr-sverige.se\/wp-content\/uploads\/2024\/03\/1.jpg","type":"image\/jpeg"}],"twitter_card":"summary_large_image","schema":{"@context":"https:\/\/schema.org","@graph":[{"@type":"WebPage","@id":"https:\/\/provision-isr-sverige.se\/safe-tech-4g\/","url":"https:\/\/provision-isr-sverige.se\/safe-tech-4g\/","name":"Safe-tech 4G - Provision-ISR-Sverige","isPartOf":{"@id":"https:\/\/provision-isr-sverige.se\/#website"},"primaryImageOfPage":{"@id":"https:\/\/provision-isr-sverige.se\/safe-tech-4g\/#primaryimage"},"image":{"@id":"https:\/\/provision-isr-sverige.se\/safe-tech-4g\/#primaryimage"},"thumbnailUrl":"https:\/\/provision-isr-sverige.se\/wp-content\/uploads\/2024\/03\/1.jpg","datePublished":"2023-11-08T13:03:29+00:00","dateModified":"2024-03-19T12:07:56+00:00","breadcrumb":{"@id":"https:\/\/provision-isr-sverige.se\/safe-tech-4g\/#breadcrumb"},"inLanguage":"en-GB","potentialAction":[{"@type":"ReadAction","target":["https:\/\/provision-isr-sverige.se\/safe-tech-4g\/"]}]},{"@type":"ImageObject","inLanguage":"en-GB","@id":"https:\/\/provision-isr-sverige.se\/safe-tech-4g\/#primaryimage","url":"https:\/\/provision-isr-sverige.se\/wp-content\/uploads\/2024\/03\/1.jpg","contentUrl":"https:\/\/provision-isr-sverige.se\/wp-content\/uploads\/2024\/03\/1.jpg"},{"@type":"BreadcrumbList","@id":"https:\/\/provision-isr-sverige.se\/safe-tech-4g\/#breadcrumb","itemListElement":[{"@type":"ListItem","position":1,"name":"Hem","item":"https:\/\/provision-isr-sverige.se\/"},{"@type":"ListItem","position":2,"name":"Safe-tech 4G"}]},{"@type":"WebSite","@id":"https:\/\/provision-isr-sverige.se\/#website","url":"https:\/\/provision-isr-sverige.se\/","name":"Provision-ISR-Sverige","description":"provision-isr-sverige.se","publisher":{"@id":"https:\/\/provision-isr-sverige.se\/#organization"},"potentialAction":[{"@type":"SearchAction","target":{"@type":"EntryPoint","urlTemplate":"https:\/\/provision-isr-sverige.se\/?s={search_term_string}"},"query-input":{"@type":"PropertyValueSpecification","valueRequired":true,"valueName":"search_term_string"}}],"inLanguage":"en-GB"},{"@type":"Organization","@id":"https:\/\/provision-isr-sverige.se\/#organization","name":"Provision-ISR-Sverige","url":"https:\/\/provision-isr-sverige.se\/","logo":{"@type":"ImageObject","inLanguage":"en-GB","@id":"https:\/\/provision-isr-sverige.se\/#\/schema\/logo\/image\/","url":"https:\/\/provision-isr-sverige.se\/wp-content\/uploads\/2025\/02\/newpdflogo-1024x323-1.webp","contentUrl":"https:\/\/provision-isr-sverige.se\/wp-content\/uploads\/2025\/02\/newpdflogo-1024x323-1.webp","width":1024,"height":323,"caption":"Provision-ISR-Sverige"},"image":{"@id":"https:\/\/provision-isr-sverige.se\/#\/schema\/logo\/image\/"}}]}},"_links":{"self":[{"href":"https:\/\/provision-isr-sverige.se\/en\/wp-json\/wp\/v2\/pages\/1629","targetHints":{"allow":["GET"]}}],"collection":[{"href":"https:\/\/provision-isr-sverige.se\/en\/wp-json\/wp\/v2\/pages"}],"about":[{"href":"https:\/\/provision-isr-sverige.se\/en\/wp-json\/wp\/v2\/types\/page"}],"author":[{"embeddable":true,"href":"https:\/\/provision-isr-sverige.se\/en\/wp-json\/wp\/v2\/users\/1"}],"replies":[{"embeddable":true,"href":"https:\/\/provision-isr-sverige.se\/en\/wp-json\/wp\/v2\/comments?post=1629"}],"version-history":[{"count":7,"href":"https:\/\/provision-isr-sverige.se\/en\/wp-json\/wp\/v2\/pages\/1629\/revisions"}],"predecessor-version":[{"id":4573,"href":"https:\/\/provision-isr-sverige.se\/en\/wp-json\/wp\/v2\/pages\/1629\/revisions\/4573"}],"wp:attachment":[{"href":"https:\/\/provision-isr-sverige.se\/en\/wp-json\/wp\/v2\/media?parent=1629"}],"curies":[{"name":"wp","href":"https:\/\/api.w.org\/{rel}","templated":true}]}}